{"id":12028,"date":"2024-12-03T11:12:21","date_gmt":"2024-12-03T10:12:21","guid":{"rendered":"https:\/\/attiliozanetti.com\/?post_type=product&#038;p=12028"},"modified":"2025-10-13T17:20:33","modified_gmt":"2025-10-13T15:20:33","slug":"ring-diamonds-pave-4845","status":"publish","type":"product","link":"https:\/\/attiliozanetti.com\/de\/product\/ring-diamonds-pave-4845\/","title":{"rendered":"DIAMANTRING PAVE"},"content":{"rendered":"<p>Mod. AN 4845<\/p>\n<p class=\"p2\"><span style=\"color: #000000;\">Ring aus Wei\u00dfgold mit wei\u00dfen Naturdiamanten von insgesamt 2,16 ct.<\/span><\/p>\n<p class=\"p1\">","protected":false},"excerpt":{"rendered":"<p><span style=\"color: #000000;\">Mod. AN 4845<\/span><\/p>\n<p data-start=\"67\" data-end=\"346\"><span style=\"color: #000000;\">Ring aus Wei\u00dfgold mit wei\u00dfen Naturdiamanten von insgesamt 2,16 ct.<\/span><br data-start=\"143\" data-end=\"146\" \/><span style=\"color: #000000;\">Das breite, vollst\u00e4ndig mit Diamanten besetzte Band erzeugt einen intensiven und au\u00dfergew\u00f6hnlichen Lichteffekt, der die Kostbarkeit und Eleganz dieses Schmuckst\u00fccks mit starkem und modernem Charakter unterstreicht.<\/span><\/p>\n<p data-start=\"348\" data-end=\"359\"><span style=\"color: #000000;\">Einzelheiten:<\/span><\/p>\n<ul data-start=\"360\" data-end=\"412\">\n<li data-start=\"360\" data-end=\"374\">\n<p data-start=\"362\" data-end=\"374\"><span style=\"color: #000000;\">Wei\u00dfgold<\/span><\/p>\n<\/li>\n<li data-start=\"375\" data-end=\"412\">\n<p data-start=\"377\" data-end=\"412\"><span style=\"color: #000000;\">Wei\u00dfe nat\u00fcrliche Diamanten 2,16 ct<\/span><\/p>\n<\/li>\n<\/ul>\n<p data-start=\"414\" data-end=\"517\"><span style=\"color: #000000;\">Die Lieferzeiten k\u00f6nnen je nach Liefergebiet variieren und betragen maximal drei Wochen.<\/span><\/p>\n<p data-start=\"414\" data-end=\"517\"><a style=\"color: #bbb; text-decoration: underline;\" href=\"https:\/\/attiliozanetti.com\/wp-content\/uploads\/2025\/10\/dimensione-anelli-attilio-zanetti.pdf\" target=\"_blank\" rel=\"noopener\">GUIDA ALLE TAGLIE<\/a><\/p>\n<p data-start=\"519\" data-end=\"623\"><span style=\"color: #000000;\">Wenn Sie dieses Produkt aus einem Nicht-EU-Land kaufen m\u00f6chten, wenden Sie sich bitte direkt an uns: <a class=\"cursor-pointer\" style=\"color: #000000;\" rel=\"noopener\" data-start=\"598\" data-end=\"621\">info@attiliozanetti.com<\/a><\/span><\/p>","protected":false},"featured_media":12029,"comment_status":"closed","ping_status":"closed","template":"","meta":{"_monsterinsights_skip_tracking":false,"_monsterinsights_sitenote_active":false,"_monsterinsights_sitenote_note":"","_monsterinsights_sitenote_category":0},"product_brand":[],"product_cat":[78,90,70],"product_tag":[],"class_list":{"0":"post-12028","1":"product","2":"type-product","3":"status-publish","4":"has-post-thumbnail","6":"product_cat-anelli","7":"product_cat-anelli-2","8":"product_cat-i-diamanti","9":"nt-post-class","10":"","16":"first","17":"instock","18":"shipping-taxable","19":"purchasable","20":"product-type-variable"},"_links":{"self":[{"href":"https:\/\/attiliozanetti.com\/de\/wp-json\/wp\/v2\/product\/12028","targetHints":{"allow":["GET"]}}],"collection":[{"href":"https:\/\/attiliozanetti.com\/de\/wp-json\/wp\/v2\/product"}],"about":[{"href":"https:\/\/attiliozanetti.com\/de\/wp-json\/wp\/v2\/types\/product"}],"replies":[{"embeddable":true,"href":"https:\/\/attiliozanetti.com\/de\/wp-json\/wp\/v2\/comments?post=12028"}],"version-history":[{"count":5,"href":"https:\/\/attiliozanetti.com\/de\/wp-json\/wp\/v2\/product\/12028\/revisions"}],"predecessor-version":[{"id":17093,"href":"https:\/\/attiliozanetti.com\/de\/wp-json\/wp\/v2\/product\/12028\/revisions\/17093"}],"wp:featuredmedia":[{"embeddable":true,"href":"https:\/\/attiliozanetti.com\/de\/wp-json\/wp\/v2\/media\/12029"}],"wp:attachment":[{"href":"https:\/\/attiliozanetti.com\/de\/wp-json\/wp\/v2\/media?parent=12028"}],"wp:term":[{"taxonomy":"product_brand","embeddable":true,"href":"https:\/\/attiliozanetti.com\/de\/wp-json\/wp\/v2\/product_brand?post=12028"},{"taxonomy":"product_cat","embeddable":true,"href":"https:\/\/attiliozanetti.com\/de\/wp-json\/wp\/v2\/product_cat?post=12028"},{"taxonomy":"product_tag","embeddable":true,"href":"https:\/\/attiliozanetti.com\/de\/wp-json\/wp\/v2\/product_tag?post=12028"}],"curies":[{"name":"wp","href":"https:\/\/api.w.org\/{rel}","templated":true}]}}