{"id":12025,"date":"2024-12-03T11:06:05","date_gmt":"2024-12-03T10:06:05","guid":{"rendered":"https:\/\/attiliozanetti.com\/?post_type=product&#038;p=12025"},"modified":"2025-10-13T17:20:54","modified_gmt":"2025-10-13T15:20:54","slug":"ring-diamonds-drops-4805","status":"publish","type":"product","link":"https:\/\/attiliozanetti.com\/de\/product\/ring-diamonds-drops-4805\/","title":{"rendered":"DIAMANTRING TROPFEN"},"content":{"rendered":"<p>Mod. AN 4805<\/p>\n<p class=\"p2\"><span style=\"color: #000000;\">Ring aus Wei\u00dfgold mit wei\u00dfen Naturdiamanten von insgesamt 1,66 ct.<\/span><\/p>\n<p class=\"p1\">","protected":false},"excerpt":{"rendered":"<p><span style=\"color: #000000;\">Mod. AN 4805<\/span><\/p>\n<p data-start=\"79\" data-end=\"400\"><span style=\"color: #000000;\">Ring aus Wei\u00dfgold mit wei\u00dfen Naturdiamanten von insgesamt 1,66 ct.<\/span><br data-start=\"155\" data-end=\"158\" \/><span style=\"color: #000000;\">Das elegante und dynamische Design, das sich durch eine Mehrfachfassung auszeichnet, bei der Diamanten unterschiedlicher Gr\u00f6\u00dfe ineinandergreifen, erzeugt einen spektakul\u00e4ren und raffinierten Lichteffekt. Ein Schmuckst\u00fcck von gro\u00dfer Wirkung, das Leuchtkraft und Originalit\u00e4t vereint.<\/span><\/p>\n<p data-start=\"402\" data-end=\"413\"><span style=\"color: #000000;\">Einzelheiten:<\/span><\/p>\n<ul data-start=\"414\" data-end=\"466\">\n<li data-start=\"414\" data-end=\"428\">\n<p data-start=\"416\" data-end=\"428\"><span style=\"color: #000000;\">Wei\u00dfgold<\/span><\/p>\n<\/li>\n<li data-start=\"429\" data-end=\"466\">\n<p data-start=\"431\" data-end=\"466\"><span style=\"color: #000000;\">Wei\u00dfe nat\u00fcrliche Diamanten 1,66 Karat<\/span><\/p>\n<\/li>\n<\/ul>\n<p data-start=\"468\" data-end=\"571\"><span style=\"color: #000000;\">Die Lieferzeiten k\u00f6nnen je nach Liefergebiet variieren und betragen maximal drei Wochen.<\/span><\/p>\n<p data-start=\"468\" data-end=\"571\"><a style=\"color: #bbb; text-decoration: underline;\" href=\"https:\/\/attiliozanetti.com\/wp-content\/uploads\/2025\/10\/dimensione-anelli-attilio-zanetti.pdf\" target=\"_blank\" rel=\"noopener\">GUIDA ALLE TAGLIE<\/a><\/p>\n<p data-start=\"573\" data-end=\"677\"><span style=\"color: #000000;\">Wenn Sie dieses Produkt aus einem Nicht-EU-Land kaufen m\u00f6chten, wenden Sie sich bitte direkt an uns: <a class=\"cursor-pointer\" style=\"color: #000000;\" rel=\"noopener\" data-start=\"652\" data-end=\"675\">info@attiliozanetti.com<\/a><\/span><\/p>","protected":false},"featured_media":12026,"comment_status":"closed","ping_status":"closed","template":"","meta":{"_monsterinsights_skip_tracking":false,"_monsterinsights_sitenote_active":false,"_monsterinsights_sitenote_note":"","_monsterinsights_sitenote_category":0},"product_brand":[],"product_cat":[78,90,70],"product_tag":[],"class_list":{"0":"post-12025","1":"product","2":"type-product","3":"status-publish","4":"has-post-thumbnail","6":"product_cat-anelli","7":"product_cat-anelli-2","8":"product_cat-i-diamanti","9":"nt-post-class","10":"","16":"first","17":"instock","18":"shipping-taxable","19":"purchasable","20":"product-type-variable"},"_links":{"self":[{"href":"https:\/\/attiliozanetti.com\/de\/wp-json\/wp\/v2\/product\/12025","targetHints":{"allow":["GET"]}}],"collection":[{"href":"https:\/\/attiliozanetti.com\/de\/wp-json\/wp\/v2\/product"}],"about":[{"href":"https:\/\/attiliozanetti.com\/de\/wp-json\/wp\/v2\/types\/product"}],"replies":[{"embeddable":true,"href":"https:\/\/attiliozanetti.com\/de\/wp-json\/wp\/v2\/comments?post=12025"}],"version-history":[{"count":5,"href":"https:\/\/attiliozanetti.com\/de\/wp-json\/wp\/v2\/product\/12025\/revisions"}],"predecessor-version":[{"id":17094,"href":"https:\/\/attiliozanetti.com\/de\/wp-json\/wp\/v2\/product\/12025\/revisions\/17094"}],"wp:featuredmedia":[{"embeddable":true,"href":"https:\/\/attiliozanetti.com\/de\/wp-json\/wp\/v2\/media\/12026"}],"wp:attachment":[{"href":"https:\/\/attiliozanetti.com\/de\/wp-json\/wp\/v2\/media?parent=12025"}],"wp:term":[{"taxonomy":"product_brand","embeddable":true,"href":"https:\/\/attiliozanetti.com\/de\/wp-json\/wp\/v2\/product_brand?post=12025"},{"taxonomy":"product_cat","embeddable":true,"href":"https:\/\/attiliozanetti.com\/de\/wp-json\/wp\/v2\/product_cat?post=12025"},{"taxonomy":"product_tag","embeddable":true,"href":"https:\/\/attiliozanetti.com\/de\/wp-json\/wp\/v2\/product_tag?post=12025"}],"curies":[{"name":"wp","href":"https:\/\/api.w.org\/{rel}","templated":true}]}}