{"id":11979,"date":"2024-12-03T09:56:03","date_gmt":"2024-12-03T08:56:03","guid":{"rendered":"https:\/\/attiliozanetti.com\/?post_type=product&#038;p=11979"},"modified":"2025-10-13T17:23:26","modified_gmt":"2025-10-13T15:23:26","slug":"gioiello-in-argento-5245","status":"publish","type":"product","link":"https:\/\/attiliozanetti.com\/de\/product\/gioiello-in-argento-5245\/","title":{"rendered":"SILBERRING 03"},"content":{"rendered":"<p>Mod. 5245<\/p>\n<p class=\"p1\">Bandring mit einer Struktur aus Sterlingsilber, Details um den Stein aus 9 Karat Ros\u00e9gold und fuchsiafarbenem Naturquarz im Ovalschliff.<\/p>\n<p class=\"p1\">","protected":false},"excerpt":{"rendered":"<p>Mod. 5245<\/p>\n<p class=\"p1\">Bandring mit einer Struktur aus Sterlingsilber, Details um den Stein aus 9 Karat Ros\u00e9gold und fuchsiafarbenem Naturquarz im Ovalschliff.<\/p>\n<p>Die Kombination von Edelmetallen mit dem Glanz des Steins schafft ein einzigartiges Gleichgewicht zwischen zeitgen\u00f6ssischer Eleganz und zeitlosem Charme und macht ihn zu einem idealen Schmuckst\u00fcck f\u00fcr alle, die Stil und Pers\u00f6nlichkeit suchen.<\/p>\n<p>Die Lieferzeiten k\u00f6nnen je nach Liefergebiet variieren und betragen maximal drei Wochen.<\/p>\n<p><a style=\"color: #bbb; text-decoration: underline;\" href=\"https:\/\/attiliozanetti.com\/wp-content\/uploads\/2025\/10\/dimensione-anelli-attilio-zanetti.pdf\" target=\"_blank\" rel=\"noopener\">GUIDA ALLE TAGLIE<\/a><\/p>\n<p>Wenn Sie dieses Produkt aus einem Nicht-EU-Land kaufen m\u00f6chten, kontaktieren Sie uns direkt:\u00a0<span class=\"s1\">info@attiliozanetti.com<\/span><\/p>\n<p>&nbsp;<\/p>","protected":false},"featured_media":11980,"comment_status":"closed","ping_status":"closed","template":"","meta":{"_monsterinsights_skip_tracking":false,"_monsterinsights_sitenote_active":false,"_monsterinsights_sitenote_note":"","_monsterinsights_sitenote_category":0},"product_brand":[],"product_cat":[90,75],"product_tag":[],"class_list":{"0":"post-11979","1":"product","2":"type-product","3":"status-publish","4":"has-post-thumbnail","6":"product_cat-anelli-2","7":"product_cat-gioielli-in-argento","8":"nt-post-class","9":"","15":"first","16":"instock","17":"shipping-taxable","18":"purchasable","19":"product-type-variable"},"_links":{"self":[{"href":"https:\/\/attiliozanetti.com\/de\/wp-json\/wp\/v2\/product\/11979","targetHints":{"allow":["GET"]}}],"collection":[{"href":"https:\/\/attiliozanetti.com\/de\/wp-json\/wp\/v2\/product"}],"about":[{"href":"https:\/\/attiliozanetti.com\/de\/wp-json\/wp\/v2\/types\/product"}],"replies":[{"embeddable":true,"href":"https:\/\/attiliozanetti.com\/de\/wp-json\/wp\/v2\/comments?post=11979"}],"version-history":[{"count":13,"href":"https:\/\/attiliozanetti.com\/de\/wp-json\/wp\/v2\/product\/11979\/revisions"}],"predecessor-version":[{"id":17103,"href":"https:\/\/attiliozanetti.com\/de\/wp-json\/wp\/v2\/product\/11979\/revisions\/17103"}],"wp:featuredmedia":[{"embeddable":true,"href":"https:\/\/attiliozanetti.com\/de\/wp-json\/wp\/v2\/media\/11980"}],"wp:attachment":[{"href":"https:\/\/attiliozanetti.com\/de\/wp-json\/wp\/v2\/media?parent=11979"}],"wp:term":[{"taxonomy":"product_brand","embeddable":true,"href":"https:\/\/attiliozanetti.com\/de\/wp-json\/wp\/v2\/product_brand?post=11979"},{"taxonomy":"product_cat","embeddable":true,"href":"https:\/\/attiliozanetti.com\/de\/wp-json\/wp\/v2\/product_cat?post=11979"},{"taxonomy":"product_tag","embeddable":true,"href":"https:\/\/attiliozanetti.com\/de\/wp-json\/wp\/v2\/product_tag?post=11979"}],"curies":[{"name":"wp","href":"https:\/\/api.w.org\/{rel}","templated":true}]}}