{"id":11602,"date":"2024-06-19T12:21:19","date_gmt":"2024-06-19T10:21:19","guid":{"rendered":"https:\/\/attiliozanetti.com\/?post_type=product&#038;p=11602"},"modified":"2026-01-14T10:56:14","modified_gmt":"2026-01-14T09:56:14","slug":"foronefortwo-luxury-diamonds-05","status":"publish","type":"product","link":"https:\/\/attiliozanetti.com\/de\/product\/foronefortwo-luxury-diamonds-05\/","title":{"rendered":"LUXURY EDITION 05"},"content":{"rendered":"<p><span style=\"color: #000000;\">Mod. LUXURY-BRR-25 WHITE D-SL<\/span><br \/>\n<span style=\"color: #000000;\">ForOne ForTwo Armband aus 9 Kt (43,00 g) oder 18 Kt (62,00 g) poliertem Ros\u00e9- oder Wei\u00dfgold, komplett mit 25 wei\u00dfen Naturdiamanten 0,54 ct.<\/span><\/p>","protected":false},"excerpt":{"rendered":"<p><span style=\"color: #000000;\">ForOne ForTwo Armband aus 9 Kt (43,00 g) oder 18 Kt (62,00 g) poliertem Ros\u00e9- oder Wei\u00dfgold, komplett mit 25 wei\u00dfen Naturdiamanten 0,54 ct.<\/span><\/p>\n<p class=\"p1\"><span style=\"color: #000000;\">Gr\u00f6\u00dfe Small (empfohlene Version Frau):<\/span><br \/>\n<span style=\"color: #000000;\">\u2013 Apertura Massima: 60.32 mm Larghezza x 42.99 mm Altezza<\/span><br \/>\n<span style=\"color: #000000;\">\u2013 Apertura Minima: 51.50 mm Larghezza x 41.95 mm Altezza<\/span><\/p>\n<p><span style=\"color: #000000;\">Gr\u00f6\u00dfe Large (empfohlene Version f\u00fcr M\u00e4nner):<\/span><br \/>\n<span style=\"color: #000000;\">\u2013 Apertura Massima: 71.9 mm Larghezza x 50.4 mm Altezza<\/span><br \/>\n<span style=\"color: #000000;\">\u2013 Apertura Minima: 61.3 mm Larghezza x 50.3 mm Altezza<\/span><\/p>\n<p class=\"p1\"><span style=\"color: #000000;\">Wenn Spitzentechnologie auf handwerkliches K\u00f6nnen trifft, entsteht eine perfekte Synergie. Das ForOne ForTwo-Armband ist das Ergebnis sorgf\u00e4ltiger handwerklicher Goldschmiedearbeit, vollst\u00e4ndig handgefertigt und garantiert von der Goldschmiedekunst aus Valenza, dem gr\u00f6\u00dften Symbol des Made in Italy. Der exklusive und patentierte Verschluss, der mit Klicks verstellbar ist, macht ForOne ForTwo zum einzigen starren Armband, das sich perfekt an die Gr\u00f6\u00dfe des Handgelenks anpasst.<\/span><\/p>\n<p class=\"p1\"><span style=\"color: #000000;\">Dieser Schmuck wird nur auf Bestellung gefertigt. Die Produktions- und Lieferzeiten k\u00f6nnen je nach Liefergebiet variieren und bis zu vier Wochen betragen. F\u00fcr weitere Informationen: info@attiliozanetti.com<\/span><\/p>","protected":false},"featured_media":18100,"comment_status":"closed","ping_status":"closed","template":"","meta":{"_monsterinsights_skip_tracking":false,"_monsterinsights_sitenote_active":false,"_monsterinsights_sitenote_note":"","_monsterinsights_sitenote_category":0},"product_brand":[],"product_cat":[64,67],"product_tag":[],"class_list":{"0":"post-11602","1":"product","2":"type-product","3":"status-publish","4":"has-post-thumbnail","6":"product_cat-for-one-for-two","7":"product_cat-luxury","8":"nt-post-class","9":"","15":"first","16":"outofstock","17":"shipping-taxable","18":"product-type-simple"},"_links":{"self":[{"href":"https:\/\/attiliozanetti.com\/de\/wp-json\/wp\/v2\/product\/11602","targetHints":{"allow":["GET"]}}],"collection":[{"href":"https:\/\/attiliozanetti.com\/de\/wp-json\/wp\/v2\/product"}],"about":[{"href":"https:\/\/attiliozanetti.com\/de\/wp-json\/wp\/v2\/types\/product"}],"replies":[{"embeddable":true,"href":"https:\/\/attiliozanetti.com\/de\/wp-json\/wp\/v2\/comments?post=11602"}],"version-history":[{"count":13,"href":"https:\/\/attiliozanetti.com\/de\/wp-json\/wp\/v2\/product\/11602\/revisions"}],"predecessor-version":[{"id":17755,"href":"https:\/\/attiliozanetti.com\/de\/wp-json\/wp\/v2\/product\/11602\/revisions\/17755"}],"wp:featuredmedia":[{"embeddable":true,"href":"https:\/\/attiliozanetti.com\/de\/wp-json\/wp\/v2\/media\/18100"}],"wp:attachment":[{"href":"https:\/\/attiliozanetti.com\/de\/wp-json\/wp\/v2\/media?parent=11602"}],"wp:term":[{"taxonomy":"product_brand","embeddable":true,"href":"https:\/\/attiliozanetti.com\/de\/wp-json\/wp\/v2\/product_brand?post=11602"},{"taxonomy":"product_cat","embeddable":true,"href":"https:\/\/attiliozanetti.com\/de\/wp-json\/wp\/v2\/product_cat?post=11602"},{"taxonomy":"product_tag","embeddable":true,"href":"https:\/\/attiliozanetti.com\/de\/wp-json\/wp\/v2\/product_tag?post=11602"}],"curies":[{"name":"wp","href":"https:\/\/api.w.org\/{rel}","templated":true}]}}