{"id":10499,"date":"2024-03-13T10:00:21","date_gmt":"2024-03-13T09:00:21","guid":{"rendered":"https:\/\/attiliozanetti.com\/?post_type=product&#038;p=10499"},"modified":"2026-01-14T10:55:00","modified_gmt":"2026-01-14T09:55:00","slug":"foronefortwo-gold-diamonds-04","status":"publish","type":"product","link":"https:\/\/attiliozanetti.com\/de\/product\/foronefortwo-gold-diamonds-04\/","title":{"rendered":"LUXURY EDITION 06"},"content":{"rendered":"<p><span style=\"color: #000000;\">Mod. LUXURY-BRY-170 WHITE D-S<\/span><br \/>\n<span style=\"color: #000000;\">Armband aus poliertem 18-kar\u00e4tigem Gelbgold ForOne ForTwo (43,00 g), komplett mit 1 nat\u00fcrlichen Princess-Diamanten (0,06 ct) und 169 nat\u00fcrlichen wei\u00dfen Diamanten (1,39 ct).<\/span><\/p>","protected":false},"excerpt":{"rendered":"<p><span style=\"color: #000000;\">Armband aus poliertem 18-kar\u00e4tigem Gelbgold ForOne ForTwo (43,00 g), komplett mit 1 nat\u00fcrlichen Princess-Diamanten (0,06 ct) und 169 nat\u00fcrlichen wei\u00dfen Diamanten (1,39 ct).<\/span><\/p>\n<p class=\"p1\"><span style=\"color: #000000;\">Gr\u00f6\u00dfe Small (empfohlene Version Frau):<\/span><br \/>\n<span style=\"color: #000000;\">\u2013 Apertura Massima: 60.32 mm Larghezza x 42.99 mm Altezza<\/span><br \/>\n<span style=\"color: #000000;\">\u2013 Apertura Minima: 51.50 mm Larghezza x 41.95 mm Altezza<\/span><\/p>\n<p><span style=\"color: #000000;\">Gr\u00f6\u00dfe Large (empfohlene Version f\u00fcr M\u00e4nner):<\/span><br \/>\n<span style=\"color: #000000;\">\u2013 Apertura Massima: 71.9 mm Larghezza x 50.4 mm Altezza<\/span><br \/>\n<span style=\"color: #000000;\">\u2013 Apertura Minima: 61.3 mm Larghezza x 50.3 mm Altezza<\/span><\/p>\n<p class=\"p1\"><span style=\"color: #000000;\">Wenn Spitzentechnologie auf handwerkliches K\u00f6nnen trifft, entsteht eine perfekte Synergie. Das ForOne ForTwo-Armband ist das Ergebnis sorgf\u00e4ltiger handwerklicher Goldschmiedearbeit, vollst\u00e4ndig handgefertigt und garantiert von der Goldschmiedekunst aus Valenza, dem gr\u00f6\u00dften Symbol des Made in Italy. Der exklusive und patentierte Verschluss, der mit Klicks verstellbar ist, macht ForOne ForTwo zum einzigen starren Armband, das sich perfekt an die Gr\u00f6\u00dfe des Handgelenks anpasst.<\/span><\/p>\n<p class=\"p1\"><span style=\"color: #000000;\">Dieser Schmuck wird nur auf Bestellung gefertigt. Die Produktions- und Lieferzeiten k\u00f6nnen je nach Liefergebiet variieren und bis zu vier Wochen betragen. F\u00fcr weitere Informationen: info@attiliozanetti.com<\/span><\/p>","protected":false},"featured_media":18098,"comment_status":"closed","ping_status":"closed","template":"","meta":{"_monsterinsights_skip_tracking":false,"_monsterinsights_sitenote_active":false,"_monsterinsights_sitenote_note":"","_monsterinsights_sitenote_category":0},"product_brand":[],"product_cat":[64,67],"product_tag":[],"class_list":{"0":"post-10499","1":"product","2":"type-product","3":"status-publish","4":"has-post-thumbnail","6":"product_cat-for-one-for-two","7":"product_cat-luxury","8":"nt-post-class","9":"","15":"first","16":"outofstock","17":"shipping-taxable","18":"product-type-simple"},"_links":{"self":[{"href":"https:\/\/attiliozanetti.com\/de\/wp-json\/wp\/v2\/product\/10499","targetHints":{"allow":["GET"]}}],"collection":[{"href":"https:\/\/attiliozanetti.com\/de\/wp-json\/wp\/v2\/product"}],"about":[{"href":"https:\/\/attiliozanetti.com\/de\/wp-json\/wp\/v2\/types\/product"}],"replies":[{"embeddable":true,"href":"https:\/\/attiliozanetti.com\/de\/wp-json\/wp\/v2\/comments?post=10499"}],"version-history":[{"count":15,"href":"https:\/\/attiliozanetti.com\/de\/wp-json\/wp\/v2\/product\/10499\/revisions"}],"predecessor-version":[{"id":17754,"href":"https:\/\/attiliozanetti.com\/de\/wp-json\/wp\/v2\/product\/10499\/revisions\/17754"}],"wp:featuredmedia":[{"embeddable":true,"href":"https:\/\/attiliozanetti.com\/de\/wp-json\/wp\/v2\/media\/18098"}],"wp:attachment":[{"href":"https:\/\/attiliozanetti.com\/de\/wp-json\/wp\/v2\/media?parent=10499"}],"wp:term":[{"taxonomy":"product_brand","embeddable":true,"href":"https:\/\/attiliozanetti.com\/de\/wp-json\/wp\/v2\/product_brand?post=10499"},{"taxonomy":"product_cat","embeddable":true,"href":"https:\/\/attiliozanetti.com\/de\/wp-json\/wp\/v2\/product_cat?post=10499"},{"taxonomy":"product_tag","embeddable":true,"href":"https:\/\/attiliozanetti.com\/de\/wp-json\/wp\/v2\/product_tag?post=10499"}],"curies":[{"name":"wp","href":"https:\/\/api.w.org\/{rel}","templated":true}]}}