{"id":10432,"date":"2024-03-12T16:27:29","date_gmt":"2024-03-12T15:27:29","guid":{"rendered":"https:\/\/attiliozanetti.com\/?post_type=product&#038;p=10432"},"modified":"2026-01-09T10:12:39","modified_gmt":"2026-01-09T09:12:39","slug":"foronefortwo-classic-04","status":"publish","type":"product","link":"https:\/\/attiliozanetti.com\/de\/product\/foronefortwo-classic-04\/","title":{"rendered":"CLASSIC 05"},"content":{"rendered":"<p><span style=\"color: #000000;\">Mod. CLASSIC-BRW-3 BLACK D-SL<\/span><br \/>\n<span style=\"color: #000000;\">Bracciale ForOne ForTwo con fianchi, arco dentato e cover in Acciaio 316L Chirurgico Anallergico Lucido, completo di 3 diamanti naturali neri.<\/span><\/p>\n<p>&nbsp;<\/p>","protected":false},"excerpt":{"rendered":"<p><span style=\"color: #000000;\">Bracciale ForOne ForTwo con fianchi, arco dentato e cover in Acciaio 316L Chirurgico Anallergico Lucido, completo di 3 diamanti naturali neri.<\/span><\/p>\n<p class=\"p1\"><span style=\"color: #000000;\">Gr\u00f6\u00dfe Small (empfohlene Version Frau):<\/span><br \/>\n<span style=\"color: #000000;\">\u2013 Apertura Massima: 60.32 mm Larghezza x 42.99 mm Altezza<\/span><br \/>\n<span style=\"color: #000000;\">\u2013 Apertura Minima: 51.50 mm Larghezza x 41.95 mm Altezza<\/span><\/p>\n<p><span style=\"color: #000000;\">Gr\u00f6\u00dfe Large (empfohlene Version f\u00fcr M\u00e4nner):<\/span><br \/>\n<span style=\"color: #000000;\">\u2013 Apertura Massima: 71.9 mm Larghezza x 50.4 mm Altezza<\/span><br \/>\n<span style=\"color: #000000;\">\u2013 Apertura Minima: 61.3 mm Larghezza x 50.3 mm Altezza<\/span><\/p>\n<p class=\"p1\"><span style=\"color: #000000;\">Wenn Spitzentechnologie auf handwerkliches K\u00f6nnen trifft, entsteht eine perfekte Synergie. Das ForOne ForTwo-Armband ist das Ergebnis sorgf\u00e4ltiger handwerklicher Goldschmiedearbeit, vollst\u00e4ndig handgefertigt und garantiert von der Goldschmiedekunst aus Valenza, dem gr\u00f6\u00dften Symbol des Made in Italy. Der exklusive und patentierte Verschluss, der mit Klicks verstellbar ist, macht ForOne ForTwo zum einzigen starren Armband, das sich perfekt an die Gr\u00f6\u00dfe des Handgelenks anpasst.<\/span><\/p>\n<p><span style=\"color: #000000;\">Die Lieferzeiten k\u00f6nnen je nach Liefergebiet variieren und betragen maximal drei Wochen.<\/span><br \/>\n<span style=\"color: #000000;\">F\u00fcr weitere Informationen \u00fcber K\u00e4ufe au\u00dferhalb der EU kontaktieren Sie uns bitte unter info@attiliozanetti.com.<\/span><\/p>\n<p>&nbsp;<\/p>","protected":false},"featured_media":17549,"comment_status":"closed","ping_status":"closed","template":"","meta":{"_monsterinsights_skip_tracking":false,"_monsterinsights_sitenote_active":false,"_monsterinsights_sitenote_note":"","_monsterinsights_sitenote_category":0},"product_brand":[],"product_cat":[66,64],"product_tag":[],"class_list":{"0":"post-10432","1":"product","2":"type-product","3":"status-publish","4":"has-post-thumbnail","6":"product_cat-classic","7":"product_cat-for-one-for-two","8":"nt-post-class","9":"","15":"first","16":"instock","17":"shipping-taxable","18":"purchasable","19":"product-type-variable"},"_links":{"self":[{"href":"https:\/\/attiliozanetti.com\/de\/wp-json\/wp\/v2\/product\/10432","targetHints":{"allow":["GET"]}}],"collection":[{"href":"https:\/\/attiliozanetti.com\/de\/wp-json\/wp\/v2\/product"}],"about":[{"href":"https:\/\/attiliozanetti.com\/de\/wp-json\/wp\/v2\/types\/product"}],"replies":[{"embeddable":true,"href":"https:\/\/attiliozanetti.com\/de\/wp-json\/wp\/v2\/comments?post=10432"}],"version-history":[{"count":17,"href":"https:\/\/attiliozanetti.com\/de\/wp-json\/wp\/v2\/product\/10432\/revisions"}],"predecessor-version":[{"id":17919,"href":"https:\/\/attiliozanetti.com\/de\/wp-json\/wp\/v2\/product\/10432\/revisions\/17919"}],"wp:featuredmedia":[{"embeddable":true,"href":"https:\/\/attiliozanetti.com\/de\/wp-json\/wp\/v2\/media\/17549"}],"wp:attachment":[{"href":"https:\/\/attiliozanetti.com\/de\/wp-json\/wp\/v2\/media?parent=10432"}],"wp:term":[{"taxonomy":"product_brand","embeddable":true,"href":"https:\/\/attiliozanetti.com\/de\/wp-json\/wp\/v2\/product_brand?post=10432"},{"taxonomy":"product_cat","embeddable":true,"href":"https:\/\/attiliozanetti.com\/de\/wp-json\/wp\/v2\/product_cat?post=10432"},{"taxonomy":"product_tag","embeddable":true,"href":"https:\/\/attiliozanetti.com\/de\/wp-json\/wp\/v2\/product_tag?post=10432"}],"curies":[{"name":"wp","href":"https:\/\/api.w.org\/{rel}","templated":true}]}}