{"id":3417,"date":"2022-02-01T12:43:00","date_gmt":"2022-02-01T12:43:00","guid":{"rendered":"https:\/\/ninetheme.com\/themes\/goldsmith\/?page_id=3417"},"modified":"2026-01-15T12:16:27","modified_gmt":"2026-01-15T11:16:27","slug":"home-video","status":"publish","type":"page","link":"https:\/\/attiliozanetti.com\/de\/","title":{"rendered":"Homepage"},"content":{"rendered":"<div data-elementor-type=\"wp-page\" data-elementor-id=\"3417\" class=\"elementor elementor-3417\">\n\t\t\t\t<div class=\"gap- elementor-element elementor-element-cb3a3b7 e-con-full e-flex wpr-particle-no wpr-jarallax-no wpr-parallax-no wpr-sticky-section-no e-con e-parent\" data-id=\"cb3a3b7\" data-element_type=\"container\">\n\t\t<div class=\"gap- elementor-element elementor-element-6f1dd1b e-con-full elementor-hidden-mobile_extra elementor-hidden-mobile e-flex wpr-particle-no wpr-jarallax-no wpr-parallax-no wpr-sticky-section-no e-con e-child\" data-id=\"6f1dd1b\" data-element_type=\"container\">\n\t\t\t\t<div class=\"elementor-element elementor-element-6a5d045 elementor-widget elementor-widget-goldsmith-home-slider\" data-id=\"6a5d045\" data-element_type=\"widget\" data-widget_type=\"goldsmith-home-slider.default\">\n\t\t\t\t<div class=\"elementor-widget-container\">\n\t\t\t\t\t<div class=\"goldsmith-main-slider goldsmith-swiper-theme-style goldsmith-swiper-container goldsmith-swiper-slider nav-vertical-center\" data-swiper-options='{\"slidesPerView\":1,\"loop\":false,\"autoHeight\":false,\"autoplay\":{\"pauseOnMouseEnter\":true,\"disableOnInteraction\":false,\"delay\":5000},\"speed\":1000,\"spaceBetween\":0,\"direction\":\"horizontal\",\"wrapperClass\":\"goldsmith-swiper-wrapper\",\"navigation\":{\"nextEl\":\".slide-next-6a5d045\",\"prevEl\":\".slide-prev-6a5d045\"},\"pagination\":{\"el\":\".goldsmith-main-slider .goldsmith-pagination-6a5d045\",\"bulletClass\":\"goldsmith-swiper-bullet\",\"bulletActiveClass\":\"active\",\"type\":\"bullets\",\"clickable\":true}}'><div class=\"goldsmith-swiper-wrapper\"><div class=\"swiper-slide elementor-repeater-item-bda4deb\"><div class=\"goldsmith-slide-inner\"><img fetchpriority=\"high\" decoding=\"async\" width=\"2000\" height=\"723\" src=\"https:\/\/attiliozanetti.com\/wp-content\/uploads\/2026\/01\/AttilioZanetti2.jpg\" class=\"attachment-full size-full\" alt=\"\" \/><div class=\"slide-item-content\"><div class=\"goldsmith-slide-link-wrapper\"><a class=\"goldsmith-btn-large goldsmith-btn goldsmith-btn-dark goldsmith-slide-link\" href=\"https:\/\/attiliozanetti.com\/de\/foronefortwo-pop\/\">mehr erfahren<\/a><\/div><\/div><\/div><\/div><\/div><\/div>\t\t\t\t<\/div>\n\t\t\t\t<\/div>\n\t\t\t\t<\/div>\n\t\t<div class=\"gap- elementor-element elementor-element-65cdca6 e-con-full elementor-hidden-widescreen elementor-hidden-desktop elementor-hidden-laptop elementor-hidden-tablet_extra elementor-hidden-tablet e-flex wpr-particle-no wpr-jarallax-no wpr-parallax-no wpr-sticky-section-no e-con e-child\" data-id=\"65cdca6\" data-element_type=\"container\">\n\t\t\t\t<div class=\"elementor-element elementor-element-43565c3 elementor-widget elementor-widget-goldsmith-home-slider\" data-id=\"43565c3\" data-element_type=\"widget\" data-widget_type=\"goldsmith-home-slider.default\">\n\t\t\t\t<div class=\"elementor-widget-container\">\n\t\t\t\t\t<div class=\"goldsmith-main-slider goldsmith-swiper-theme-style goldsmith-swiper-container goldsmith-swiper-slider nav-vertical-center\" data-swiper-options='{\"slidesPerView\":1,\"loop\":false,\"autoHeight\":false,\"autoplay\":{\"pauseOnMouseEnter\":true,\"disableOnInteraction\":false,\"delay\":5000},\"speed\":1000,\"spaceBetween\":0,\"direction\":\"horizontal\",\"wrapperClass\":\"goldsmith-swiper-wrapper\",\"navigation\":{\"nextEl\":\".slide-next-43565c3\",\"prevEl\":\".slide-prev-43565c3\"},\"pagination\":{\"el\":\".goldsmith-main-slider .goldsmith-pagination-43565c3\",\"bulletClass\":\"goldsmith-swiper-bullet\",\"bulletActiveClass\":\"active\",\"type\":\"bullets\",\"clickable\":true}}'><div class=\"goldsmith-swiper-wrapper\"><div class=\"swiper-slide elementor-repeater-item-bda4deb\"><div class=\"goldsmith-slide-inner\"><img decoding=\"async\" width=\"1600\" height=\"2000\" src=\"https:\/\/attiliozanetti.com\/wp-content\/uploads\/2026\/01\/AttilioZanetti-10.jpg\" class=\"attachment-full size-full\" alt=\"\" \/><div class=\"slide-item-content\"><div class=\"goldsmith-slide-link-wrapper\"><a class=\"goldsmith-btn-large goldsmith-btn goldsmith-btn-dark goldsmith-slide-link\" href=\"https:\/\/attiliozanetti.com\/de\/foronefortwo-pop\/\">mehr erfahren<\/a><\/div><\/div><\/div><\/div><\/div><\/div>\t\t\t\t<\/div>\n\t\t\t\t<\/div>\n\t\t\t\t<\/div>\n\t\t\t\t<\/div>\n\t\t<div class=\"gap- elementor-element elementor-element-49a9ba8 nt-section section-padding e-flex e-con-boxed wpr-particle-no wpr-jarallax-no wpr-parallax-no wpr-sticky-section-no e-con e-parent\" data-id=\"49a9ba8\" data-element_type=\"container\" data-settings=\"{&quot;background_background&quot;:&quot;classic&quot;}\">\n\t\t\t\t\t<div class=\"e-con-inner\">\n\t\t<div class=\"gap- elementor-element elementor-element-3143e9b e-con-full e-flex wpr-particle-no wpr-jarallax-no wpr-parallax-no wpr-sticky-section-no e-con e-child\" data-id=\"3143e9b\" data-element_type=\"container\">\n\t\t\t\t<div class=\"elementor-element elementor-element-2097885 goldsmith-transform transform-type-translate elementor-widget elementor-widget-heading\" data-id=\"2097885\" data-element_type=\"widget\" data-widget_type=\"heading.default\">\n\t\t\t\t<div class=\"elementor-widget-container\">\n\t\t\t\t\t<h2 class=\"elementor-heading-title elementor-size-default\">UNSERE MEISTVERKAUFTEN PRODUKTE<\/h2>\t\t\t\t<\/div>\n\t\t\t\t<\/div>\n\t\t\t\t<\/div>\n\t\t\t\t\t<\/div>\n\t\t\t\t<\/div>\n\t\t<div class=\"gap- elementor-element elementor-element-cdd2960 e-flex e-con-boxed wpr-particle-no wpr-jarallax-no wpr-parallax-no wpr-sticky-section-no e-con e-parent\" data-id=\"cdd2960\" data-element_type=\"container\">\n\t\t\t\t\t<div class=\"e-con-inner\">\n\t\t<div class=\"gap- elementor-element elementor-element-c9f91ec e-con-full e-flex wpr-particle-no wpr-jarallax-no wpr-parallax-no wpr-sticky-section-no e-con e-child\" data-id=\"c9f91ec\" data-element_type=\"container\">\n\t\t\t\t<div class=\"elementor-element elementor-element-90d2c92 elementor-widget elementor-widget-image\" data-id=\"90d2c92\" data-element_type=\"widget\" data-widget_type=\"image.default\">\n\t\t\t\t<div class=\"elementor-widget-container\">\n\t\t\t\t\t\t\t\t\t\t\t\t\t\t\t<img decoding=\"async\" width=\"768\" height=\"768\" src=\"https:\/\/attiliozanetti.com\/wp-content\/uploads\/2024\/12\/BRACCIALI-ALL-DIAMONDS.jpg\" class=\"attachment-large size-large wp-image-11904\" alt=\"\" \/>\t\t\t\t\t\t\t\t\t\t\t\t\t\t\t<\/div>\n\t\t\t\t<\/div>\n\t\t\t\t<div class=\"elementor-element elementor-element-32f1aad goldsmith-transform transform-type-translate elementor-widget elementor-widget-heading\" data-id=\"32f1aad\" data-element_type=\"widget\" data-widget_type=\"heading.default\">\n\t\t\t\t<div class=\"elementor-widget-container\">\n\t\t\t\t\t<h4 class=\"elementor-heading-title elementor-size-default\">ForOne ForTwo<\/h4>\t\t\t\t<\/div>\n\t\t\t\t<\/div>\n\t\t\t\t<div class=\"elementor-element elementor-element-30d2ad2 elementor-widget elementor-widget-text-editor\" data-id=\"30d2ad2\" data-element_type=\"widget\" data-widget_type=\"text-editor.default\">\n\t\t\t\t<div class=\"elementor-widget-container\">\n\t\t\t\t\t\t\t\t\t<p>Armb\u00e4nder aus Gold, Stahl und Diamanten: Eleganz, die verbindet.<\/p>\t\t\t\t\t\t\t\t<\/div>\n\t\t\t\t<\/div>\n\t\t\t\t<div class=\"elementor-element elementor-element-7c6e26f elementor-widget elementor-widget-goldsmith-button\" data-id=\"7c6e26f\" data-element_type=\"widget\" data-widget_type=\"goldsmith-button.default\">\n\t\t\t\t<div class=\"elementor-widget-container\">\n\t\t\t\t\t<a data-id=\"btn-7c6e26f\" class=\"type-widget goldsmith-btn goldsmith-btn-dark goldsmith-btn-solid goldsmith-btn-square goldsmith-btn-medium\" href=\"https:\/\/attiliozanetti.com\/de\/for-one-for-two\/\"><span class=\"goldsmith-button-inner\"><span class=\"goldsmith-btn-text\">Finde mehr heraus<\/span> <\/span><\/a>\t\t\t\t<\/div>\n\t\t\t\t<\/div>\n\t\t\t\t<\/div>\n\t\t<div class=\"gap- elementor-element elementor-element-0315709 e-con-full e-flex wpr-particle-no wpr-jarallax-no wpr-parallax-no wpr-sticky-section-no e-con e-child\" data-id=\"0315709\" data-element_type=\"container\">\n\t\t\t\t<div class=\"elementor-element elementor-element-c4d58d7 elementor-widget elementor-widget-image\" data-id=\"c4d58d7\" data-element_type=\"widget\" data-widget_type=\"image.default\">\n\t\t\t\t<div class=\"elementor-widget-container\">\n\t\t\t\t\t\t\t\t\t\t\t\t\t\t\t<img loading=\"lazy\" decoding=\"async\" width=\"768\" height=\"768\" src=\"https:\/\/attiliozanetti.com\/wp-content\/uploads\/2024\/12\/ANELLI-SIGN-IN-DIAMONDS.jpg\" class=\"attachment-large size-large wp-image-11903\" alt=\"\" \/>\t\t\t\t\t\t\t\t\t\t\t\t\t\t\t<\/div>\n\t\t\t\t<\/div>\n\t\t\t\t<div class=\"elementor-element elementor-element-f5cfd86 goldsmith-transform transform-type-translate elementor-widget elementor-widget-heading\" data-id=\"f5cfd86\" data-element_type=\"widget\" data-widget_type=\"heading.default\">\n\t\t\t\t<div class=\"elementor-widget-container\">\n\t\t\t\t\t<h4 class=\"elementor-heading-title elementor-size-default\">Sonderanfertigung<\/h4>\t\t\t\t<\/div>\n\t\t\t\t<\/div>\n\t\t\t\t<div class=\"elementor-element elementor-element-7e5b7c9 elementor-widget elementor-widget-text-editor\" data-id=\"7e5b7c9\" data-element_type=\"widget\" data-widget_type=\"text-editor.default\">\n\t\t\t\t<div class=\"elementor-widget-container\">\n\t\t\t\t\t\t\t\t\t<p>Einzigartiger Schmuck, ma\u00dfgeschneidert, um Ihre Geschichte zu erz\u00e4hlen.<\/p>\t\t\t\t\t\t\t\t<\/div>\n\t\t\t\t<\/div>\n\t\t\t\t<div class=\"elementor-element elementor-element-8aea320 elementor-widget elementor-widget-goldsmith-button\" data-id=\"8aea320\" data-element_type=\"widget\" data-widget_type=\"goldsmith-button.default\">\n\t\t\t\t<div class=\"elementor-widget-container\">\n\t\t\t\t\t<a data-id=\"btn-8aea320\" class=\"type-widget goldsmith-btn goldsmith-btn-dark goldsmith-btn-solid goldsmith-btn-square goldsmith-btn-medium\" href=\"https:\/\/attiliozanetti.com\/de\/custom-made\/\"><span class=\"goldsmith-button-inner\"><span class=\"goldsmith-btn-text\">Finde mehr heraus<\/span> <\/span><\/a>\t\t\t\t<\/div>\n\t\t\t\t<\/div>\n\t\t\t\t<\/div>\n\t\t<div class=\"gap- elementor-element elementor-element-645fa92 e-con-full e-flex wpr-particle-no wpr-jarallax-no wpr-parallax-no wpr-sticky-section-no e-con e-child\" data-id=\"645fa92\" data-element_type=\"container\">\n\t\t\t\t<div class=\"elementor-element elementor-element-21e2cf9 elementor-widget elementor-widget-image\" data-id=\"21e2cf9\" data-element_type=\"widget\" data-widget_type=\"image.default\">\n\t\t\t\t<div class=\"elementor-widget-container\">\n\t\t\t\t\t\t\t\t\t\t\t\t\t\t\t<img loading=\"lazy\" decoding=\"async\" width=\"960\" height=\"960\" src=\"https:\/\/attiliozanetti.com\/wp-content\/uploads\/2025\/04\/DSC05012-1024x1024.jpg\" class=\"attachment-large size-large wp-image-13099\" alt=\"\" \/>\t\t\t\t\t\t\t\t\t\t\t\t\t\t\t<\/div>\n\t\t\t\t<\/div>\n\t\t\t\t<div class=\"elementor-element elementor-element-a14ab9c goldsmith-transform transform-type-translate elementor-widget elementor-widget-heading\" data-id=\"a14ab9c\" data-element_type=\"widget\" data-widget_type=\"heading.default\">\n\t\t\t\t<div class=\"elementor-widget-container\">\n\t\t\t\t\t<h4 class=\"elementor-heading-title elementor-size-default\">Masterpieces<\/h4>\t\t\t\t<\/div>\n\t\t\t\t<\/div>\n\t\t\t\t<div class=\"elementor-element elementor-element-47a6b58 elementor-widget elementor-widget-text-editor\" data-id=\"47a6b58\" data-element_type=\"widget\" data-widget_type=\"text-editor.default\">\n\t\t\t\t<div class=\"elementor-widget-container\">\n\t\t\t\t\t\t\t\t\t<p>Stilikonen, die f\u00fcr die Ewigkeit bestimmt sind.<\/p>\t\t\t\t\t\t\t\t<\/div>\n\t\t\t\t<\/div>\n\t\t\t\t<div class=\"elementor-element elementor-element-282e5f9 elementor-widget elementor-widget-goldsmith-button\" data-id=\"282e5f9\" data-element_type=\"widget\" data-widget_type=\"goldsmith-button.default\">\n\t\t\t\t<div class=\"elementor-widget-container\">\n\t\t\t\t\t<a data-id=\"btn-282e5f9\" class=\"type-widget goldsmith-btn goldsmith-btn-dark goldsmith-btn-solid goldsmith-btn-square goldsmith-btn-medium\" href=\"https:\/\/attiliozanetti.com\/de\/masterpieces\/\"><span class=\"goldsmith-button-inner\"><span class=\"goldsmith-btn-text\">Finde mehr heraus<\/span> <\/span><\/a>\t\t\t\t<\/div>\n\t\t\t\t<\/div>\n\t\t\t\t<\/div>\n\t\t\t\t\t<\/div>\n\t\t\t\t<\/div>\n\t\t<div class=\"gap- elementor-element elementor-element-361aee6 e-flex e-con-boxed wpr-particle-no wpr-jarallax-no wpr-parallax-no wpr-sticky-section-no e-con e-parent\" data-id=\"361aee6\" data-element_type=\"container\" data-settings=\"{&quot;background_background&quot;:&quot;video&quot;,&quot;background_video_link&quot;:&quot;https:\\\/\\\/www.youtube.com\\\/watch?v=eAzcb1uQ_Mw&quot;,&quot;background_play_on_mobile&quot;:&quot;yes&quot;,&quot;background_privacy_mode&quot;:&quot;yes&quot;}\">\n\t\t\t\t\t<div class=\"e-con-inner\">\n\t\t<div class=\"elementor-background-video-container\" aria-hidden=\"true\">\n\t\t\t\t\t\t\t<div class=\"elementor-background-video-embed\"><\/div>\n\t\t\t\t\t\t<\/div>\t\t<div class=\"elementor-element elementor-element-3066a44 elementor-widget elementor-widget-spacer\" data-id=\"3066a44\" data-element_type=\"widget\" data-widget_type=\"spacer.default\">\n\t\t\t\t<div class=\"elementor-widget-container\">\n\t\t\t\t\t\t\t<div class=\"elementor-spacer\">\n\t\t\t<div class=\"elementor-spacer-inner\"><\/div>\n\t\t<\/div>\n\t\t\t\t\t\t<\/div>\n\t\t\t\t<\/div>\n\t\t\t\t\t<\/div>\n\t\t\t\t<\/div>\n\t\t<div class=\"gap- elementor-element elementor-element-061ad84 e-con-full e-flex wpr-particle-no wpr-jarallax-no wpr-parallax-no wpr-sticky-section-no e-con e-parent\" data-id=\"061ad84\" data-element_type=\"container\">\n\t\t<div class=\"gap- elementor-element elementor-element-a459adb e-con-full e-flex wpr-particle-no wpr-jarallax-no wpr-parallax-no wpr-sticky-section-no e-con e-child\" data-id=\"a459adb\" data-element_type=\"container\" data-settings=\"{&quot;background_background&quot;:&quot;classic&quot;}\">\n\t\t\t\t<div class=\"elementor-element elementor-element-8aa28e4 elementor-widget elementor-widget-goldsmith-widget-label\" data-id=\"8aa28e4\" data-element_type=\"widget\" data-widget_type=\"goldsmith-widget-label.default\">\n\t\t\t\t<div class=\"elementor-widget-container\">\n\t\t\t\t\t<span class=\"goldsmith-widget-label label-solid label-square label-small goldsmith-label-yellow\">ATTILIO ZANETTI<\/span>\t\t\t\t<\/div>\n\t\t\t\t<\/div>\n\t\t\t\t<div class=\"elementor-element elementor-element-46f3e1d goldsmith-transform transform-type-translate elementor-widget elementor-widget-heading\" data-id=\"46f3e1d\" data-element_type=\"widget\" data-widget_type=\"heading.default\">\n\t\t\t\t<div class=\"elementor-widget-container\">\n\t\t\t\t\t<h2 class=\"elementor-heading-title elementor-size-default\">EINE FAMILIENTRADITION SEIT 1956<\/h2>\t\t\t\t<\/div>\n\t\t\t\t<\/div>\n\t\t\t\t<div class=\"elementor-element elementor-element-e5f552d goldsmith-transform transform-type-translate elementor-widget elementor-widget-heading\" data-id=\"e5f552d\" data-element_type=\"widget\" data-widget_type=\"heading.default\">\n\t\t\t\t<div class=\"elementor-widget-container\">\n\t\t\t\t\t<p class=\"elementor-heading-title elementor-size-default\">Seit 1956 \u00fcbt die Familie Zanetti am Gardasee mit Leidenschaft die Goldschmiede- und Uhrmacherkunst aus. <br><br>\n\nLuigi Zanetti er\u00f6ffnete mit Begeisterung sein erstes Gesch\u00e4ft in Torri del Benaco, das sich der Herstellung und dem Verkauf von handgefertigtem Schmuck und sch\u00f6nen Uhren widmete. Dank der Qualit\u00e4t und der Liebe zum Detail wurde das Gesch\u00e4ft bald zu einem Bezugspunkt f\u00fcr Anwohner und Touristen am Gardasee. <br><br>\n\nIm Laufe der Jahre wurde das Gesch\u00e4ft um eine eigene Goldschmiedewerkstatt erweitert, in der Tradition und Handwerkskunst bei der Herstellung von einzigartigem, handgefertigtem Schmuck zusammenkommen. Im Jahr 2006 setzte sein Sohn Attilio Zanetti die Familientradition mit der Er\u00f6ffnung eines neuen Juweliergesch\u00e4fts im Herzen des historischen Zentrums von Bardolino, einem der bekanntesten Urlaubsorte am Gardasee, fort und bietet weiterhin Uhren, ma\u00dfgefertigten Schmuck und feine Goldschmuckkreationen an.<br><\/p>\t\t\t\t<\/div>\n\t\t\t\t<\/div>\n\t\t\t\t<\/div>\n\t\t<div class=\"gap- elementor-element elementor-element-0d0e7ce e-con-full e-flex wpr-particle-no wpr-jarallax-no wpr-parallax-no wpr-sticky-section-no e-con e-child\" data-id=\"0d0e7ce\" data-element_type=\"container\">\n\t\t\t\t<div class=\"elementor-element elementor-element-3376852 elementor-widget elementor-widget-image\" data-id=\"3376852\" data-element_type=\"widget\" data-widget_type=\"image.default\">\n\t\t\t\t<div class=\"elementor-widget-container\">\n\t\t\t\t\t\t\t\t\t\t\t\t\t\t\t<img loading=\"lazy\" decoding=\"async\" width=\"768\" height=\"1152\" src=\"https:\/\/attiliozanetti.com\/wp-content\/uploads\/2024\/05\/FOTO-1-VECCHIO-NEGOZIO-HOME.jpg\" class=\"attachment-full size-full wp-image-10592\" alt=\"\" \/>\t\t\t\t\t\t\t\t\t\t\t\t\t\t\t<\/div>\n\t\t\t\t<\/div>\n\t\t\t\t<\/div>\n\t\t<div class=\"gap- elementor-element elementor-element-9649cc6 e-con-full e-flex wpr-particle-no wpr-jarallax-no wpr-parallax-no wpr-sticky-section-no e-con e-child\" data-id=\"9649cc6\" data-element_type=\"container\">\n\t\t\t\t<div class=\"elementor-element elementor-element-02021e8 elementor-widget elementor-widget-image\" data-id=\"02021e8\" data-element_type=\"widget\" data-widget_type=\"image.default\">\n\t\t\t\t<div class=\"elementor-widget-container\">\n\t\t\t\t\t\t\t\t\t\t\t\t\t\t\t<img loading=\"lazy\" decoding=\"async\" width=\"768\" height=\"1152\" src=\"https:\/\/attiliozanetti.com\/wp-content\/uploads\/2024\/12\/Foto-Home-Attilio.jpg\" class=\"attachment-medium_large size-medium_large wp-image-11899\" alt=\"\" \/>\t\t\t\t\t\t\t\t\t\t\t\t\t\t\t<\/div>\n\t\t\t\t<\/div>\n\t\t\t\t<\/div>\n\t\t\t\t<\/div>\n\t\t<div class=\"gap- elementor-element elementor-element-ce1252c nt-section section-padding goldsmith-parallax jarallax parallax-yes goldsmith-mobile-parallax-yes elementor-hidden-widescreen elementor-hidden-desktop elementor-hidden-laptop elementor-hidden-tablet_extra elementor-hidden-tablet elementor-hidden-mobile_extra elementor-hidden-mobile e-flex e-con-boxed wpr-particle-no wpr-jarallax-no wpr-parallax-no wpr-sticky-section-no e-con e-parent\" data-goldsmith-parallax=\"{&quot;type&quot;:&quot;scroll&quot;,&quot;speed&quot;:&quot;0.5&quot;,&quot;imgsize&quot;:&quot;cover&quot;,&quot;imgsrc&quot;:&quot;https:\/\/attiliozanetti.com\/wp-content\/uploads\/2024\/05\/ANELLI-SIGN-IN-DIAMONDS-PARALLAX.jpg&quot;,&quot;mobile&quot;:&quot;yes&quot;}\" data-id=\"ce1252c\" data-element_type=\"container\" data-settings=\"{&quot;background_background&quot;:&quot;classic&quot;}\">\n\t\t\t\t\t<div class=\"e-con-inner\">\n\t\t<div class=\"gap- elementor-element elementor-element-c3556fa e-con-full e-flex wpr-particle-no wpr-jarallax-no wpr-parallax-no wpr-sticky-section-no e-con e-child\" data-id=\"c3556fa\" data-element_type=\"container\">\n\t\t\t\t<\/div>\n\t\t\t\t\t<\/div>\n\t\t\t\t<\/div>\n\t\t\t\t<\/div>","protected":false},"excerpt":{"rendered":"<p>scopri di pi\u00f9 scopri di pi\u00f9 I NOSTRI BESTSELLER ForOne ForTwo Bracciali in oro, acciaio e diamanti: eleganza che unisce. Scopri di pi\u00f9 Custom Made Gioielli unici, realizzati su misura per raccontare la tua storia. Scopri di pi\u00f9 Masterpieces Icone di stile, pensate per lasciare un segno eterno. Scopri di pi\u00f9 ATTILIO ZANETTI UNA TRADIZIONE DI FAMIGLIA DAL 1956 Dal 1956 la famiglia Zanetti porta avanti con passione l\u2019arte dell\u2019oreficeria e dell\u2019orologeria sul Lago di Garda. Luigi Zanetti apre con entusiasmo la sua prima attivit\u00e0 a Torri del Benaco, dedicata alla creazione e vendita di gioielli artigianali e orologi di pregio. Grazie alla qualit\u00e0 e alla cura del dettaglio, il negozio diventa presto un punto di riferimento per i residenti e per i turisti in visita sul Lago di Garda. Negli anni l\u2019attivit\u00e0 si amplia con un laboratorio orafo interno, dove tradizione e maestria si fondono nella realizzazione di preziosi unici fatti a mano. Nel 2006 il figlio Attilio Zanetti prosegue la tradizione di famiglia con l\u2019apertura di una nuova gioielleria nel cuore del centro storico di Bardolino, una delle localit\u00e0 pi\u00f9 rinomate del Lago di Garda, continuando a offrire orologi, gioielli su misura e creazioni di alta oreficeria.<\/p>","protected":false},"author":1,"featured_media":0,"parent":0,"menu_order":0,"comment_status":"closed","ping_status":"closed","template":"","meta":{"_monsterinsights_skip_tracking":false,"_monsterinsights_sitenote_active":false,"_monsterinsights_sitenote_note":"","_monsterinsights_sitenote_category":0,"footnotes":""},"class_list":{"0":"post-3417","1":"page","2":"type-page","3":"status-publish","4":"hentry","5":"nt-post-class","6":"","7":"thumb-none","9":"excerpt-none"},"_links":{"self":[{"href":"https:\/\/attiliozanetti.com\/de\/wp-json\/wp\/v2\/pages\/3417","targetHints":{"allow":["GET"]}}],"collection":[{"href":"https:\/\/attiliozanetti.com\/de\/wp-json\/wp\/v2\/pages"}],"about":[{"href":"https:\/\/attiliozanetti.com\/de\/wp-json\/wp\/v2\/types\/page"}],"author":[{"embeddable":true,"href":"https:\/\/attiliozanetti.com\/de\/wp-json\/wp\/v2\/users\/1"}],"replies":[{"embeddable":true,"href":"https:\/\/attiliozanetti.com\/de\/wp-json\/wp\/v2\/comments?post=3417"}],"version-history":[{"count":275,"href":"https:\/\/attiliozanetti.com\/de\/wp-json\/wp\/v2\/pages\/3417\/revisions"}],"predecessor-version":[{"id":18135,"href":"https:\/\/attiliozanetti.com\/de\/wp-json\/wp\/v2\/pages\/3417\/revisions\/18135"}],"wp:attachment":[{"href":"https:\/\/attiliozanetti.com\/de\/wp-json\/wp\/v2\/media?parent=3417"}],"curies":[{"name":"wp","href":"https:\/\/api.w.org\/{rel}","templated":true}]}}