{"id":3,"date":"2024-02-07T09:50:47","date_gmt":"2024-02-07T08:50:47","guid":{"rendered":"https:\/\/attiliozanetti.com\/?page_id=3"},"modified":"2024-03-11T16:39:55","modified_gmt":"2024-03-11T15:39:55","slug":"privacy-policy","status":"publish","type":"page","link":"https:\/\/attiliozanetti.com\/de\/privacy-policy\/","title":{"rendered":"Datenschutzbestimmungen"},"content":{"rendered":"<p class=\"translation-block\">Auf dieser Seite wird beschrieben, wie die Website in Bezug auf die Verarbeitung personenbezogener Daten der Benutzer verwaltet wird, die sie konsultieren. Diese Informationen werden auch gem\u00e4\u00df Art. bereitgestellt. 13 des Gesetzesdekrets Nr. 196\/2003 \u2013 Kodex zum Schutz personenbezogener Daten und Art. 13 der EU-Verordnung Nr. 2016\/679, f\u00fcr diejenigen, die mit den Webdiensten der Website www.attiliozanetti.com interagieren, elektronisch zug\u00e4nglich unter der Adresse: https:\/\/attiliozanetti.com, die der Homepage der offiziellen Website von Attilio Zanetti entspricht.<br>Die Informationen werden nur f\u00fcr die Website www.attiliozanetti.com bereitgestellt und nicht f\u00fcr andere Websites, die der Benutzer m\u00f6glicherweise \u00fcber Links konsultiert.<br>Die Informationen basieren auch auf der Empfehlung Nr. 2\/2001, dass die europ\u00e4ischen Beh\u00f6rden zum Schutz personenbezogener Daten in der durch Art. 29 der Richtlinie Nr. 95\/46\/EG, verabschiedet am 17. Mai 2001, um einige Mindestanforderungen f\u00fcr die Online-Erhebung personenbezogener Daten festzulegen, insbesondere die Methoden, Zeiten und Art der Informationen, die Datenverantwortliche den betroffenen Personen bei der Erhebung bereitstellen m\u00fcssen Stellen Sie unabh\u00e4ngig vom Zweck der Verbindung eine Verbindung zu Webseiten her.<br>Die Empfehlung und eine zusammenfassende Beschreibung ihrer Zwecke werden auf anderen Seiten dieser Website ver\u00f6ffentlicht.<\/p>\n\n\n\n<p><strong>DER \u201eEIGENT\u00dcMER\u201c DER BEHANDLUNG<\/strong><\/p>\n\n\n\n<p class=\"translation-block\">Nach Konsultation dieser Website k\u00f6nnen Daten verarbeitet werden, die sich auf identifizierte oder identifizierbare Personen beziehen.<br>Der \u201eEigent\u00fcmer\u201c ihrer Verarbeitung ist Attilio Zanetti mit Sitz in P.zza Matteotti, 40 \u2013 37011 \u2013 Bardolino \u2013 Verona \u2013 Partita VAT 02179180233 \u2013 PEC: attilio.zanetti@pec.it \u2013 R.E.A. VR-224111 \u2013 E-Mail: info@attiliozanetti.com \u2013 Tel. +39 347 2591693<\/p>\n\n\n\n<p><strong>ORT DER DATENVERARBEITUNG<\/strong><\/p>\n\n\n\n<p class=\"translation-block\">Die mit den Webdiensten dieser Website verbundenen Verarbeitungen erfolgen bei Attilio Zanetti mit Sitz in P.zza Matteotti, 40 \u2013 37011 \u2013 Bardolino \u2013 Verona und werden ausschlie\u00dflich von technischem Personal des f\u00fcr die Verarbeitung zust\u00e4ndigen B\u00fcros oder von durchgef\u00fchrt Alle Personen, die f\u00fcr gelegentliche Wartungsarbeiten verantwortlich sind.<br>Es werden keine Daten aus dem Webdienst \u00fcbermittelt oder verbreitet.<br>Die von den Nutzern, die Informationsmaterialanfragen senden, angegebenen personenbezogenen Daten werden ausschlie\u00dflich zum Zweck der Erbringung des Dienstes verwendet oder Bereitstellung verlangt und nur dann an Dritte weitergegeben, wenn dies zu diesem Zweck erforderlich ist.<\/p>\n\n\n\n<p><strong>ARTEN DER VERARBEITETEN DATEN<\/strong><\/p>\n\n\n\n<p class=\"translation-block\">Navigationsdaten<br>Die f\u00fcr den Betrieb dieser Website verwendeten Computersysteme und Softwareverfahren erfassen w\u00e4hrend ihres normalen Betriebs einige personenbezogene Daten, deren \u00dcbermittlung bei der Verwendung von Internet-Kommunikationsprotokollen implizit erfolgt.<br> Dabei handelt es sich um Informationen, die nicht erfasst werden mit identifizierten Interessenten in Verbindung gebracht werden, die jedoch aufgrund ihrer Beschaffenheit durch Verarbeitung und Verkn\u00fcpfung mit Daten im Besitz Dritter eine Identifizierung der Benutzer erm\u00f6glichen k\u00f6nnten.<br>Zu dieser Datenkategorie geh\u00f6ren Adressen, IP-Adressen oder Dom\u00e4nennamen der von Benutzern verwendeten Computer wer sich mit der Site verbindet, die Adressen in URI-Notation (Uniform Resource Identifier) \u200b\u200bder angeforderten Ressourcen, die Uhrzeit der Anfrage, die zum Senden der Anfrage an den Server verwendete Methode, die Gr\u00f6\u00dfe der als Antwort erhaltenen Datei, die numerischer Code, der den Status der vom Server gegebenen Antwort angibt (erfolgreich, Fehler usw.) und andere Parameter, die sich auf das Betriebssystem und die IT-Umgebung des Benutzers beziehen.<br>Diese Daten werden ausschlie\u00dflich zum Zweck der Gewinnung anonymer statistischer Informationen verwendet \u00fcber die Nutzung der Website und zur \u00dcberpr\u00fcfung der korrekten Funktion erhoben und werden nach der Verarbeitung unverz\u00fcglich gel\u00f6scht. Die Daten k\u00f6nnten zur Feststellung der Verantwortlichkeit im Falle hypothetischer Computerkriminalit\u00e4t gegen die Website verwendet werden: Abgesehen von diesem Fall werden Daten zu Webkontakten derzeit nicht l\u00e4nger als sieben Tage gespeichert.<br>Vom Benutzer freiwillig bereitgestellte Daten <br> Das optionale, ausdr\u00fcckliche und freiwillige Versenden von E-Mails an die auf dieser Website angegebenen Adressen erfordert die anschlie\u00dfende Erfassung der Absenderadresse, die f\u00fcr die Beantwortung von Anfragen erforderlich ist, sowie aller anderen in der Nachricht enthaltenen personenbezogenen Daten.<br>Zusammenfassung der Spezifikationen werden nach und nach auf den f\u00fcr bestimmte Dienste eingerichteten Seiten der Website auf Anfrage gemeldet oder angezeigt.<\/p>\n\n\n\n<p><strong>COOKIES<\/strong><\/p>\n\n\n\n<p class=\"translation-block\"><strong>Was ist ein Cookie?<\/strong><br>Ein Cookie ist eine kleine Textdatei, die vom Computer gespeichert wird, wenn ein Benutzer eine Website besucht. Der Text speichert Informationen, die die Website lesen kann, wenn sie zu einem sp\u00e4teren Zeitpunkt aufgerufen wird. Einige dieser Cookies sind f\u00fcr das ordnungsgem\u00e4\u00dfe Funktionieren der Website erforderlich, w\u00e4hrend andere f\u00fcr den Besucher n\u00fctzlich sind, da sie beispielsweise den Benutzernamen oder die Spracheinstellungen sicher speichern k\u00f6nnen. Der Vorteil der Installation von Cookies auf Ihrem PC besteht darin, dass Sie nicht mehr jedes Mal dieselben Informationen eingeben m\u00fcssen, wenn Sie auf eine zuvor besuchte Website zugreifen m\u00f6chten.<\/p>\n\n\n\n<p><strong>Warum verwendet unsere Website Cookies?<\/strong><br>Unsere Website verwendet Cookies, um ihren Kunden ein Einkaufserlebnis zu bieten, das so gut wie m\u00f6glich auf ihren Geschmack und ihre Vorlieben zugeschnitten ist. Wir verwenden Cookies, um sicherzustellen, dass Sie nicht bei jedem Besuch der Website die gleichen Informationen erhalten oder eingeben m\u00fcssen. Cookies werden auch verwendet, um die Leistung der Website zu optimieren: Sie erleichtern es Ihnen, einen endg\u00fcltigen Kauf zu t\u00e4tigen und bestimmte Artikel und Produkte auf der Website schnell zu finden. Um Ihre pers\u00f6nlichen Daten vor m\u00f6glichem Verlust und jeder Form der unrechtm\u00e4\u00dfigen Verarbeitung zu sch\u00fctzen, haben wir geeignete technische und organisatorische Ma\u00dfnahmen getroffen. Weitere Informationen finden Sie in unserer Datenschutzrichtlinie.<\/p>\n\n\n\n<p class=\"translation-block\"><strong>Welche Arten von Cookies verwenden wir und zu welchem \u200b\u200bZweck?<\/strong><br>Unsere Website verwendet verschiedene Arten von Cookies, von denen jedes eine bestimmte Funktion hat.<\/p>\n\n\n\n<p class=\"translation-block\"><strong>Navigations-Cookies<\/strong><br>Diese Cookies erm\u00f6glichen die ordnungsgem\u00e4\u00dfe Funktion der Website und erm\u00f6glichen Ihnen, die Inhalte vom ersten Zugriff an in Ihrer Sprache und f\u00fcr Ihren Markt anzuzeigen. Sie k\u00f6nnen erkennen, aus welchem \u200b\u200bLand Sie eine Verbindung herstellen, und stellen sicher, dass Sie bei jedem Besuch der Website automatisch zur Version der Website f\u00fcr Ihr Land weitergeleitet werden. Sie erm\u00f6glichen Ihnen auch die Erstellung eines Kontos, die Anmeldung und die Verwaltung Ihrer Bestellungen. Wenn Sie ein registrierter Benutzer sind, kann die Website Sie dank Cookies als solchen erkennen, wenn Sie auf die Dienste zugreifen, die registrierten Benutzern angeboten werden. Diese Cookies erkennen Sie, wenn Sie auf der Website \u00fcber eine Partner- oder Partnerseite einkaufen, damit wir unseren Verpflichtungen gegen\u00fcber Partnerseiten nachkommen k\u00f6nnen. Diese Cookies sind f\u00fcr die Funktion der Website erforderlich.<\/p>\n\n\n\n<p class=\"translation-block\"><strong>Funktionelle Cookies<\/strong><br>Diese Cookies sind f\u00fcr das Funktionieren der Website nicht unbedingt erforderlich, verbessern jedoch die Qualit\u00e4t und das Surferlebnis.<\/p>\n\n\n\n<p class=\"translation-block\"><strong>Analytische Cookies<\/strong><br>Diese Cookies werden beispielsweise von Google Analytics verwendet, um statistische Analysen dar\u00fcber durchzuf\u00fchren, wie Benutzer \u00fcber Computer oder mobile Anwendungen auf der Website navigieren, wie viele Seiten besucht werden oder wie viele Klicks auf einer Seite erstellt, w\u00e4hrend Sie eine Website durchsuchen. Wir verarbeiten die Ergebnisse dieser Analysen anonym und ausschlie\u00dflich zu statistischen Zwecken nur dann, wenn der Dienstanbieter Cookies in Verbindung mit dem auf Ihrem Computer oder anderen Ger\u00e4ten, mit denen Sie auf unserer Website surfen, installierten Browser verwendet.<br>Wie kann ich Cookies durch Konfiguration Ihres Browsers deaktivieren? Browser?<br>Es ist m\u00f6glich, Ihren Browser so zu \u00e4ndern, dass Cookies durch ein sehr einfaches Verfahren deaktiviert werden. Achtung: Durch die Deaktivierung von Cookies werden sowohl Benutzername als auch Passwort nicht mehr im Login-Feld der Website gespeichert. Die meisten Browser (Internet Explorer, Firefox usw.) sind so konfiguriert, dass sie Cookies akzeptieren. Bei den meisten Browsern k\u00f6nnen Sie Cookies jedoch \u00fcber Ihre Browsereinstellungen steuern und sogar deaktivieren. Wir weisen Sie jedoch darauf hin, dass die Deaktivierung von Navigations- oder Funktionscookies zu Fehlfunktionen der Website und\/oder einer Einschr\u00e4nkung des von uns angebotenen Dienstes f\u00fchren kann.<br>Um mehr \u00fcber Cookies zu erfahren und wie Sie Drittanbieter- oder Marketing-Cookies\/Retargeting verwalten oder deaktivieren k\u00f6nnen, Sie k\u00f6nnen www.youronlinechoices.com besuchen. Um stattdessen analytische Cookies zu deaktivieren und zu verhindern, dass Google Analytics Daten \u00fcber Ihr Surfverhalten erfasst, k\u00f6nnen Sie das Browser-Add-on zur Deaktivierung von Google Analytics herunterladen: tools.google.com\/dlpage\/gaoptout.<\/p>\n\n\n\n<p><strong>Google Chrome:<\/strong><\/p>\n\n\n\n<ul class=\"wp-block-list\">\n<li>F\u00fchren Sie den Chrome-Browser aus<\/li>\n\n\n\n<li>Klicken Sie zur Navigation auf das Chrome-Einstellungsmen\u00fc in der Browser-Symbolleiste neben dem URL-Eingabefenster<\/li>\n\n\n\n<li>Einstellungen ausw\u00e4hlen<\/li>\n\n\n\n<li>Klicken Sie auf Erweiterte Einstellungen anzeigen<\/li>\n\n\n\n<li>Klicken Sie im Bereich \u201eDatenschutz\u201c auf die Schaltfl\u00e4che \u201eInhaltseinstellungen\u201c.<\/li>\n\n\n\n<li>Im Bereich \u201eCookies\u201c k\u00f6nnen Sie folgende Cookie-Einstellungen \u00e4ndern:<\/li>\n\n\n\n<li>Erlauben Sie die lokale Speicherung von Daten<\/li>\n\n\n\n<li>\u00c4ndern Sie lokale Daten nur, bis der Browser geschlossen wird<\/li>\n\n\n\n<li>Verhindern Sie, dass Websites Cookies setzen<\/li>\n\n\n\n<li>Blockieren Sie Cookies von Drittanbietern und Standortdaten<\/li>\n\n\n\n<li>Ausnahmen f\u00fcr einige Websites verwalten<\/li>\n\n\n\n<li>L\u00f6schen eines oder aller Cookies<\/li>\n<\/ul>\n\n\n\n<p>Weitere Informationen finden Sie auf der entsprechenden Seite<\/p>\n\n\n\n<p><strong>Mozilla firefox:<\/strong><\/p>\n\n\n\n<ul class=\"wp-block-list\">\n<li>Ausf\u00fchren des Mozilla Firefox-Browsers<\/li>\n\n\n\n<li>Klicken Sie auf das Firefox-Einstellungsmen\u00fc in der Browser-Symbolleiste neben dem Fenster zur Eingabe von URLs f\u00fcr das Surfen<\/li>\n\n\n\n<li>Optionen ausw\u00e4hlen<\/li>\n\n\n\n<li>W\u00e4hlen Sie den Bereich Datenschutz<\/li>\n\n\n\n<li>Klicken Sie auf Erweiterte Einstellungen anzeigen<\/li>\n\n\n\n<li>Klicken Sie im Bereich \u201eDatenschutz\u201c auf die Schaltfl\u00e4che \u201eInhaltseinstellungen\u201c.<\/li>\n\n\n\n<li>Im Abschnitt \"Tracking\" k\u00f6nnen die folgenden Cookie-Einstellungen ge\u00e4ndert werden<\/li>\n\n\n\n<li>Verlangt, dass Websites kein Tracking durchf\u00fchren<\/li>\n\n\n\n<li>Benachrichtigung der Websites \u00fcber ihre Bereitschaft, verfolgt zu werden<\/li>\n\n\n\n<li>\u00dcbermitteln Sie keine Einstellungen zur Datenverfolgung<\/li>\n\n\n\n<li>In der Rubrik \"Geschichte\" ist dies m\u00f6glich:<\/li>\n\n\n\n<li>Wenn Sie die Option \"Benutzerdefinierte Einstellungen verwenden\" aktivieren, k\u00f6nnen Sie w\u00e4hlen, ob Sie Cookies von Drittanbietern akzeptieren m\u00f6chten (immer, von den am h\u00e4ufigsten besuchten Websites oder nie) und ob sie f\u00fcr einen bestimmten Zeitraum aufbewahrt werden sollen (bis sie ablaufen, wenn<br>Firefox oder jedes Mal zu fragen)<\/li>\n\n\n\n<li>Entfernen einzelner gespeicherter Cookies<\/li>\n<\/ul>\n\n\n\n<p>Weitere Informationen finden Sie auf der entsprechenden Seite<\/p>\n\n\n\n<p><strong>Internet Explorer:<\/strong><\/p>\n\n\n\n<ul class=\"wp-block-list\">\n<li>Ausf\u00fchren des Internet Explorer-Browsers<\/li>\n\n\n\n<li>Klicken Sie auf die Schaltfl\u00e4che Extras und w\u00e4hlen Sie Internetoptionen<\/li>\n\n\n\n<li>Klicken Sie auf die Registerkarte Datenschutz und \u00e4ndern Sie im Abschnitt Einstellungen den Schieberegler auf die gew\u00fcnschte Cookie-Aktion:<\/li>\n\n\n\n<li>Blockieren aller Cookies<\/li>\n\n\n\n<li>Alle Cookies zulassen<\/li>\n\n\n\n<li>Auswahl der Websites, von denen Cookies bezogen werden sollen: Bewegen Sie den Cursor auf eine Zwischenposition, um nicht alle Cookies zu blockieren oder zuzulassen, klicken Sie dann auf Sites, geben Sie im Feld Website-Adresse eine Website ein und klicken Sie dann auf Blockieren oder Zulassen<\/li>\n<\/ul>\n\n\n\n<p>Weitere Informationen finden Sie auf der entsprechenden Seite<\/p>\n\n\n\n<p><strong>Safari:<\/strong><\/p>\n\n\n\n<ul class=\"wp-block-list\">\n<li>Ausf\u00fchren des Safari-Browsers<\/li>\n\n\n\n<li>Klicken Sie auf Safari, w\u00e4hlen Sie Einstellungen und klicken Sie auf Datenschutz<\/li>\n\n\n\n<li>Legen Sie im Abschnitt \"Cookies blockieren\" fest, wie Safari Cookies von Internet-Sites akzeptieren soll.<\/li>\n\n\n\n<li>Um zu sehen, welche Websites Cookies gespeichert haben, klicken Sie auf Details<\/li>\n<\/ul>\n\n\n\n<p>Weitere Informationen finden Sie auf der entsprechenden Seite<\/p>\n\n\n\n<p><strong>Safari IOS (mobile Ger\u00e4te):<\/strong><\/p>\n\n\n\n<ul class=\"wp-block-list\">\n<li>Ausf\u00fchren des iOS Safari-Browsers<\/li>\n\n\n\n<li>Tippen Sie auf Einstellungen und dann auf Safari<\/li>\n\n\n\n<li>Tippen Sie auf Cookies blockieren und w\u00e4hlen Sie eine der folgenden Optionen: \"Nie\", \"Drittanbieter und Werbetreibende\" oder \"Immer\".<\/li>\n\n\n\n<li>Um alle von Safari gespeicherten Cookies zu l\u00f6schen, tippen Sie auf Einstellungen, dann auf Safari und schlie\u00dflich auf Cookies und Daten l\u00f6schen<\/li>\n<\/ul>\n\n\n\n<p>Weitere Informationen finden Sie auf der entsprechenden Seite<\/p>\n\n\n\n<p><strong>Oper:<\/strong><\/p>\n\n\n\n<ul class=\"wp-block-list\">\n<li>Ausf\u00fchren des Opera-Browsers<\/li>\n\n\n\n<li>Klicken Sie auf Pr\u00e4ferenzen, dann auf Erweitert und schlie\u00dflich auf Cookies<\/li>\n\n\n\n<li>W\u00e4hlen Sie eine der folgenden Optionen:<\/li>\n\n\n\n<li>Alle Cookies akzeptieren<\/li>\n\n\n\n<li>Akzeptieren Sie nur Cookies von der Website, die Sie gerade besuchen: Cookies von Drittanbietern und Cookies, die von einer anderen Domain als der, die Sie gerade besuchen, gesendet werden, werden abgelehnt.<\/li>\n\n\n\n<li>Keine Cookies akzeptieren: alle Cookies werden nicht gespeichert<\/li>\n<\/ul>\n\n\n\n<p>Weitere Informationen finden Sie auf der entsprechenden Seite<\/p>\n\n\n\n<p><strong>Optionale Bereitstellung von Daten<\/strong><\/p>\n\n\n\n<p>Abgesehen von dem, was f\u00fcr Navigationsdaten angegeben ist, steht es dem Benutzer frei, personenbezogene Daten bereitzustellen, die in den Anfrageformularen der Website enthalten sind oder anderweitig in Kontakten mit dem B\u00fcro angegeben wurden, um die Zusendung von Informationsmaterial oder anderen Mitteilungen anzufordern.<\/p>\n\n\n\n<p>Werden diese nicht bereitgestellt, ist es m\u00f6glicherweise nicht m\u00f6glich, die gew\u00fcnschte Leistung zu erhalten.<\/p>\n\n\n\n<p>Der Vollst\u00e4ndigkeit halber sei daran erinnert, dass die Beh\u00f6rde in bestimmten F\u00e4llen (die nicht zur normalen Verwaltung dieser Website geh\u00f6ren) Nachrichten und Informationen gem\u00e4\u00df Art. 157 des Gesetzesdekrets Nr. 196\/2003, der EU-Verordnung Nr. 2016\/679 (DSGVO) zum Zwecke der Kontrolle der Verarbeitung personenbezogener Daten. In diesen F\u00e4llen ist die Antwort unter Androhung verwaltungsrechtlicher Sanktionen zwingend erforderlich.<\/p>\n\n\n\n<p><strong>VERARBEITUNGSMETHODEN<\/strong><\/p>\n\n\n\n<p class=\"translation-block\">Personenbezogene Daten werden mit automatisierten Werkzeugen so lange verarbeitet, wie es unbedingt erforderlich ist, um die Zwecke zu erreichen, f\u00fcr die sie erhoben wurden.<br>Es werden besondere Sicherheitsma\u00dfnahmen beachtet, um Datenverlust, illegale oder falsche Nutzung und unbefugten Zugriff zu verhindern.<\/p>\n\n\n\n<p><strong>RECHTE DER BETEILIGTEN<\/strong><\/p>\n\n\n\n<p class=\"translation-block\">Die Personen, auf die sich die personenbezogenen Daten beziehen, unterliegen dem Schutz der Bestimmungen des Gesetzesdekrets Nr. 196\/2003 und EU-Verordnung Nr. 2016\/679 DSGVO) in ihren Rechten auf Vertraulichkeit, Richtigkeit, Vollst\u00e4ndigkeit, Information \u00fcber die durchgef\u00fchrte Verarbeitung und Auskunft. Sie haben daher jederzeit das Recht, eine Best\u00e4tigung \u00fcber das Vorhandensein oder Nichtvorhandensein derselben Daten zu erhalten und deren Inhalt und Herkunft zu erfahren, ihre Richtigkeit zu \u00fcberpr\u00fcfen oder ihre Erg\u00e4nzung, Aktualisierung oder Berichtigung zu verlangen (Art. 7 des Gesetzesdekrets Nr. 196). \/2003 und Art. 15 DSGVO).<br>Gem\u00e4\u00df demselben Artikel haben Sie das Recht, die L\u00f6schung, Umwandlung in anonymisierte Form oder Sperrung der gesetzeswidrig verarbeiteten Daten zu verlangen und in jedem Fall Widerspruch einzulegen. aus berechtigten Gr\u00fcnden ihre Verarbeitung.<br>Anfragen sind an Attilio Zanetti zu richten, mit Sitz in P.zza Matteotti, 40 \u2013 37011 \u2013 Bardolino \u2013 Verona \u2013 Umsatzsteuer-Identifikationsnummer 02179180233 \u2013 PEC: attilio .zanetti@pec.it \u2013 R.E.A. VR-224111 \u2013 E-Mail: info@attiliozanetti.com \u2013 Tel. +39 347 2591693<br>Diese Seite ist \u00fcber den Link unten auf allen Seiten der Website gem\u00e4\u00df Art. sichtbar. 122 zweiter Absatz des Gesetzesdekrets. 196\/2003 und EU-Verordnung Nr. 2016\/679 DSGVO und gem\u00e4\u00df den vereinfachten Methoden f\u00fcr die Information und Einholung der Einwilligung zur Verwendung von Cookies, ver\u00f6ffentlicht im Amtsblatt Nr. 126 vom 3. Juni 2014 und im zugeh\u00f6rigen Ma\u00dfnahmenregister Nr. 229 vom 8. Mai.<\/p>","protected":false},"excerpt":{"rendered":"<p>In questa pagina si descrivono le modalit\u00e0 di gestione del sito in riferimento al trattamento dei dati personali degli utenti che lo consultano. Si tratta di un\u2019informativa che \u00e8 resa anche ai sensi dell\u2019art. 13 del d.lgs. n. 196\/2003 \u2013 Codice in materia di protezione dei dati personali e dell\u2019art. 13 del Regolamento UE n. 2016\/679, a coloro che interagiscono con i servizi web del sito internet www.attiliozanetti.com, accessibili per via telematica a partire dall\u2019indirizzo: https:\/\/attiliozanetti.com corrispondente alla pagina iniziale del sito ufficiale di Attilio Zanetti.L\u2019informativa \u00e8 resa solo per il sito www.attiliozanetti.com e non anche per altri siti web eventualmente consultati dall\u2019utente tramite link.L\u2019informativa si ispira anche alla Raccomandazione n. 2\/2001 che le autorit\u00e0 europee per la protezione dei dati personali, riunite nel Gruppo istituito dall\u2019art. 29 della direttiva n. 95\/46\/CE, hanno adottato il 17 maggio 2001 per individuare alcuni requisiti minimi per la raccolta di dati personali on-line, e, in particolare, le modalit\u00e0, i tempi e la natura delle informazioni che i titolari del trattamento devono fornire agli utenti quando questi si collegano a pagine web, indipendentemente dagli scopi del collegamento.La Raccomandazione e una descrizione di sintesi delle sue finalit\u00e0 sono riportate in altre pagine di questo sito. IL \u201cTITOLARE\u201d DEL TRATTAMENTO A seguito della consultazione di questo sito possono essere trattati dati relativi a persone identificate o identificabili.Il \u201ctitolare\u201d del loro trattamento \u00e8 Attilio Zanetti, che ha sede in P.zza Matteotti, 40 \u2013 37011 \u2013 Bardolino \u2013 Verona \u2013 Partita Iva 02179180233 \u2013 PEC: attilio.zanetti@pec.it \u2013 R.E.A. VR-224111 \u2013 Email: info@attiliozanetti.com \u2013 Tel. +39 347 2591693 LUOGO DI TRATTAMENTO DEI DATI I trattamenti connessi ai servizi web di questo sito hanno luogo presso Attilio Zanetti, che ha sede in P.zza Matteotti, 40 \u2013 37011 \u2013 Bardolino \u2013 Verona, e sono curati solo da personale tecnico dell\u2019Ufficio incaricato del trattamento, oppure da eventuali incaricati di occasionali operazioni di manutenzione.Nessun dato derivante dal servizio web viene comunicato o diffuso.I dati personali forniti dagli utenti che inoltrano richieste di invio di materiale informativo sono utilizzati al solo fine di eseguire il servizio o la prestazione richiesta e sono comunicati a terzi nel solo caso in cui ci\u00f2 sia a tal fine necessario. TIPI DI DATI TRATTATI Dati di navigazioneI sistemi informatici e le procedure software preposte al funzionamento di questo sito web acquisiscono, nel corso del loro normale esercizio, alcuni dati personali la cui trasmissione \u00e8 implicita nell\u2019uso dei protocolli di comunicazione di Internet.Si tratta di informazioni che non sono raccolte per essere associate a interessati identificati, ma che per loro stessa natura potrebbero, attraverso elaborazioni ed associazioni con dati detenuti da terzi, permettere di identificare gli utenti.In questa categoria di dati rientrano gli indirizzi IP o i nomi a dominio dei computer utilizzati dagli utenti che si connettono al sito, gli indirizzi in notazione URI (Uniform Resource Identifier) delle risorse richieste, l\u2019orario della richiesta, il metodo utilizzato nel sottoporre la richiesta al server, la dimensione del file ottenuto in risposta, il codice numerico indicante lo stato della risposta data dal server (buon fine, errore, ecc.) ed altri parametri relativi al sistema operativo e all\u2019ambiente informatico dell\u2019utente.Questi dati vengono utilizzati al solo fine di ricavare informazioni statistiche anonime sull\u2019uso del sito e per controllarne il corretto funzionamento e vengono cancellati immediatamente dopo l\u2019elaborazione. I dati potrebbero essere utilizzati per l\u2019accertamento di responsabilit\u00e0 in caso di ipotetici reati informatici ai danni del sito: salva questa eventualit\u00e0, allo stato i dati sui contatti web non persistono per pi\u00f9 di sette giorni.Dati forniti volontariamente dall\u2019utenteL\u2019invio facoltativo, esplicito e volontario di posta elettronica agli indirizzi indicati su questo sito comporta la successiva acquisizione dell\u2019indirizzo del mittente, necessario per rispondere alle richieste, nonch\u00e9 degli eventuali altri dati personali inseriti nella missiva.Specifiche informative di sintesi verranno progressivamente riportate o visualizzate nelle pagine del sito predisposte per particolari servizi a richiesta. COOKIES Che cosa \u00e8 un cookie?Un cookie \u00e8 un piccolo file di testo che viene memorizzato dal computer nel momento in cui un sito web viene visitato da un utente. Il testo memorizza informazioni che il sito \u00e8 in grado di leggere nel momento in cui viene consultato in un secondo momento. Alcuni di questi cookies sono necessari al corretto funzionamento del sito, altri sono invece utili al visitatore perch\u00e9 in grado di memorizzare in modo sicuro ad esempio il nome utente o le impostazioni di lingua. Il vantaggio di avere dei cookies installati nel proprio pc \u00e8 quello di non aver pi\u00f9 bisogno di compilare le stesse informazioni ogni qualvolta si voglia accedere ad un sito visitato in precedenza. Perch\u00e8 il nostro sito utilizza i cookies?Il nostro sito utilizza i cookies al fine di fornire ai propri clienti un\u2019esperienza di acquisto modellata il pi\u00f9 possibile intorno ai suoi gusti e preferenze. Tramite i cookies facciamo in modo che ad ogni visita sul sito non si debbano ricevere o inserire le stesse informazioni. I cookies vengono utilizzati anche al fine di ottimizzare le prestazioni del sito web: essi infatti rendono pi\u00f9 facile sia il procedimento finale di acquisto che la ricerca veloce di elementi e prodotti specifici all\u2019interno del sito. Al fine di proteggere i propri dati personali da possibili perdite e da qualsiasi forma di trattamento illecito abbiamo preso opportune misure tecniche ed organizzative. Per ulteriori informazioni si prega di consultare la nostra Informativa sulla privacy. Che tipo di cookie utilizziamo e a quale scopo?Il nostro sito utilizza diverse tipologie di cookie, ognuno dei quali ha una funzione specifica. Cookie di navigazioneQuesti cookie permettono al sito di funzionare correttamente e ti permettono di visualizzare i contenuti nella tua lingua e per il tuo mercato fin dal primo accesso. Sono in grado di riconoscere da quale Paese ti stai connettendo e fanno in modo che, ogni volta che visiterai il sito, sarai automaticamente indirizzato alla versione del sito per il tuo Paese. Ti permettono anche di creare un account, effettuare il login e gestire i tuoi ordini. Se sei un utente registrato, grazie ai cookie il sito potr\u00e0 riconoscerti come tale quando accederai ai servizi&#8230;<\/p>","protected":false},"author":1,"featured_media":0,"parent":0,"menu_order":0,"comment_status":"closed","ping_status":"open","template":"","meta":{"_monsterinsights_skip_tracking":false,"_monsterinsights_sitenote_active":false,"_monsterinsights_sitenote_note":"","_monsterinsights_sitenote_category":0,"footnotes":""},"class_list":{"0":"post-3","1":"page","2":"type-page","3":"status-publish","4":"hentry","5":"nt-post-class","6":"","7":"thumb-none","9":"excerpt-none"},"_links":{"self":[{"href":"https:\/\/attiliozanetti.com\/de\/wp-json\/wp\/v2\/pages\/3","targetHints":{"allow":["GET"]}}],"collection":[{"href":"https:\/\/attiliozanetti.com\/de\/wp-json\/wp\/v2\/pages"}],"about":[{"href":"https:\/\/attiliozanetti.com\/de\/wp-json\/wp\/v2\/types\/page"}],"author":[{"embeddable":true,"href":"https:\/\/attiliozanetti.com\/de\/wp-json\/wp\/v2\/users\/1"}],"replies":[{"embeddable":true,"href":"https:\/\/attiliozanetti.com\/de\/wp-json\/wp\/v2\/comments?post=3"}],"version-history":[{"count":1,"href":"https:\/\/attiliozanetti.com\/de\/wp-json\/wp\/v2\/pages\/3\/revisions"}],"predecessor-version":[{"id":10351,"href":"https:\/\/attiliozanetti.com\/de\/wp-json\/wp\/v2\/pages\/3\/revisions\/10351"}],"wp:attachment":[{"href":"https:\/\/attiliozanetti.com\/de\/wp-json\/wp\/v2\/media?parent=3"}],"curies":[{"name":"wp","href":"https:\/\/api.w.org\/{rel}","templated":true}]}}