{"id":10757,"date":"2024-05-28T13:58:35","date_gmt":"2024-05-28T11:58:35","guid":{"rendered":"https:\/\/attiliozanetti.com\/?page_id=10757"},"modified":"2025-02-10T08:58:42","modified_gmt":"2025-02-10T07:58:42","slug":"b2b","status":"publish","type":"page","link":"https:\/\/attiliozanetti.com\/de\/b2b\/","title":{"rendered":"B2B"},"content":{"rendered":"<div data-elementor-type=\"wp-page\" data-elementor-id=\"10757\" class=\"elementor elementor-10757\">\n\t\t\t\t<div class=\"gap- elementor-element elementor-element-c9cceb6 e-con-full elementor-hidden-tablet elementor-hidden-mobile_extra elementor-hidden-mobile e-flex wpr-particle-no wpr-jarallax-no wpr-parallax-no wpr-sticky-section-no e-con e-parent\" data-id=\"c9cceb6\" data-element_type=\"container\" data-settings=\"{&quot;background_background&quot;:&quot;classic&quot;}\">\n\t\t\t\t<\/div>\n\t\t<div class=\"gap- elementor-element elementor-element-aed3ebc e-con-full elementor-hidden-widescreen elementor-hidden-desktop elementor-hidden-laptop elementor-hidden-tablet_extra e-flex wpr-particle-no wpr-jarallax-no wpr-parallax-no wpr-sticky-section-no e-con e-parent\" data-id=\"aed3ebc\" data-element_type=\"container\" data-settings=\"{&quot;background_background&quot;:&quot;classic&quot;}\">\n\t\t\t\t<div class=\"elementor-element elementor-element-c248b6b elementor-widget elementor-widget-spacer\" data-id=\"c248b6b\" data-element_type=\"widget\" data-widget_type=\"spacer.default\">\n\t\t\t\t<div class=\"elementor-widget-container\">\n\t\t\t\t\t\t\t<div class=\"elementor-spacer\">\n\t\t\t<div class=\"elementor-spacer-inner\"><\/div>\n\t\t<\/div>\n\t\t\t\t\t\t<\/div>\n\t\t\t\t<\/div>\n\t\t\t\t<\/div>\n\t\t<div class=\"gap- elementor-element elementor-element-00a3537 nt-section section-padding e-flex e-con-boxed wpr-particle-no wpr-jarallax-no wpr-parallax-no wpr-sticky-section-no e-con e-parent\" data-id=\"00a3537\" data-element_type=\"container\" id=\"s1\" data-settings=\"{&quot;background_background&quot;:&quot;classic&quot;}\">\n\t\t\t\t\t<div class=\"e-con-inner\">\n\t\t<div class=\"gap- elementor-element elementor-element-63e3a37 e-con-full e-flex wpr-particle-no wpr-jarallax-no wpr-parallax-no wpr-sticky-section-no e-con e-child\" data-id=\"63e3a37\" data-element_type=\"container\">\n\t\t\t\t<div class=\"elementor-element elementor-element-72a811d elementor-widget__width-initial goldsmith-transform transform-type-translate elementor-invisible elementor-widget elementor-widget-heading\" data-id=\"72a811d\" data-element_type=\"widget\" data-settings=\"{&quot;_animation&quot;:&quot;fadeIn&quot;,&quot;_animation_delay&quot;:600}\" data-widget_type=\"heading.default\">\n\t\t\t\t<div class=\"elementor-widget-container\">\n\t\t\t\t\t<h4 class=\"elementor-heading-title elementor-size-default\">ARBEITEN SIE MIT UNS ZUSAMMEN<\/h4>\t\t\t\t<\/div>\n\t\t\t\t<\/div>\n\t\t\t\t<div class=\"elementor-element elementor-element-c6a4634 elementor-widget__width-initial goldsmith-transform transform-type-translate elementor-invisible elementor-widget elementor-widget-heading\" data-id=\"c6a4634\" data-element_type=\"widget\" data-settings=\"{&quot;_animation&quot;:&quot;fadeIn&quot;,&quot;_animation_delay&quot;:600}\" data-widget_type=\"heading.default\">\n\t\t\t\t<div class=\"elementor-widget-container\">\n\t\t\t\t\t<p class=\"elementor-heading-title elementor-size-default\">F\u00fcr Informationen zum Kauf der ForOneForTwo-Kollektion laden wir Sie ein, unseren Ausstellungsraum im Spazio Spiga, Via della Spiga 7, 20121 Mailand, zu besuchen. F\u00fcr weitere Details oder eine Terminvereinbarung kontaktieren Sie uns bitte per E-Mail unter <a href=\"mailto:showroom@szstudiomilano.com\">showroom@szstudiomilano.com<\/a>.<br><br>\n\nDerzeit wird unsere Linie ausschlie\u00dflich im Ausland vertrieben, mit besonderem Augenmerk auf die M\u00e4rkte USA, T\u00fcrkei und Karibik. Wenn Sie mehr \u00fcber unser Projekt erfahren m\u00f6chten, z\u00f6gern Sie nicht, uns direkt zu kontaktieren oder zu schreiben <a href=\"mailto:info@attiliozanetti.com\">info@attiliozanetti.com<\/a>. Gerne stellen wir Ihnen alle notwendigen Informationen zur Verf\u00fcgung.<\/p>\t\t\t\t<\/div>\n\t\t\t\t<\/div>\n\t\t\t\t<\/div>\n\t\t\t\t\t<\/div>\n\t\t\t\t<\/div>\n\t\t<div class=\"gap- elementor-element elementor-element-175b93b e-flex e-con-boxed wpr-particle-no wpr-jarallax-no wpr-parallax-no wpr-sticky-section-no e-con e-parent\" data-id=\"175b93b\" data-element_type=\"container\" data-settings=\"{&quot;background_background&quot;:&quot;classic&quot;}\">\n\t\t\t\t\t<div class=\"e-con-inner\">\n\t\t<div class=\"gap- elementor-element elementor-element-483c5e8 e-con-full e-flex wpr-particle-no wpr-jarallax-no wpr-parallax-no wpr-sticky-section-no e-con e-child\" data-id=\"483c5e8\" data-element_type=\"container\">\n\t\t\t\t<div class=\"elementor-element elementor-element-a03061c elementor-widget__width-initial goldsmith-transform transform-type-translate elementor-invisible elementor-widget elementor-widget-heading\" data-id=\"a03061c\" data-element_type=\"widget\" data-settings=\"{&quot;_animation&quot;:&quot;fadeIn&quot;,&quot;_animation_delay&quot;:600}\" data-widget_type=\"heading.default\">\n\t\t\t\t<div class=\"elementor-widget-container\">\n\t\t\t\t\t<p class=\"elementor-heading-title elementor-size-default\">ITALIEN<br>\n<b>ATTILIO ZANETTI<\/b><br>\nJewels &amp; Design<br>\nPiazza Matteotti 40 -\n37011 Bardolino (VR)<br>\nTelefon +39 045 6211219 -\ninfo@attiliozanetti.com\n<br><br>\nT\u00dcRKEI<br>\n<b>SUULIN<\/b><br>\nMollafenari Mah.\nNuruosmaniye Cad.No: 36\/A\nCa\u011falo\u011flu\nFatih - Istambul<br>\nTelefon +90 (212) 5225958 -\nselcuk.baydeniz@suulin.com<br>\n<br><br>\nUSA - NEW YORK<br>\n<b>G.B.CLARK &amp; CO.<\/b><br>\nGina Bonacci Clark<br>\n106 Effingham-Platz\nWestfield NJ 07090<br>\nTelefon +1 (908) 400 0969 -\ngina@gb-clark.com<\/p>\t\t\t\t<\/div>\n\t\t\t\t<\/div>\n\t\t\t\t<\/div>\n\t\t<div class=\"gap- elementor-element elementor-element-cd2cb87 e-con-full e-flex wpr-particle-no wpr-jarallax-no wpr-parallax-no wpr-sticky-section-no e-con e-child\" data-id=\"cd2cb87\" data-element_type=\"container\">\n\t\t\t\t<div class=\"elementor-element elementor-element-07e8901 elementor-widget__width-initial goldsmith-transform transform-type-translate elementor-invisible elementor-widget elementor-widget-heading\" data-id=\"07e8901\" data-element_type=\"widget\" data-settings=\"{&quot;_animation&quot;:&quot;fadeIn&quot;,&quot;_animation_delay&quot;:600}\" data-widget_type=\"heading.default\">\n\t\t\t\t<div class=\"elementor-widget-container\">\n\t\t\t\t\t<p class=\"elementor-heading-title elementor-size-default\">KARIBIK<br>\n<b>DGI<\/b><br>\n10800 Biscayne Blvd.<br>\nZimmer 200\nMiami FL 33161<br>\nTelefon 305-759-2830 -\nbeatriz@dgiteam.com\n<br><br>\nUSA - FLORIDA<br>\n<b>GEMS OF AMERICA, INC.<\/b><br>\n10720 Caribbean Blvd.<br>\nSuite PH-600\nMiami FL 33189<br>\nTelefon 305-461-5456 - Mobil 305-785-4773 -\ngemsofamerica@usa.net<\/p>\t\t\t\t<\/div>\n\t\t\t\t<\/div>\n\t\t\t\t<\/div>\n\t\t\t\t\t<\/div>\n\t\t\t\t<\/div>\n\t\t<div class=\"gap- elementor-element elementor-element-1e360b3 e-flex e-con-boxed wpr-particle-no wpr-jarallax-no wpr-parallax-no wpr-sticky-section-no e-con e-parent\" data-id=\"1e360b3\" data-element_type=\"container\" data-settings=\"{&quot;background_background&quot;:&quot;classic&quot;}\">\n\t\t\t\t\t<div class=\"e-con-inner\">\n\t\t\t\t<div class=\"elementor-element elementor-element-e8cdaa8 elementor-widget elementor-widget-spacer\" data-id=\"e8cdaa8\" data-element_type=\"widget\" data-widget_type=\"spacer.default\">\n\t\t\t\t<div class=\"elementor-widget-container\">\n\t\t\t\t\t\t\t<div class=\"elementor-spacer\">\n\t\t\t<div class=\"elementor-spacer-inner\"><\/div>\n\t\t<\/div>\n\t\t\t\t\t\t<\/div>\n\t\t\t\t<\/div>\n\t\t\t\t\t<\/div>\n\t\t\t\t<\/div>\n\t\t\t\t<\/div>","protected":false},"excerpt":{"rendered":"<p>COLLABORA CON NOI Per informazioni sull\u2019acquisto della collezione ForOneForTwo, vi invitiamo a visitare il nostro showroom, situato all\u2019interno di Spazio Spiga, in Via della Spiga 7, 20121 Milano. Per ulteriori dettagli o per fissare un appuntamento, vi preghiamo di contattarci via email all&#8217;indirizzo showroom@szstudiomilano.com. Attualmente, la nostra linea \u00e8 distribuita esclusivamente all\u2019estero, con particolare attenzione ai mercati di Stati Uniti, Turchia e Caraibi. Se desiderate conoscere meglio il nostro progetto, non esitate a contattarci direttamente o a scrivere a info@attiliozanetti.com. Saremo lieti di fornirvi tutte le informazioni necessarie. ITALIA ATTILIO ZANETTI Jewels &#038; Design Piazza Matteotti 40 &#8211; 37011 Bardolino (VR) Phone +39 045 6211219 &#8211; info@attiliozanetti.com TURCHIA SUULIN Mollafenari Mah. Nuruosmaniye Cad.No: 36\/A Ca\u011falo\u011flu Fatih &#8211; Istambul Phone +90 (212) 5225958 &#8211; selcuk.baydeniz@suulin.com USA &#8211; NEW YORK G.B.CLARK &#038; CO. Gina Bonacci Clark 106 Effingham Place Westfield NJ 07090 Phone +1 (908) 400 0969 &#8211; gina@gb-clark.com CARAIBI DGI 10800 Biscayne Blvd. Suite 200 Miami FL 33161 Phone 305-759-2830 &#8211; beatriz@dgiteam.com USA &#8211; FLORIDA GEMS OF AMERICA, INC. 10720 Caribbean Blvd. Suite PH-600 Miami FL 33189 Phone 305-461-5456 &#8211; Mobile 305-785-4773 &#8211; gemsofamerica@usa.net<\/p>","protected":false},"author":1,"featured_media":0,"parent":0,"menu_order":0,"comment_status":"closed","ping_status":"closed","template":"","meta":{"_monsterinsights_skip_tracking":false,"_monsterinsights_sitenote_active":false,"_monsterinsights_sitenote_note":"","_monsterinsights_sitenote_category":0,"footnotes":""},"class_list":{"0":"post-10757","1":"page","2":"type-page","3":"status-publish","4":"hentry","5":"nt-post-class","6":"","7":"thumb-none","9":"excerpt-none"},"_links":{"self":[{"href":"https:\/\/attiliozanetti.com\/de\/wp-json\/wp\/v2\/pages\/10757","targetHints":{"allow":["GET"]}}],"collection":[{"href":"https:\/\/attiliozanetti.com\/de\/wp-json\/wp\/v2\/pages"}],"about":[{"href":"https:\/\/attiliozanetti.com\/de\/wp-json\/wp\/v2\/types\/page"}],"author":[{"embeddable":true,"href":"https:\/\/attiliozanetti.com\/de\/wp-json\/wp\/v2\/users\/1"}],"replies":[{"embeddable":true,"href":"https:\/\/attiliozanetti.com\/de\/wp-json\/wp\/v2\/comments?post=10757"}],"version-history":[{"count":73,"href":"https:\/\/attiliozanetti.com\/de\/wp-json\/wp\/v2\/pages\/10757\/revisions"}],"predecessor-version":[{"id":12706,"href":"https:\/\/attiliozanetti.com\/de\/wp-json\/wp\/v2\/pages\/10757\/revisions\/12706"}],"wp:attachment":[{"href":"https:\/\/attiliozanetti.com\/de\/wp-json\/wp\/v2\/media?parent=10757"}],"curies":[{"name":"wp","href":"https:\/\/api.w.org\/{rel}","templated":true}]}}