{"id":107,"date":"2021-09-10T07:47:21","date_gmt":"2021-09-10T07:47:21","guid":{"rendered":"https:\/\/ninetheme.com\/themes\/goldsmith\/?page_id=107"},"modified":"2025-10-06T09:56:56","modified_gmt":"2025-10-06T07:56:56","slug":"atelier","status":"publish","type":"page","link":"https:\/\/attiliozanetti.com\/de\/atelier\/","title":{"rendered":"Atelier"},"content":{"rendered":"<div data-elementor-type=\"wp-page\" data-elementor-id=\"107\" class=\"elementor elementor-107\">\n\t\t\t\t<div class=\"gap- elementor-element elementor-element-00a3537 nt-section section-padding e-flex e-con-boxed wpr-particle-no wpr-jarallax-no wpr-parallax-no wpr-sticky-section-no e-con e-parent\" data-id=\"00a3537\" data-element_type=\"container\" id=\"s1\" data-settings=\"{&quot;background_background&quot;:&quot;classic&quot;}\">\n\t\t\t\t\t<div class=\"e-con-inner\">\n\t\t<div class=\"gap- elementor-element elementor-element-63e3a37 e-con-full e-flex wpr-particle-no wpr-jarallax-no wpr-parallax-no wpr-sticky-section-no e-con e-child\" data-id=\"63e3a37\" data-element_type=\"container\">\n\t\t<div class=\"gap- elementor-element elementor-element-7123162 e-con-full e-flex wpr-particle-no wpr-jarallax-no wpr-parallax-no wpr-sticky-section-no e-con e-child\" data-id=\"7123162\" data-element_type=\"container\">\n\t\t<div class=\"gap- elementor-element elementor-element-57fe128 e-con-full e-flex wpr-particle-no wpr-jarallax-no wpr-parallax-no wpr-sticky-section-no e-con e-child\" data-id=\"57fe128\" data-element_type=\"container\">\n\t\t\t\t<div class=\"elementor-element elementor-element-c25b59c elementor-invisible elementor-widget elementor-widget-image\" data-id=\"c25b59c\" data-element_type=\"widget\" data-settings=\"{&quot;_animation&quot;:&quot;slideInUp&quot;}\" data-widget_type=\"image.default\">\n\t\t\t\t<div class=\"elementor-widget-container\">\n\t\t\t\t\t\t\t\t\t\t\t\t\t\t\t<img fetchpriority=\"high\" decoding=\"async\" width=\"2560\" height=\"2112\" src=\"https:\/\/attiliozanetti.com\/wp-content\/uploads\/2024\/06\/VETRINE-INTERNE-MOD-scaled.jpg\" class=\"elementor-animation-float attachment-full size-full wp-image-11143\" alt=\"\" \/>\t\t\t\t\t\t\t\t\t\t\t\t\t\t\t<\/div>\n\t\t\t\t<\/div>\n\t\t\t\t<\/div>\n\t\t<div class=\"gap- elementor-element elementor-element-abdb227 e-con-full e-flex wpr-particle-no wpr-jarallax-no wpr-parallax-no wpr-sticky-section-no e-con e-child\" data-id=\"abdb227\" data-element_type=\"container\">\n\t\t\t\t<div class=\"elementor-element elementor-element-31ef32c elementor-widget elementor-widget-goldsmith-widget-label\" data-id=\"31ef32c\" data-element_type=\"widget\" data-widget_type=\"goldsmith-widget-label.default\">\n\t\t\t\t<div class=\"elementor-widget-container\">\n\t\t\t\t\t<span class=\"goldsmith-widget-label label-solid label-square label-small goldsmith-label-yellow\">ATELIER<\/span>\t\t\t\t<\/div>\n\t\t\t\t<\/div>\n\t\t\t\t<div class=\"elementor-element elementor-element-eeb7ef4 goldsmith-transform transform-type-translate elementor-invisible elementor-widget elementor-widget-heading\" data-id=\"eeb7ef4\" data-element_type=\"widget\" data-settings=\"{&quot;_animation&quot;:&quot;fadeInDown&quot;,&quot;_animation_delay&quot;:400}\" data-widget_type=\"heading.default\">\n\t\t\t\t<div class=\"elementor-widget-container\">\n\t\t\t\t\t<h2 class=\"elementor-heading-title elementor-size-default\">JEWELS &amp; DESIGN SINCE 1956<\/h2>\t\t\t\t<\/div>\n\t\t\t\t<\/div>\n\t\t\t\t<div class=\"elementor-element elementor-element-c9b6458 elementor-widget__width-initial goldsmith-transform transform-type-translate elementor-invisible elementor-widget elementor-widget-heading\" data-id=\"c9b6458\" data-element_type=\"widget\" data-settings=\"{&quot;_animation&quot;:&quot;fadeIn&quot;,&quot;_animation_delay&quot;:600}\" data-widget_type=\"heading.default\">\n\t\t\t\t<div class=\"elementor-widget-container\">\n\t\t\t\t\t<p class=\"elementor-heading-title elementor-size-default\">Im Herzen des historischen Zentrums von Bardolino, am malerischen Gardasee, befindet sich unser Schmuckatelier. <br><br>\nHier realisieren wir unsere Kollektionen mit Leidenschaft und bieten eine Auswahl an klassischem Schmuck, trendigem Schmuck und wertvollen Vintage-Rolex-Uhren. <br><br>\nWir zeichnen uns seit jeher durch die Aufmerksamkeit aus, die wir jedem Kunden widmen: Wir h\u00f6ren auf seine Bed\u00fcrfnisse und setzen seine W\u00fcnsche in einzigartige Kreationen um. Dank der im Laufe der Jahre gesammelten Erfahrung in der Goldschmiedebranche verbinden wir Tradition und Innovation, um hochwertigen Schmuck anzubieten, der zeitlose Geschichten erz\u00e4hlt. <br><\/p>\t\t\t\t<\/div>\n\t\t\t\t<\/div>\n\t\t\t\t<\/div>\n\t\t\t\t<\/div>\n\t\t\t\t<\/div>\n\t\t\t\t\t<\/div>\n\t\t\t\t<\/div>\n\t\t<div class=\"gap- elementor-element elementor-element-1e1b0fd e-con-full e-flex wpr-particle-no wpr-jarallax-no wpr-parallax-no wpr-sticky-section-no e-con e-parent\" data-id=\"1e1b0fd\" data-element_type=\"container\" data-settings=\"{&quot;background_background&quot;:&quot;classic&quot;}\">\n\t\t<div class=\"gap- elementor-element elementor-element-b3cb2b6 e-flex e-con-boxed wpr-particle-no wpr-jarallax-no wpr-parallax-no wpr-sticky-section-no e-con e-child\" data-id=\"b3cb2b6\" data-element_type=\"container\" data-settings=\"{&quot;background_background&quot;:&quot;classic&quot;}\">\n\t\t\t\t\t<div class=\"e-con-inner\">\n\t\t<div class=\"gap- elementor-element elementor-element-2012bec e-con-full e-flex wpr-particle-no wpr-jarallax-no wpr-parallax-no wpr-sticky-section-no e-con e-child\" data-id=\"2012bec\" data-element_type=\"container\">\n\t\t<div class=\"gap- elementor-element elementor-element-e095f4e e-con-full e-flex wpr-particle-no wpr-jarallax-no wpr-parallax-no wpr-sticky-section-no e-con e-child\" data-id=\"e095f4e\" data-element_type=\"container\">\n\t\t<div class=\"gap- elementor-element elementor-element-5e03b53 e-con-full e-flex wpr-particle-no wpr-jarallax-no wpr-parallax-no wpr-sticky-section-no e-con e-child\" data-id=\"5e03b53\" data-element_type=\"container\">\n\t\t\t\t<div class=\"elementor-element elementor-element-af4efe2 elementor-invisible elementor-widget elementor-widget-image\" data-id=\"af4efe2\" data-element_type=\"widget\" data-settings=\"{&quot;_animation&quot;:&quot;slideInUp&quot;}\" data-widget_type=\"image.default\">\n\t\t\t\t<div class=\"elementor-widget-container\">\n\t\t\t\t\t\t\t\t\t\t\t\t\t\t\t<img decoding=\"async\" width=\"768\" height=\"1150\" src=\"https:\/\/attiliozanetti.com\/wp-content\/uploads\/2024\/05\/Attilio-768x1150.jpg\" class=\"elementor-animation-float attachment-medium_large size-medium_large wp-image-10716\" alt=\"\" \/>\t\t\t\t\t\t\t\t\t\t\t\t\t\t\t<\/div>\n\t\t\t\t<\/div>\n\t\t\t\t<\/div>\n\t\t<div class=\"gap- elementor-element elementor-element-42b3b76 e-con-full e-flex wpr-particle-no wpr-jarallax-no wpr-parallax-no wpr-sticky-section-no e-con e-child\" data-id=\"42b3b76\" data-element_type=\"container\">\n\t\t\t\t<div class=\"elementor-element elementor-element-2913478 elementor-widget elementor-widget-goldsmith-widget-label\" data-id=\"2913478\" data-element_type=\"widget\" data-widget_type=\"goldsmith-widget-label.default\">\n\t\t\t\t<div class=\"elementor-widget-container\">\n\t\t\t\t\t<span class=\"goldsmith-widget-label label-solid label-square label-small goldsmith-label-yellow\">attilio zanetti<\/span>\t\t\t\t<\/div>\n\t\t\t\t<\/div>\n\t\t\t\t<div class=\"elementor-element elementor-element-621edc1 goldsmith-transform transform-type-translate elementor-invisible elementor-widget elementor-widget-heading\" data-id=\"621edc1\" data-element_type=\"widget\" data-settings=\"{&quot;_animation&quot;:&quot;fadeInDown&quot;,&quot;_animation_delay&quot;:400}\" data-widget_type=\"heading.default\">\n\t\t\t\t<div class=\"elementor-widget-container\">\n\t\t\t\t\t<h2 class=\"elementor-heading-title elementor-size-default\">DER DESIGNER<\/h2>\t\t\t\t<\/div>\n\t\t\t\t<\/div>\n\t\t\t\t<div class=\"elementor-element elementor-element-9524c5b elementor-widget__width-initial goldsmith-transform transform-type-translate elementor-invisible elementor-widget elementor-widget-heading\" data-id=\"9524c5b\" data-element_type=\"widget\" data-settings=\"{&quot;_animation&quot;:&quot;fadeIn&quot;,&quot;_animation_delay&quot;:600}\" data-widget_type=\"heading.default\">\n\t\t\t\t<div class=\"elementor-widget-container\">\n\t\t\t\t\t<p class=\"elementor-heading-title elementor-size-default\">Die Leidenschaft f\u00fcr die Goldschmiedekunst liegt in der DNA von Attilio Zanetti. Alles begann 1956, als sein Vater das erste Juweliergesch\u00e4ft er\u00f6ffnete und damit das gro\u00dfe Abenteuer der Familie Zanetti in der Welt der Edelmetalle einleitete.<br><br>\nNach seiner Ausbildung in Valenza am Istituto d'Arte Orafa Benvenuto Cellini spezialisierte sich Attilio auf Schmuck und Gemmologie und erwarb technische und k\u00fcnstlerische F\u00e4higkeiten, die die Grundlage f\u00fcr seine Karriere als Designer bildeten. <br> <br>\n\nSein kreativer Weg ist reich an Projekten und Teilnahmen an Branchenveranstaltungen, mit Kollektionen, die die Aufmerksamkeit der nationalen und internationalen Medien auf sich gezogen haben. Zu den bekanntesten geh\u00f6ren die Herrenlinie Attila aus Platin, die Silber- und Goldringe Silver Moon, die Linien ForOne ForTwo und Sign in Diamonds: exklusiver Schmuck, der eine einzigartige Vision erz\u00e4hlt und in der Lage ist, Tradition und Zeitgeist zu verbinden.<br><br><br><br><br><br><br><br><br><\/p>\t\t\t\t<\/div>\n\t\t\t\t<\/div>\n\t\t\t\t<\/div>\n\t\t<div class=\"gap- elementor-element elementor-element-02635de e-con-full e-flex wpr-particle-no wpr-jarallax-no wpr-parallax-no wpr-sticky-section-no e-con e-child\" data-id=\"02635de\" data-element_type=\"container\">\n\t\t\t\t<div class=\"elementor-element elementor-element-23b7816 elementor-invisible elementor-widget elementor-widget-image\" data-id=\"23b7816\" data-element_type=\"widget\" data-settings=\"{&quot;_animation&quot;:&quot;slideInUp&quot;}\" data-widget_type=\"image.default\">\n\t\t\t\t<div class=\"elementor-widget-container\">\n\t\t\t\t\t\t\t\t\t\t\t\t\t\t\t<img decoding=\"async\" width=\"768\" height=\"1152\" src=\"https:\/\/attiliozanetti.com\/wp-content\/uploads\/2024\/05\/FOTO-2-VECCHIO-NEGOZIO-HOME.jpg\" class=\"elementor-animation-float attachment-full size-full wp-image-10717\" alt=\"\" \/>\t\t\t\t\t\t\t\t\t\t\t\t\t\t\t<\/div>\n\t\t\t\t<\/div>\n\t\t\t\t<\/div>\n\t\t\t\t<\/div>\n\t\t\t\t<\/div>\n\t\t\t\t\t<\/div>\n\t\t\t\t<\/div>\n\t\t\t\t<\/div>\n\t\t<div class=\"gap- elementor-element elementor-element-f371a36 e-con-full nt-section section-padding e-flex wpr-particle-no wpr-jarallax-no wpr-parallax-no wpr-sticky-section-no e-con e-parent\" data-id=\"f371a36\" data-element_type=\"container\" data-settings=\"{&quot;background_background&quot;:&quot;classic&quot;}\">\n\t\t<div class=\"gap- elementor-element elementor-element-3829834 e-con-full e-flex wpr-particle-no wpr-jarallax-no wpr-parallax-no wpr-sticky-section-no e-con e-child\" data-id=\"3829834\" data-element_type=\"container\" data-settings=\"{&quot;background_background&quot;:&quot;classic&quot;}\">\n\t\t<div class=\"gap- elementor-element elementor-element-054dad2 e-con-full e-flex wpr-particle-no wpr-jarallax-no wpr-parallax-no wpr-sticky-section-no e-con e-child\" data-id=\"054dad2\" data-element_type=\"container\">\n\t\t\t\t<div class=\"elementor-element elementor-element-1372d05 goldsmith-transform transform-type-translate elementor-widget elementor-widget-heading\" data-id=\"1372d05\" data-element_type=\"widget\" data-widget_type=\"heading.default\">\n\t\t\t\t<div class=\"elementor-widget-container\">\n\t\t\t\t\t<h2 class=\"elementor-heading-title elementor-size-default\">Entdecken Sie alle unsere Produkte<\/h2>\t\t\t\t<\/div>\n\t\t\t\t<\/div>\n\t\t\t\t<\/div>\n\t\t\t\t<\/div>\n\t\t\t\t<\/div>\n\t\t<div class=\"gap- elementor-element elementor-element-93a3303 e-flex e-con-boxed wpr-particle-no wpr-jarallax-no wpr-parallax-no wpr-sticky-section-no e-con e-parent\" data-id=\"93a3303\" data-element_type=\"container\" data-settings=\"{&quot;background_background&quot;:&quot;classic&quot;}\">\n\t\t\t\t\t<div class=\"e-con-inner\">\n\t\t<div class=\"gap- elementor-element elementor-element-fab3d98 e-con-full e-flex wpr-particle-no wpr-jarallax-no wpr-parallax-no wpr-sticky-section-no e-con e-child\" data-id=\"fab3d98\" data-element_type=\"container\">\n\t\t<div class=\"gap- elementor-element elementor-element-a6ac68a e-con-full e-flex wpr-particle-no wpr-jarallax-no wpr-parallax-no wpr-sticky-section-no e-con e-child\" data-id=\"a6ac68a\" data-element_type=\"container\">\n\t\t\t\t<div class=\"elementor-element elementor-element-d4127d1 elementor-widget elementor-widget-image\" data-id=\"d4127d1\" data-element_type=\"widget\" data-widget_type=\"image.default\">\n\t\t\t\t<div class=\"elementor-widget-container\">\n\t\t\t\t\t\t\t\t\t\t\t\t\t\t\t<img loading=\"lazy\" decoding=\"async\" width=\"768\" height=\"768\" src=\"https:\/\/attiliozanetti.com\/wp-content\/uploads\/2024\/12\/BRACCIALI-ALL-DIAMONDS.jpg\" class=\"attachment-large size-large wp-image-11904\" alt=\"\" \/>\t\t\t\t\t\t\t\t\t\t\t\t\t\t\t<\/div>\n\t\t\t\t<\/div>\n\t\t\t\t<div class=\"elementor-element elementor-element-110358c goldsmith-transform transform-type-translate elementor-widget elementor-widget-heading\" data-id=\"110358c\" data-element_type=\"widget\" data-widget_type=\"heading.default\">\n\t\t\t\t<div class=\"elementor-widget-container\">\n\t\t\t\t\t<h4 class=\"elementor-heading-title elementor-size-default\">ForOne ForTwo<\/h4>\t\t\t\t<\/div>\n\t\t\t\t<\/div>\n\t\t\t\t<div class=\"elementor-element elementor-element-96ac6ca elementor-widget elementor-widget-text-editor\" data-id=\"96ac6ca\" data-element_type=\"widget\" data-widget_type=\"text-editor.default\">\n\t\t\t\t<div class=\"elementor-widget-container\">\n\t\t\t\t\t\t\t\t\t<p>Armb\u00e4nder aus Gold, Stahl und Diamanten: Eleganz, die verbindet.<\/p>\t\t\t\t\t\t\t\t<\/div>\n\t\t\t\t<\/div>\n\t\t\t\t<div class=\"elementor-element elementor-element-34d6816 elementor-widget elementor-widget-goldsmith-button\" data-id=\"34d6816\" data-element_type=\"widget\" data-widget_type=\"goldsmith-button.default\">\n\t\t\t\t<div class=\"elementor-widget-container\">\n\t\t\t\t\t<a data-id=\"btn-34d6816\" class=\"type-widget goldsmith-btn goldsmith-btn-dark goldsmith-btn-solid goldsmith-btn-square goldsmith-btn-medium\" href=\"https:\/\/attiliozanetti.com\/de\/for-one-for-two\/\"><span class=\"goldsmith-button-inner\"><span class=\"goldsmith-btn-text\">Finde mehr heraus<\/span> <\/span><\/a>\t\t\t\t<\/div>\n\t\t\t\t<\/div>\n\t\t\t\t<\/div>\n\t\t<div class=\"gap- elementor-element elementor-element-74a50da e-con-full e-flex wpr-particle-no wpr-jarallax-no wpr-parallax-no wpr-sticky-section-no e-con e-child\" data-id=\"74a50da\" data-element_type=\"container\">\n\t\t\t\t<div class=\"elementor-element elementor-element-cf59b11 elementor-widget elementor-widget-image\" data-id=\"cf59b11\" data-element_type=\"widget\" data-widget_type=\"image.default\">\n\t\t\t\t<div class=\"elementor-widget-container\">\n\t\t\t\t\t\t\t\t\t\t\t\t\t\t\t<img loading=\"lazy\" decoding=\"async\" width=\"768\" height=\"768\" src=\"https:\/\/attiliozanetti.com\/wp-content\/uploads\/2024\/12\/ANELLI-SIGN-IN-DIAMONDS.jpg\" class=\"attachment-large size-large wp-image-11903\" alt=\"\" \/>\t\t\t\t\t\t\t\t\t\t\t\t\t\t\t<\/div>\n\t\t\t\t<\/div>\n\t\t\t\t<div class=\"elementor-element elementor-element-8a53646 goldsmith-transform transform-type-translate elementor-widget elementor-widget-heading\" data-id=\"8a53646\" data-element_type=\"widget\" data-widget_type=\"heading.default\">\n\t\t\t\t<div class=\"elementor-widget-container\">\n\t\t\t\t\t<h4 class=\"elementor-heading-title elementor-size-default\">Sonderanfertigung<\/h4>\t\t\t\t<\/div>\n\t\t\t\t<\/div>\n\t\t\t\t<div class=\"elementor-element elementor-element-c4b7350 elementor-widget elementor-widget-text-editor\" data-id=\"c4b7350\" data-element_type=\"widget\" data-widget_type=\"text-editor.default\">\n\t\t\t\t<div class=\"elementor-widget-container\">\n\t\t\t\t\t\t\t\t\t<div class=\"elementor-element elementor-element-7e5b7c9 elementor-widget elementor-widget-text-editor\" data-id=\"7e5b7c9\" data-element_type=\"widget\" data-widget_type=\"text-editor.default\"><div class=\"elementor-widget-container\"><p>Einzigartiger Schmuck, ma\u00dfgeschneidert, um Ihre Geschichte zu erz\u00e4hlen.<\/p><\/div><\/div>\t\t\t\t\t\t\t\t<\/div>\n\t\t\t\t<\/div>\n\t\t\t\t<div class=\"elementor-element elementor-element-8b461f8 elementor-widget elementor-widget-goldsmith-button\" data-id=\"8b461f8\" data-element_type=\"widget\" data-widget_type=\"goldsmith-button.default\">\n\t\t\t\t<div class=\"elementor-widget-container\">\n\t\t\t\t\t<a data-id=\"btn-8b461f8\" class=\"type-widget goldsmith-btn goldsmith-btn-dark goldsmith-btn-solid goldsmith-btn-square goldsmith-btn-medium\" href=\"https:\/\/attiliozanetti.com\/de\/custom-made\/\"><span class=\"goldsmith-button-inner\"><span class=\"goldsmith-btn-text\">Finde mehr heraus<\/span> <\/span><\/a>\t\t\t\t<\/div>\n\t\t\t\t<\/div>\n\t\t\t\t<\/div>\n\t\t<div class=\"gap- elementor-element elementor-element-eb8af14 e-con-full e-flex wpr-particle-no wpr-jarallax-no wpr-parallax-no wpr-sticky-section-no e-con e-child\" data-id=\"eb8af14\" data-element_type=\"container\">\n\t\t\t\t<div class=\"elementor-element elementor-element-057372c elementor-widget elementor-widget-image\" data-id=\"057372c\" data-element_type=\"widget\" data-widget_type=\"image.default\">\n\t\t\t\t<div class=\"elementor-widget-container\">\n\t\t\t\t\t\t\t\t\t\t\t\t\t\t\t<img loading=\"lazy\" decoding=\"async\" width=\"960\" height=\"960\" src=\"https:\/\/attiliozanetti.com\/wp-content\/uploads\/2025\/04\/DSC05012-1024x1024.jpg\" class=\"attachment-large size-large wp-image-13099\" alt=\"\" \/>\t\t\t\t\t\t\t\t\t\t\t\t\t\t\t<\/div>\n\t\t\t\t<\/div>\n\t\t\t\t<div class=\"elementor-element elementor-element-5ff6756 goldsmith-transform transform-type-translate elementor-widget elementor-widget-heading\" data-id=\"5ff6756\" data-element_type=\"widget\" data-widget_type=\"heading.default\">\n\t\t\t\t<div class=\"elementor-widget-container\">\n\t\t\t\t\t<h4 class=\"elementor-heading-title elementor-size-default\">Masterpieces<\/h4>\t\t\t\t<\/div>\n\t\t\t\t<\/div>\n\t\t\t\t<div class=\"elementor-element elementor-element-178ff69 elementor-widget elementor-widget-text-editor\" data-id=\"178ff69\" data-element_type=\"widget\" data-widget_type=\"text-editor.default\">\n\t\t\t\t<div class=\"elementor-widget-container\">\n\t\t\t\t\t\t\t\t\t<div class=\"elementor-element elementor-element-47a6b58 elementor-widget elementor-widget-text-editor\" data-id=\"47a6b58\" data-element_type=\"widget\" data-widget_type=\"text-editor.default\"><div class=\"elementor-widget-container\"><p>Stilikonen, die f\u00fcr die Ewigkeit bestimmt sind.<\/p><\/div><\/div>\t\t\t\t\t\t\t\t<\/div>\n\t\t\t\t<\/div>\n\t\t\t\t<div class=\"elementor-element elementor-element-1b0774a elementor-widget elementor-widget-goldsmith-button\" data-id=\"1b0774a\" data-element_type=\"widget\" data-widget_type=\"goldsmith-button.default\">\n\t\t\t\t<div class=\"elementor-widget-container\">\n\t\t\t\t\t<a data-id=\"btn-1b0774a\" class=\"type-widget goldsmith-btn goldsmith-btn-dark goldsmith-btn-solid goldsmith-btn-square goldsmith-btn-medium\" href=\"https:\/\/attiliozanetti.com\/de\/masterpieces\/\"><span class=\"goldsmith-button-inner\"><span class=\"goldsmith-btn-text\">Finde mehr heraus<\/span> <\/span><\/a>\t\t\t\t<\/div>\n\t\t\t\t<\/div>\n\t\t\t\t<\/div>\n\t\t\t\t<\/div>\n\t\t\t\t\t<\/div>\n\t\t\t\t<\/div>\n\t\t<div class=\"gap- elementor-element elementor-element-6b38125 e-flex e-con-boxed wpr-particle-no wpr-jarallax-no wpr-parallax-no wpr-sticky-section-no e-con e-parent\" data-id=\"6b38125\" data-element_type=\"container\" data-settings=\"{&quot;background_background&quot;:&quot;classic&quot;}\">\n\t\t\t\t\t<div class=\"e-con-inner\">\n\t\t<div class=\"gap- elementor-element elementor-element-c71d48a e-con-full e-flex wpr-particle-no wpr-jarallax-no wpr-parallax-no wpr-sticky-section-no e-con e-child\" data-id=\"c71d48a\" data-element_type=\"container\">\n\t\t\t\t<div class=\"elementor-element elementor-element-5549cfa elementor-widget elementor-widget-goldsmith-home-slider\" data-id=\"5549cfa\" data-element_type=\"widget\" data-widget_type=\"goldsmith-home-slider.default\">\n\t\t\t\t<div class=\"elementor-widget-container\">\n\t\t\t\t\t<div class=\"goldsmith-main-slider goldsmith-swiper-theme-style goldsmith-swiper-container goldsmith-swiper-slider nav-vertical-center\" data-swiper-options='{\"slidesPerView\":1,\"loop\":false,\"autoHeight\":false,\"autoplay\":{\"pauseOnMouseEnter\":true,\"disableOnInteraction\":false,\"delay\":5000},\"speed\":1000,\"spaceBetween\":0,\"direction\":\"horizontal\",\"wrapperClass\":\"goldsmith-swiper-wrapper\",\"navigation\":{\"nextEl\":\".slide-next-5549cfa\",\"prevEl\":\".slide-prev-5549cfa\"},\"pagination\":{\"el\":\".goldsmith-main-slider .goldsmith-pagination-5549cfa\",\"bulletClass\":\"goldsmith-swiper-bullet\",\"bulletActiveClass\":\"active\",\"type\":\"bullets\",\"clickable\":true}}'><div class=\"goldsmith-swiper-wrapper\"><div class=\"swiper-slide elementor-repeater-item-bda4deb\"><div class=\"goldsmith-slide-inner has-overlay\"><img loading=\"lazy\" decoding=\"async\" width=\"1920\" height=\"660\" src=\"https:\/\/attiliozanetti.com\/wp-content\/uploads\/2025\/09\/TESTATA-PRESS-AREA.jpg\" class=\"attachment-full size-full\" alt=\"\" \/><div class=\"slide-item-content\"><h2 class=\"goldsmith-slide-head\">Scopri le nostre uscite press pi\u00f9 iconiche<\/h2><div class=\"goldsmith-slide-link-wrapper\"><a class=\"goldsmith-btn-large goldsmith-btn goldsmith-btn-dark goldsmith-slide-link\" href=\"https:\/\/attiliozanetti.com\/de\/press-area\/\">mehr erfahren<\/a><\/div><\/div><\/div><\/div><\/div><\/div>\t\t\t\t<\/div>\n\t\t\t\t<\/div>\n\t\t\t\t<\/div>\n\t\t\t\t\t<\/div>\n\t\t\t\t<\/div>\n\t\t\t\t<\/div>","protected":false},"excerpt":{"rendered":"<p>ATELIER JEWELS &#038; DESIGN SINCE 1956 Nel cuore del centro storico di Bardolino, sul suggestivo Lago di Garda, si trova il nostro atelier di gioielleria. Qui realizziamo con passione le nostre collezioni, offrendo una selezione di gioielli classici, gioielli di tendenza e preziosi orologi Rolex vintage. Da sempre ci contraddistingue l\u2019attenzione dedicata ad ogni cliente: ascoltiamo le sue esigenze e trasformiamo i desideri in creazioni uniche. Grazie all\u2019esperienza maturata negli anni nel settore orafo, uniamo tradizione e innovazione per proporre gioielli di alta qualit\u00e0 che raccontano storie senza tempo. attilio zanetti IL DESIGNER La passione per l\u2019oreficeria \u00e8 nel DNA di Attilio Zanetti. Tutto ha inizio nel 1956, quando il padre apre la prima gioielleria, dando vita alla grande avventura della famiglia Zanetti nel mondo dei preziosi. Dopo la formazione a Valenza presso l\u2019Istituto d\u2019Arte Orafa Benvenuto Cellini, Attilio consegue una specializzazione in gioielleria e gemmologia, acquisendo competenze tecniche e artistiche che diventano la base della sua carriera di designer. Il suo percorso creativo \u00e8 ricco di progetti e partecipazioni a eventi di settore, con collezioni che hanno catturato l\u2019attenzione dei media nazionali e internazionali. Tra le pi\u00f9 celebri ricordiamo la linea maschile in platino Attila, gli anelli Silver Moon in argento e oro, le linee ForOne ForTwo e Sign in Diamonds: gioielli esclusivi che raccontano una visione unica, capace di unire tradizione e contemporaneit\u00e0. Scopri tutti i nostri prodotti ForOne ForTwo Bracciali in oro, acciaio e diamanti: eleganza che unisce. Scopri di pi\u00f9 Custom Made Gioielli unici, realizzati su misura per raccontare la tua storia. Scopri di pi\u00f9 Masterpieces Icone di stile, pensate per lasciare un segno eterno. Scopri di pi\u00f9 Scopri le nostre uscite press pi\u00f9 iconiche scopri di pi\u00f9<\/p>","protected":false},"author":1,"featured_media":0,"parent":0,"menu_order":0,"comment_status":"closed","ping_status":"closed","template":"","meta":{"_monsterinsights_skip_tracking":false,"_monsterinsights_sitenote_active":false,"_monsterinsights_sitenote_note":"","_monsterinsights_sitenote_category":0,"footnotes":""},"class_list":{"0":"post-107","1":"page","2":"type-page","3":"status-publish","4":"hentry","5":"nt-post-class","6":"","7":"thumb-none","9":"excerpt-none"},"_links":{"self":[{"href":"https:\/\/attiliozanetti.com\/de\/wp-json\/wp\/v2\/pages\/107","targetHints":{"allow":["GET"]}}],"collection":[{"href":"https:\/\/attiliozanetti.com\/de\/wp-json\/wp\/v2\/pages"}],"about":[{"href":"https:\/\/attiliozanetti.com\/de\/wp-json\/wp\/v2\/types\/page"}],"author":[{"embeddable":true,"href":"https:\/\/attiliozanetti.com\/de\/wp-json\/wp\/v2\/users\/1"}],"replies":[{"embeddable":true,"href":"https:\/\/attiliozanetti.com\/de\/wp-json\/wp\/v2\/comments?post=107"}],"version-history":[{"count":206,"href":"https:\/\/attiliozanetti.com\/de\/wp-json\/wp\/v2\/pages\/107\/revisions"}],"predecessor-version":[{"id":16994,"href":"https:\/\/attiliozanetti.com\/de\/wp-json\/wp\/v2\/pages\/107\/revisions\/16994"}],"wp:attachment":[{"href":"https:\/\/attiliozanetti.com\/de\/wp-json\/wp\/v2\/media?parent=107"}],"curies":[{"name":"wp","href":"https:\/\/api.w.org\/{rel}","templated":true}]}}