{"id":10359,"date":"2024-03-11T16:55:49","date_gmt":"2024-03-11T15:55:49","guid":{"rendered":"https:\/\/attiliozanetti.com\/?page_id=10359"},"modified":"2024-03-11T16:55:49","modified_gmt":"2024-03-11T15:55:49","slug":"resi-e-rimborsi","status":"publish","type":"page","link":"https:\/\/attiliozanetti.com\/de\/resi-e-rimborsi\/","title":{"rendered":"R\u00fcckerstattungen"},"content":{"rendered":"<h4 class=\"wp-block-heading\">Informationen zu R\u00fccksendungen und R\u00fcckerstattungen<\/h4>\n\n\n\n<p>Produkte, die f\u00fcr eine R\u00fcckgabe in Frage kommen (wie in den Allgemeinen Verkaufsbedingungen definiert), k\u00f6nnen innerhalb von 14 Kalendertagen nach Erhalt der Produkte zur\u00fcckgegeben werden.&nbsp;<\/p>\n\n\n\n<p>Die Produkte m\u00fcssen per Kurier an das Juweliergesch\u00e4ft \u201eAttilio Zanetti\u201c zur\u00fcckgesandt werden \u2013 <a href=\"https:\/\/www.google.com\/maps\/place\/\/data=!4m2!3m1!1s0x4781edfbd92897e1:0xb1ae7b507240721d?sa=X&amp;ved=2ahUKEwi6sKH2yOyEAxVEcvEDHVTWAAIQ4kB6BAgGEAA\">Piazza Giacomo Matteotti, 40, 37011 Bardolino VR<\/a><\/p>\n\n\n\n<p>Bevor Sie eine R\u00fccksendung vornehmen oder weitere Informationen ben\u00f6tigen, kontaktieren Sie uns bitte per E-Mail oder telefonisch unter den auf der Seite \u201eKontakte\u201c aufgef\u00fchrten Referenzen.<\/p>\n\n\n\n<p>Die Produkte m\u00fcssen im Originalzustand, unver\u00e4ndert, ohne Gebrauchsspuren, in der Originalverpackung und mit angebrachten Originaletiketten, ohne Besch\u00e4digung, mit s\u00e4mtlichem Zubeh\u00f6r, kostenlosen Geschenken (falls vorhanden) und Dokumenten (z. B. Bedienungsanleitung, Produktzertifikate) zur\u00fcckgegeben werden , Garantie) und Schutzh\u00fcllen im Lieferumfang enthalten.<\/p>\n\n\n\n<p>Die R\u00fcckgabe von Produkten, die nicht intakt, ver\u00e4ndert, abgenutzt, besch\u00e4digt oder verschmutzt sind, wird nicht akzeptiert.<\/p>\n\n\n\n<p>Produkte, die speziell auf Wunsch des Kunden personalisiert, ge\u00e4ndert oder angefertigt wurden (Sonderanfertigungen, mit Gravuren, Steinen auf Anfrage, personalisierten Fassungen und zus\u00e4tzlicher Verarbeitung bei Katalogartikeln), k\u00f6nnen nach der Zahlung nicht zur\u00fcckgegeben oder erstattet werden, ebenso wie etwaige Streitigkeiten im Zusammenhang mit der Individualisierung Die Produkte werden einzeln behandelt.\u00a0<\/p>\n\n\n\n<p>Der Kunde tr\u00e4gt die alleinige Verantwortung f\u00fcr etwaige Wertminderungen der Produkte, die auf Manipulationen zur\u00fcckzuf\u00fchren sind, die nicht zur Feststellung der Beschaffenheit, Eigenschaften und Funktionsweise der Produkte selbst erforderlich sind.<\/p>\n\n\n\n<p>Das Recht des Kunden zum R\u00fccktritt\/Stornierung einer Bestellung gem\u00e4\u00df den Allgemeinen Verkaufsbedingungen bleibt davon unber\u00fchrt.<\/p>\n\n\n\n<p>F\u00fcr alle Informationen zu R\u00fcckgaben oder R\u00fcckerstattungen wenden Sie sich bitte an unsere Mitarbeiter unter den Referenzen im Abschnitt \u201eKontakt\u201c.<\/p>","protected":false},"excerpt":{"rendered":"<p>Informativa sui resi e rimborsi I Prodotti che hanno i requisiti per essere resi (come definito nelle Condizioni Generali di Vendita) possono essere restituiti entro 14 giorni di calendario dalla ricezione dei Prodotti.&nbsp; I Prodotti andranno resi mediante spedizione tramite corriere alla Gioielleria &#8220;Attilio Zanetti&#8221; &#8211; Piazza Giacomo Matteotti, 40, 37011 Bardolino VR Prima di eseguire un reso o per qualsiasi informazione invitiamo a contattarci tramite mail o telefonicamente ai riferimenti riportati\u00a0nella pagina &#8220;Contatti&#8221;. Prodotti devono essere restituiti nella loro condizione originale, inalterati, senza segni di usura,&nbsp;nella confezione originale e con le etichette originali attaccate, senza danni,&nbsp;con&nbsp;tutti i relativi accessori, omaggi (se presenti) documenti (es. libretto di istruzioni, certificati di prodotto, garanzia) e custodie protettive incluse. Non sar\u00e0 accettato il reso di Prodotti non integri, alterati, usurati, danneggiati, sporchi. I Prodotti che sono stati personalizzati, modificati o realizzati appositamente\u00a0su richiesta\u00a0del cliente (articoli su misura, con incisioni, pietre su richiesta, incassature personalizzate e qualsiasi lavorazione\u00a0extra su articoli del catalogo)\u00a0 non potranno essere resi o rimborsati a seguito del pagamento, qualsiasi contestazione inerenti a prodotti personalizzati verr\u00e0 gestita singolarmente.\u00a0 Il cliente sar\u00e0 ritenuto responsabile unicamente dell&#8217;eventuale riduzione del valore dei Prodotti derivante dalla manipolazione che non sia necessaria per stabilire la natura, le caratteristiche e il funzionamento dei Prodotti stessi. Quanto sopra descritto non modifica il diritto da parte del cliente di ritirare\/annullare un ordine in conformit\u00e0 con le Condizioni Generali di Vendita. Per qualsiasi informazione relativa a resi o rimborsi contattare il nostro personale ai riferimenti presenti nella sezione Contatti.<\/p>","protected":false},"author":1,"featured_media":0,"parent":0,"menu_order":0,"comment_status":"closed","ping_status":"open","template":"","meta":{"_monsterinsights_skip_tracking":false,"_monsterinsights_sitenote_active":false,"_monsterinsights_sitenote_note":"","_monsterinsights_sitenote_category":0,"footnotes":""},"class_list":{"0":"post-10359","1":"page","2":"type-page","3":"status-publish","4":"hentry","5":"nt-post-class","6":"","7":"thumb-none","9":"excerpt-none"},"_links":{"self":[{"href":"https:\/\/attiliozanetti.com\/de\/wp-json\/wp\/v2\/pages\/10359","targetHints":{"allow":["GET"]}}],"collection":[{"href":"https:\/\/attiliozanetti.com\/de\/wp-json\/wp\/v2\/pages"}],"about":[{"href":"https:\/\/attiliozanetti.com\/de\/wp-json\/wp\/v2\/types\/page"}],"author":[{"embeddable":true,"href":"https:\/\/attiliozanetti.com\/de\/wp-json\/wp\/v2\/users\/1"}],"replies":[{"embeddable":true,"href":"https:\/\/attiliozanetti.com\/de\/wp-json\/wp\/v2\/comments?post=10359"}],"version-history":[{"count":1,"href":"https:\/\/attiliozanetti.com\/de\/wp-json\/wp\/v2\/pages\/10359\/revisions"}],"predecessor-version":[{"id":10360,"href":"https:\/\/attiliozanetti.com\/de\/wp-json\/wp\/v2\/pages\/10359\/revisions\/10360"}],"wp:attachment":[{"href":"https:\/\/attiliozanetti.com\/de\/wp-json\/wp\/v2\/media?parent=10359"}],"curies":[{"name":"wp","href":"https:\/\/api.w.org\/{rel}","templated":true}]}}