{"id":10180,"date":"2024-03-08T17:10:02","date_gmt":"2024-03-08T16:10:02","guid":{"rendered":"https:\/\/attiliozanetti.com\/?page_id=10180"},"modified":"2025-08-19T12:32:56","modified_gmt":"2025-08-19T10:32:56","slug":"signndiamond","status":"publish","type":"page","link":"https:\/\/attiliozanetti.com\/de\/signndiamond\/","title":{"rendered":"Sign in Diamonds"},"content":{"rendered":"<div data-elementor-type=\"wp-page\" data-elementor-id=\"10180\" class=\"elementor elementor-10180\">\n\t\t\t\t<div class=\"gap- elementor-element elementor-element-284378e e-con-full elementor-hidden-tablet elementor-hidden-mobile_extra elementor-hidden-mobile e-flex wpr-particle-no wpr-jarallax-no wpr-parallax-no wpr-sticky-section-no e-con e-parent\" data-id=\"284378e\" data-element_type=\"container\" data-settings=\"{&quot;background_background&quot;:&quot;classic&quot;}\">\n\t\t\t\t<\/div>\n\t\t<div class=\"gap- elementor-element elementor-element-1fed20b e-con-full elementor-hidden-widescreen elementor-hidden-desktop elementor-hidden-laptop elementor-hidden-tablet_extra e-flex wpr-particle-no wpr-jarallax-no wpr-parallax-no wpr-sticky-section-no e-con e-parent\" data-id=\"1fed20b\" data-element_type=\"container\" data-settings=\"{&quot;background_background&quot;:&quot;classic&quot;}\">\n\t\t\t\t<div class=\"elementor-element elementor-element-1e12005 elementor-widget elementor-widget-spacer\" data-id=\"1e12005\" data-element_type=\"widget\" data-widget_type=\"spacer.default\">\n\t\t\t\t<div class=\"elementor-widget-container\">\n\t\t\t\t\t\t\t<div class=\"elementor-spacer\">\n\t\t\t<div class=\"elementor-spacer-inner\"><\/div>\n\t\t<\/div>\n\t\t\t\t\t\t<\/div>\n\t\t\t\t<\/div>\n\t\t\t\t<\/div>\n\t\t<div class=\"gap- elementor-element elementor-element-00a3537 nt-section section-padding e-flex e-con-boxed wpr-particle-no wpr-jarallax-no wpr-parallax-no wpr-sticky-section-no e-con e-parent\" data-id=\"00a3537\" data-element_type=\"container\" id=\"s1\" data-settings=\"{&quot;background_background&quot;:&quot;classic&quot;}\">\n\t\t\t\t\t<div class=\"e-con-inner\">\n\t\t<div class=\"gap- elementor-element elementor-element-63e3a37 e-con-full e-flex wpr-particle-no wpr-jarallax-no wpr-parallax-no wpr-sticky-section-no e-con e-child\" data-id=\"63e3a37\" data-element_type=\"container\">\n\t\t<div class=\"gap- elementor-element elementor-element-7123162 e-con-full e-flex wpr-particle-no wpr-jarallax-no wpr-parallax-no wpr-sticky-section-no e-con e-child\" data-id=\"7123162\" data-element_type=\"container\">\n\t\t<div class=\"gap- elementor-element elementor-element-57fe128 e-con-full e-flex wpr-particle-no wpr-jarallax-no wpr-parallax-no wpr-sticky-section-no e-con e-child\" data-id=\"57fe128\" data-element_type=\"container\">\n\t\t\t\t<div class=\"elementor-element elementor-element-c25b59c elementor-invisible elementor-widget elementor-widget-image\" data-id=\"c25b59c\" data-element_type=\"widget\" data-settings=\"{&quot;_animation&quot;:&quot;slideInUp&quot;}\" data-widget_type=\"image.default\">\n\t\t\t\t<div class=\"elementor-widget-container\">\n\t\t\t\t\t\t\t\t\t\t\t\t\t\t\t<img fetchpriority=\"high\" decoding=\"async\" width=\"768\" height=\"576\" src=\"https:\/\/attiliozanetti.com\/wp-content\/uploads\/2024\/05\/MODELLA-SIGN-IN-DIAMONDS-768x576.jpg\" class=\"elementor-animation-float attachment-medium_large size-medium_large wp-image-10855\" alt=\"\" \/>\t\t\t\t\t\t\t\t\t\t\t\t\t\t\t<\/div>\n\t\t\t\t<\/div>\n\t\t\t\t<\/div>\n\t\t<div class=\"gap- elementor-element elementor-element-abdb227 e-con-full e-flex wpr-particle-no wpr-jarallax-no wpr-parallax-no wpr-sticky-section-no e-con e-child\" data-id=\"abdb227\" data-element_type=\"container\">\n\t\t\t\t<div class=\"elementor-element elementor-element-31ef32c elementor-widget elementor-widget-goldsmith-widget-label\" data-id=\"31ef32c\" data-element_type=\"widget\" data-widget_type=\"goldsmith-widget-label.default\">\n\t\t\t\t<div class=\"elementor-widget-container\">\n\t\t\t\t\t<span class=\"goldsmith-widget-label label-solid label-square label-small goldsmith-label-yellow\">MASSGEFERTIGT VON ATTILIO ZANETTI<\/span>\t\t\t\t<\/div>\n\t\t\t\t<\/div>\n\t\t\t\t<div class=\"elementor-element elementor-element-eeb7ef4 goldsmith-transform transform-type-translate elementor-invisible elementor-widget elementor-widget-heading\" data-id=\"eeb7ef4\" data-element_type=\"widget\" data-settings=\"{&quot;_animation&quot;:&quot;fadeInDown&quot;,&quot;_animation_delay&quot;:400}\" data-widget_type=\"heading.default\">\n\t\t\t\t<div class=\"elementor-widget-container\">\n\t\t\t\t\t<h2 class=\"elementor-heading-title elementor-size-default\">DIAMANTEN EINSCHREIBEN <\/h2>\t\t\t\t<\/div>\n\t\t\t\t<\/div>\n\t\t\t\t<div class=\"elementor-element elementor-element-c9b6458 elementor-widget__width-initial goldsmith-transform transform-type-translate elementor-invisible elementor-widget elementor-widget-heading\" data-id=\"c9b6458\" data-element_type=\"widget\" data-settings=\"{&quot;_animation&quot;:&quot;fadeIn&quot;,&quot;_animation_delay&quot;:600}\" data-widget_type=\"heading.default\">\n\t\t\t\t<div class=\"elementor-widget-container\">\n\t\t\t\t\t<p class=\"elementor-heading-title elementor-size-default\">Ihre Unterschrift in Diamanten.<br>\nErstellen Sie einen einzigartigen, ma\u00dfgeschneiderten, personalisierten Ring oder ein\nArmband mit Ihrer Unterschrift in Ihrer Handschrift in Wei\u00df-, Gelb-, Ros\u00e9-, Schwarzgold und Kombinationen aus schwarzen und wei\u00dfen Diamanten.<br>\nIhre Unterschrift aus Diamanten, eingefu\u0308gt in ein Goldband, oder kontrastierend in einem\nDiamantpav\u00e9.<br><br>\nDie gleiche Linie bietet die M\u00f6glichkeit, personalisierte Ringe mit Ihrem Namen und den\nvon uns ausgew\u00e4hlten Zeichen zu erstellen.<br><br>\nEin pers\u00f6nlicher Luxus, von Ihnen unterzeichnet.<\/p>\t\t\t\t<\/div>\n\t\t\t\t<\/div>\n\t\t\t\t<\/div>\n\t\t\t\t<\/div>\n\t\t<div class=\"gap- elementor-element elementor-element-af76e91 e-con-full e-flex wpr-particle-no wpr-jarallax-no wpr-parallax-no wpr-sticky-section-no e-con e-child\" data-id=\"af76e91\" data-element_type=\"container\">\n\t\t\t\t<div class=\"elementor-element elementor-element-e66ee00 gallery-spacing-custom elementor-widget elementor-widget-image-gallery\" data-id=\"e66ee00\" data-element_type=\"widget\" data-widget_type=\"image-gallery.default\">\n\t\t\t\t<div class=\"elementor-widget-container\">\n\t\t\t\t\t\t\t<div class=\"elementor-image-gallery\">\n\t\t\t\n\t\t<style type=\"text\/css\">\n\t\t\t#gallery-1 {\n\t\t\t\tmargin: auto;\n\t\t\t}\n\t\t\t#gallery-1 .gallery-item {\n\t\t\t\tfloat: left;\n\t\t\t\tmargin-top: 10px;\n\t\t\t\ttext-align: center;\n\t\t\t\twidth: 33%;\n\t\t\t}\n\t\t\t#gallery-1 img {\n\t\t\t\tborder: 2px solid #cfcfcf;\n\t\t\t}\n\t\t\t#gallery-1 .gallery-caption {\n\t\t\t\tmargin-left: 0;\n\t\t\t}\n\t\t\t\/* see gallery_shortcode() in wp-includes\/media.php *\/\n\t\t<\/style>\n\t\t<div id='gallery-1' class='gallery galleryid-10180 gallery-columns-3 gallery-size-full'><dl class='gallery-item'>\n\t\t\t<dt class='gallery-icon landscape'>\n\t\t\t\t<a data-elementor-open-lightbox=\"yes\" data-elementor-lightbox-slideshow=\"e66ee00\" data-elementor-lightbox-title=\"ANELLO 2 WEB\" data-e-action-hash=\"#elementor-action%3Aaction%3Dlightbox%26settings%3DeyJpZCI6MTIzNDIsInVybCI6Imh0dHBzOlwvXC9hdHRpbGlvemFuZXR0aS5jb21cL3dwLWNvbnRlbnRcL3VwbG9hZHNcLzIwMjVcLzAxXC9BTkVMTE8tMi1XRUIuanBnIiwic2xpZGVzaG93IjoiZTY2ZWUwMCJ9\" href='https:\/\/attiliozanetti.com\/wp-content\/uploads\/2025\/01\/ANELLO-2-WEB.jpg'><img decoding=\"async\" width=\"886\" height=\"886\" src=\"https:\/\/attiliozanetti.com\/wp-content\/uploads\/2025\/01\/ANELLO-2-WEB.jpg\" class=\"attachment-full size-full\" alt=\"\" \/><\/a>\n\t\t\t<\/dt><\/dl><dl class='gallery-item'>\n\t\t\t<dt class='gallery-icon landscape'>\n\t\t\t\t<a data-elementor-open-lightbox=\"yes\" data-elementor-lightbox-slideshow=\"e66ee00\" data-elementor-lightbox-title=\"ANELLO 11 WEB\" data-e-action-hash=\"#elementor-action%3Aaction%3Dlightbox%26settings%3DeyJpZCI6MTIzNDMsInVybCI6Imh0dHBzOlwvXC9hdHRpbGlvemFuZXR0aS5jb21cL3dwLWNvbnRlbnRcL3VwbG9hZHNcLzIwMjVcLzAxXC9BTkVMTE8tMTEtV0VCLmpwZyIsInNsaWRlc2hvdyI6ImU2NmVlMDAifQ%3D%3D\" href='https:\/\/attiliozanetti.com\/wp-content\/uploads\/2025\/01\/ANELLO-11-WEB.jpg'><img decoding=\"async\" width=\"886\" height=\"886\" src=\"https:\/\/attiliozanetti.com\/wp-content\/uploads\/2025\/01\/ANELLO-11-WEB.jpg\" class=\"attachment-full size-full\" alt=\"\" \/><\/a>\n\t\t\t<\/dt><\/dl><dl class='gallery-item'>\n\t\t\t<dt class='gallery-icon landscape'>\n\t\t\t\t<a data-elementor-open-lightbox=\"yes\" data-elementor-lightbox-slideshow=\"e66ee00\" data-elementor-lightbox-title=\"ANELLO1 WEB\" data-e-action-hash=\"#elementor-action%3Aaction%3Dlightbox%26settings%3DeyJpZCI6MTIzNDQsInVybCI6Imh0dHBzOlwvXC9hdHRpbGlvemFuZXR0aS5jb21cL3dwLWNvbnRlbnRcL3VwbG9hZHNcLzIwMjVcLzAxXC9BTkVMTE8xLVdFQi5qcGciLCJzbGlkZXNob3ciOiJlNjZlZTAwIn0%3D\" href='https:\/\/attiliozanetti.com\/wp-content\/uploads\/2025\/01\/ANELLO1-WEB.jpg'><img loading=\"lazy\" decoding=\"async\" width=\"886\" height=\"886\" src=\"https:\/\/attiliozanetti.com\/wp-content\/uploads\/2025\/01\/ANELLO1-WEB.jpg\" class=\"attachment-full size-full\" alt=\"\" \/><\/a>\n\t\t\t<\/dt><\/dl><br style=\"clear: both\" \/><dl class='gallery-item'>\n\t\t\t<dt class='gallery-icon landscape'>\n\t\t\t\t<a data-elementor-open-lightbox=\"yes\" data-elementor-lightbox-slideshow=\"e66ee00\" data-elementor-lightbox-title=\"ANELLO3 WEB\" data-e-action-hash=\"#elementor-action%3Aaction%3Dlightbox%26settings%3DeyJpZCI6MTIzNDUsInVybCI6Imh0dHBzOlwvXC9hdHRpbGlvemFuZXR0aS5jb21cL3dwLWNvbnRlbnRcL3VwbG9hZHNcLzIwMjVcLzAxXC9BTkVMTE8zLVdFQi5qcGciLCJzbGlkZXNob3ciOiJlNjZlZTAwIn0%3D\" href='https:\/\/attiliozanetti.com\/wp-content\/uploads\/2025\/01\/ANELLO3-WEB.jpg'><img loading=\"lazy\" decoding=\"async\" width=\"886\" height=\"886\" src=\"https:\/\/attiliozanetti.com\/wp-content\/uploads\/2025\/01\/ANELLO3-WEB.jpg\" class=\"attachment-full size-full\" alt=\"\" \/><\/a>\n\t\t\t<\/dt><\/dl><dl class='gallery-item'>\n\t\t\t<dt class='gallery-icon landscape'>\n\t\t\t\t<a data-elementor-open-lightbox=\"yes\" data-elementor-lightbox-slideshow=\"e66ee00\" data-elementor-lightbox-title=\"ANELLO4 WEB\" data-e-action-hash=\"#elementor-action%3Aaction%3Dlightbox%26settings%3DeyJpZCI6MTIzNDYsInVybCI6Imh0dHBzOlwvXC9hdHRpbGlvemFuZXR0aS5jb21cL3dwLWNvbnRlbnRcL3VwbG9hZHNcLzIwMjVcLzAxXC9BTkVMTE80LVdFQi5qcGciLCJzbGlkZXNob3ciOiJlNjZlZTAwIn0%3D\" href='https:\/\/attiliozanetti.com\/wp-content\/uploads\/2025\/01\/ANELLO4-WEB.jpg'><img loading=\"lazy\" decoding=\"async\" width=\"886\" height=\"886\" src=\"https:\/\/attiliozanetti.com\/wp-content\/uploads\/2025\/01\/ANELLO4-WEB.jpg\" class=\"attachment-full size-full\" alt=\"\" \/><\/a>\n\t\t\t<\/dt><\/dl><dl class='gallery-item'>\n\t\t\t<dt class='gallery-icon landscape'>\n\t\t\t\t<a data-elementor-open-lightbox=\"yes\" data-elementor-lightbox-slideshow=\"e66ee00\" data-elementor-lightbox-title=\"ANELLO5 WEB\" data-e-action-hash=\"#elementor-action%3Aaction%3Dlightbox%26settings%3DeyJpZCI6MTIzNDcsInVybCI6Imh0dHBzOlwvXC9hdHRpbGlvemFuZXR0aS5jb21cL3dwLWNvbnRlbnRcL3VwbG9hZHNcLzIwMjVcLzAxXC9BTkVMTE81LVdFQi5qcGciLCJzbGlkZXNob3ciOiJlNjZlZTAwIn0%3D\" href='https:\/\/attiliozanetti.com\/wp-content\/uploads\/2025\/01\/ANELLO5-WEB.jpg'><img loading=\"lazy\" decoding=\"async\" width=\"886\" height=\"886\" src=\"https:\/\/attiliozanetti.com\/wp-content\/uploads\/2025\/01\/ANELLO5-WEB.jpg\" class=\"attachment-full size-full\" alt=\"\" \/><\/a>\n\t\t\t<\/dt><\/dl><br style=\"clear: both\" \/><dl class='gallery-item'>\n\t\t\t<dt class='gallery-icon landscape'>\n\t\t\t\t<a data-elementor-open-lightbox=\"yes\" data-elementor-lightbox-slideshow=\"e66ee00\" data-elementor-lightbox-title=\"ANELLO6 WEB\" data-e-action-hash=\"#elementor-action%3Aaction%3Dlightbox%26settings%3DeyJpZCI6MTIzNDgsInVybCI6Imh0dHBzOlwvXC9hdHRpbGlvemFuZXR0aS5jb21cL3dwLWNvbnRlbnRcL3VwbG9hZHNcLzIwMjVcLzAxXC9BTkVMTE82LVdFQi5qcGciLCJzbGlkZXNob3ciOiJlNjZlZTAwIn0%3D\" href='https:\/\/attiliozanetti.com\/wp-content\/uploads\/2025\/01\/ANELLO6-WEB.jpg'><img loading=\"lazy\" decoding=\"async\" width=\"886\" height=\"886\" src=\"https:\/\/attiliozanetti.com\/wp-content\/uploads\/2025\/01\/ANELLO6-WEB.jpg\" class=\"attachment-full size-full\" alt=\"\" \/><\/a>\n\t\t\t<\/dt><\/dl><dl class='gallery-item'>\n\t\t\t<dt class='gallery-icon landscape'>\n\t\t\t\t<a data-elementor-open-lightbox=\"yes\" data-elementor-lightbox-slideshow=\"e66ee00\" data-elementor-lightbox-title=\"ANELLO8 WEB\" data-e-action-hash=\"#elementor-action%3Aaction%3Dlightbox%26settings%3DeyJpZCI6MTIzNDksInVybCI6Imh0dHBzOlwvXC9hdHRpbGlvemFuZXR0aS5jb21cL3dwLWNvbnRlbnRcL3VwbG9hZHNcLzIwMjVcLzAxXC9BTkVMTE84LVdFQi5qcGciLCJzbGlkZXNob3ciOiJlNjZlZTAwIn0%3D\" href='https:\/\/attiliozanetti.com\/wp-content\/uploads\/2025\/01\/ANELLO8-WEB.jpg'><img loading=\"lazy\" decoding=\"async\" width=\"886\" height=\"886\" src=\"https:\/\/attiliozanetti.com\/wp-content\/uploads\/2025\/01\/ANELLO8-WEB.jpg\" class=\"attachment-full size-full\" alt=\"\" \/><\/a>\n\t\t\t<\/dt><\/dl><dl class='gallery-item'>\n\t\t\t<dt class='gallery-icon landscape'>\n\t\t\t\t<a data-elementor-open-lightbox=\"yes\" data-elementor-lightbox-slideshow=\"e66ee00\" data-elementor-lightbox-title=\"ANELLO9 WEB\" data-e-action-hash=\"#elementor-action%3Aaction%3Dlightbox%26settings%3DeyJpZCI6MTIzNTAsInVybCI6Imh0dHBzOlwvXC9hdHRpbGlvemFuZXR0aS5jb21cL3dwLWNvbnRlbnRcL3VwbG9hZHNcLzIwMjVcLzAxXC9BTkVMTE85LVdFQi5qcGciLCJzbGlkZXNob3ciOiJlNjZlZTAwIn0%3D\" href='https:\/\/attiliozanetti.com\/wp-content\/uploads\/2025\/01\/ANELLO9-WEB.jpg'><img loading=\"lazy\" decoding=\"async\" width=\"886\" height=\"886\" src=\"https:\/\/attiliozanetti.com\/wp-content\/uploads\/2025\/01\/ANELLO9-WEB.jpg\" class=\"attachment-full size-full\" alt=\"\" \/><\/a>\n\t\t\t<\/dt><\/dl><br style=\"clear: both\" \/><dl class='gallery-item'>\n\t\t\t<dt class='gallery-icon landscape'>\n\t\t\t\t<a data-elementor-open-lightbox=\"yes\" data-elementor-lightbox-slideshow=\"e66ee00\" data-elementor-lightbox-title=\"ANELLO10 WEB\" data-e-action-hash=\"#elementor-action%3Aaction%3Dlightbox%26settings%3DeyJpZCI6MTIzNTEsInVybCI6Imh0dHBzOlwvXC9hdHRpbGlvemFuZXR0aS5jb21cL3dwLWNvbnRlbnRcL3VwbG9hZHNcLzIwMjVcLzAxXC9BTkVMTE8xMC1XRUIuanBnIiwic2xpZGVzaG93IjoiZTY2ZWUwMCJ9\" href='https:\/\/attiliozanetti.com\/wp-content\/uploads\/2025\/01\/ANELLO10-WEB.jpg'><img loading=\"lazy\" decoding=\"async\" width=\"886\" height=\"886\" src=\"https:\/\/attiliozanetti.com\/wp-content\/uploads\/2025\/01\/ANELLO10-WEB.jpg\" class=\"attachment-full size-full\" alt=\"\" \/><\/a>\n\t\t\t<\/dt><\/dl><dl class='gallery-item'>\n\t\t\t<dt class='gallery-icon landscape'>\n\t\t\t\t<a data-elementor-open-lightbox=\"yes\" data-elementor-lightbox-slideshow=\"e66ee00\" data-elementor-lightbox-title=\"ANELLO12 WEB\" data-e-action-hash=\"#elementor-action%3Aaction%3Dlightbox%26settings%3DeyJpZCI6MTIzNTIsInVybCI6Imh0dHBzOlwvXC9hdHRpbGlvemFuZXR0aS5jb21cL3dwLWNvbnRlbnRcL3VwbG9hZHNcLzIwMjVcLzAxXC9BTkVMTE8xMi1XRUIuanBnIiwic2xpZGVzaG93IjoiZTY2ZWUwMCJ9\" href='https:\/\/attiliozanetti.com\/wp-content\/uploads\/2025\/01\/ANELLO12-WEB.jpg'><img loading=\"lazy\" decoding=\"async\" width=\"886\" height=\"886\" src=\"https:\/\/attiliozanetti.com\/wp-content\/uploads\/2025\/01\/ANELLO12-WEB.jpg\" class=\"attachment-full size-full\" alt=\"\" \/><\/a>\n\t\t\t<\/dt><\/dl><dl class='gallery-item'>\n\t\t\t<dt class='gallery-icon landscape'>\n\t\t\t\t<a data-elementor-open-lightbox=\"yes\" data-elementor-lightbox-slideshow=\"e66ee00\" data-elementor-lightbox-title=\"ANELLO13 WEB\" data-e-action-hash=\"#elementor-action%3Aaction%3Dlightbox%26settings%3DeyJpZCI6MTIzNTMsInVybCI6Imh0dHBzOlwvXC9hdHRpbGlvemFuZXR0aS5jb21cL3dwLWNvbnRlbnRcL3VwbG9hZHNcLzIwMjVcLzAxXC9BTkVMTE8xMy1XRUIuanBnIiwic2xpZGVzaG93IjoiZTY2ZWUwMCJ9\" href='https:\/\/attiliozanetti.com\/wp-content\/uploads\/2025\/01\/ANELLO13-WEB.jpg'><img loading=\"lazy\" decoding=\"async\" width=\"886\" height=\"886\" src=\"https:\/\/attiliozanetti.com\/wp-content\/uploads\/2025\/01\/ANELLO13-WEB.jpg\" class=\"attachment-full size-full\" alt=\"\" \/><\/a>\n\t\t\t<\/dt><\/dl><br style=\"clear: both\" \/>\n\t\t<\/div>\n\t\t<\/div>\n\t\t\t\t\t\t<\/div>\n\t\t\t\t<\/div>\n\t\t\t\t<\/div>\n\t\t<div class=\"gap- elementor-element elementor-element-9872324 e-con-full e-flex wpr-particle-no wpr-jarallax-no wpr-parallax-no wpr-sticky-section-no e-con e-child\" data-id=\"9872324\" data-element_type=\"container\">\n\t\t<div class=\"gap- elementor-element elementor-element-4e4e6c6 e-con-full e-flex wpr-particle-no wpr-jarallax-no wpr-parallax-no wpr-sticky-section-no e-con e-child\" data-id=\"4e4e6c6\" data-element_type=\"container\">\n\t\t\t\t<div class=\"elementor-element elementor-element-1512b37 elementor-invisible elementor-widget elementor-widget-image\" data-id=\"1512b37\" data-element_type=\"widget\" data-settings=\"{&quot;_animation&quot;:&quot;slideInUp&quot;}\" data-widget_type=\"image.default\">\n\t\t\t\t<div class=\"elementor-widget-container\">\n\t\t\t\t\t\t\t\t\t\t\t\t\t\t\t<img loading=\"lazy\" decoding=\"async\" width=\"1181\" height=\"1181\" src=\"https:\/\/attiliozanetti.com\/wp-content\/uploads\/2024\/05\/4-ANELLI-TORRE.jpg\" class=\"elementor-animation-float attachment-full size-full wp-image-10856\" alt=\"\" \/>\t\t\t\t\t\t\t\t\t\t\t\t\t\t\t<\/div>\n\t\t\t\t<\/div>\n\t\t\t\t<\/div>\n\t\t<div class=\"gap- elementor-element elementor-element-0b5f62a e-con-full e-flex wpr-particle-no wpr-jarallax-no wpr-parallax-no wpr-sticky-section-no e-con e-child\" data-id=\"0b5f62a\" data-element_type=\"container\">\n\t\t\t\t<div class=\"elementor-element elementor-element-0713f63 elementor-invisible elementor-widget elementor-widget-image\" data-id=\"0713f63\" data-element_type=\"widget\" data-settings=\"{&quot;_animation&quot;:&quot;slideInUp&quot;}\" data-widget_type=\"image.default\">\n\t\t\t\t<div class=\"elementor-widget-container\">\n\t\t\t\t\t\t\t\t\t\t\t\t\t\t\t<img loading=\"lazy\" decoding=\"async\" width=\"1867\" height=\"1867\" src=\"https:\/\/attiliozanetti.com\/wp-content\/uploads\/2024\/06\/bracciale-20x15-1-1.jpg\" class=\"elementor-animation-float attachment-full size-full wp-image-11458\" alt=\"\" \/>\t\t\t\t\t\t\t\t\t\t\t\t\t\t\t<\/div>\n\t\t\t\t<\/div>\n\t\t\t\t<\/div>\n\t\t\t\t<\/div>\n\t\t\t\t<\/div>\n\t\t\t\t\t<\/div>\n\t\t\t\t<\/div>\n\t\t<div class=\"gap- elementor-element elementor-element-ac38e47 e-con-full e-flex wpr-particle-no wpr-jarallax-no wpr-parallax-no wpr-sticky-section-no e-con e-parent\" data-id=\"ac38e47\" data-element_type=\"container\">\n\t\t<div class=\"gap- elementor-element elementor-element-0837763 e-flex e-con-boxed wpr-particle-no wpr-jarallax-no wpr-parallax-no wpr-sticky-section-no e-con e-child\" data-id=\"0837763\" data-element_type=\"container\">\n\t\t\t\t\t<div class=\"e-con-inner\">\n\t\t\t\t<div class=\"elementor-element elementor-element-4a1f04e goldsmith-transform transform-type-translate elementor-widget elementor-widget-heading\" data-id=\"4a1f04e\" data-element_type=\"widget\" data-widget_type=\"heading.default\">\n\t\t\t\t<div class=\"elementor-widget-container\">\n\t\t\t\t\t<h4 class=\"elementor-heading-title elementor-size-default\">KONTAKTIEREN SIE UNS F\u00dcR WEITERE INFORMATIONEN<\/h4>\t\t\t\t<\/div>\n\t\t\t\t<\/div>\n\t\t\t\t<div class=\"elementor-element elementor-element-b0a20be elementor-widget elementor-widget-goldsmith-contact-form-7\" data-id=\"b0a20be\" data-element_type=\"widget\" data-widget_type=\"goldsmith-contact-form-7.default\">\n\t\t\t\t<div class=\"elementor-widget-container\">\n\t\t\t\t\t<div class=\"goldsmith-cf7-form-wrapper form_front\">\n<div class=\"wpcf7 no-js\" id=\"wpcf7-f3146-o1\" lang=\"en-US\" dir=\"ltr\" data-wpcf7-id=\"3146\">\n<div class=\"screen-reader-response\"><p role=\"status\" aria-live=\"polite\" aria-atomic=\"true\"><\/p> <ul><\/ul><\/div>\n<form action=\"\/de\/wp-json\/wp\/v2\/pages\/10180#wpcf7-f3146-o1\" method=\"post\" class=\"wpcf7-form init\" aria-label=\"Kontakt-Formular\" novalidate=\"novalidate\" data-status=\"init\" data-trp-original-action=\"\/de\/wp-json\/wp\/v2\/pages\/10180#wpcf7-f3146-o1\">\n<fieldset class=\"hidden-fields-container\"><input type=\"hidden\" name=\"_wpcf7\" value=\"3146\" \/><input type=\"hidden\" name=\"_wpcf7_version\" value=\"6.1.2\" \/><input type=\"hidden\" name=\"_wpcf7_locale\" value=\"en_US\" \/><input type=\"hidden\" name=\"_wpcf7_unit_tag\" value=\"wpcf7-f3146-o1\" \/><input type=\"hidden\" name=\"_wpcf7_container_post\" value=\"0\" \/><input type=\"hidden\" name=\"_wpcf7_posted_data_hash\" value=\"\" \/><input type=\"hidden\" name=\"_wpcf7_recaptcha_response\" value=\"\" \/>\n<\/fieldset>\n<div class=\"contact-page-1-form-container\">\n\n<label><span class=\"wpcf7-form-control-wrap\" data-name=\"text-204\"><input size=\"40\" maxlength=\"400\" class=\"wpcf7-form-control wpcf7-text wpcf7-validates-as-required\" aria-required=\"true\" aria-invalid=\"false\" placeholder=\"Name und Nachname\" value=\"\" type=\"text\" name=\"text-204\" \/><\/span><\/label>\n<label><span class=\"wpcf7-form-control-wrap\" data-name=\"email-623\"><input size=\"40\" maxlength=\"400\" class=\"wpcf7-form-control wpcf7-email wpcf7-validates-as-required wpcf7-text wpcf7-validates-as-email\" aria-required=\"true\" aria-invalid=\"false\" placeholder=\"E-Mail\" value=\"\" type=\"email\" name=\"email-623\" \/><\/span><\/label>\n<label><span class=\"wpcf7-form-control-wrap\" data-name=\"text-72\"><input size=\"40\" maxlength=\"400\" class=\"wpcf7-form-control wpcf7-text wpcf7-validates-as-required\" aria-required=\"true\" aria-invalid=\"false\" placeholder=\"Objekt\" value=\"\" type=\"text\" name=\"text-72\" \/><\/span><\/label>\n<span class=\"wpcf7-form-control-wrap\" data-name=\"textarea-999\"><textarea cols=\"40\" rows=\"10\" maxlength=\"2000\" class=\"wpcf7-form-control wpcf7-textarea wpcf7-validates-as-required\" aria-required=\"true\" aria-invalid=\"false\" placeholder=\"Nachricht\" name=\"textarea-999\"><\/textarea><\/span>\n<span class=\"wpcf7-form-control-wrap\" data-name=\"acceptance-265\"><span class=\"wpcf7-form-control wpcf7-acceptance\"><span class=\"wpcf7-list-item\"><label><input type=\"checkbox\" name=\"acceptance-265\" value=\"1\" aria-invalid=\"false\" \/><span class=\"wpcf7-list-item-label\"><a href=\"https:\/\/attiliozanetti.com\/de\/privacy-policy\/\" style=\"color:#000\">Datenschutzbestimmungen<\/a><\/span><\/label><\/span><\/span><\/span>\n<button class=\"goldsmith-btn-medium goldsmith-btn goldsmith-bg-white wpcf7-submit\">Schicken<span class=\"loading-wrapper\"><span class=\"ajax-loading\"><\/span><\/span><\/button>\n<\/div><div class=\"wpcf7-response-output\" aria-hidden=\"true\"><\/div>\n<input type=\"hidden\" name=\"trp-form-language\" value=\"de\"\/><\/form>\n<\/div>\n<\/div>\t\t\t\t<\/div>\n\t\t\t\t<\/div>\n\t\t\t\t\t<\/div>\n\t\t\t\t<\/div>\n\t\t\t\t<\/div>\n\t\t<div class=\"gap- elementor-element elementor-element-41d6376 e-con-full e-flex wpr-particle-no wpr-jarallax-no wpr-parallax-no wpr-sticky-section-no e-con e-parent\" data-id=\"41d6376\" data-element_type=\"container\">\n\t\t\t\t<div class=\"elementor-element elementor-element-2467dcf elementor-widget elementor-widget-image\" data-id=\"2467dcf\" data-element_type=\"widget\" data-widget_type=\"image.default\">\n\t\t\t\t<div class=\"elementor-widget-container\">\n\t\t\t\t\t\t\t\t\t\t\t\t\t\t\t<img loading=\"lazy\" decoding=\"async\" width=\"1920\" height=\"660\" src=\"https:\/\/attiliozanetti.com\/wp-content\/uploads\/2024\/05\/FOTO-SEQUENZA-SIGN-IN-DIAMONDS-1.jpg\" class=\"attachment-full size-full wp-image-10863\" alt=\"\" \/>\t\t\t\t\t\t\t\t\t\t\t\t\t\t\t<\/div>\n\t\t\t\t<\/div>\n\t\t\t\t<\/div>\n\t\t\t\t<\/div>","protected":false},"excerpt":{"rendered":"<p>CUSTOM MADE BY ATTILIO ZANETTI SIGN IN DIAMONDS La tua firma in diamanti. Crea un anello o un bracciale unico, su misura, personalizzato con la tua firma riprodotta nella tua grafia in oro bianco, giallo, rosa, nero e in combinazioni di diamanti bianchi e neri. La tua firma in diamanti inserita in una fascia d&#8217;oro, oppure scritta in contrasto in un pav\u00e8 di diamanti. La stessa linea prevede la possibilit\u00e0 di realizzare con caratteri scelti da noi anelli personalizzati con il tuo nome. Un lusso personale, firmato da te. CONTATTACI PER MAGGIORI INFORMAZIONI Privacy Policy Invia<\/p>","protected":false},"author":1,"featured_media":0,"parent":0,"menu_order":0,"comment_status":"closed","ping_status":"closed","template":"","meta":{"_monsterinsights_skip_tracking":false,"_monsterinsights_sitenote_active":false,"_monsterinsights_sitenote_note":"","_monsterinsights_sitenote_category":0,"footnotes":""},"class_list":{"0":"post-10180","1":"page","2":"type-page","3":"status-publish","4":"hentry","5":"nt-post-class","6":"","7":"thumb-none","9":"excerpt-none"},"_links":{"self":[{"href":"https:\/\/attiliozanetti.com\/de\/wp-json\/wp\/v2\/pages\/10180","targetHints":{"allow":["GET"]}}],"collection":[{"href":"https:\/\/attiliozanetti.com\/de\/wp-json\/wp\/v2\/pages"}],"about":[{"href":"https:\/\/attiliozanetti.com\/de\/wp-json\/wp\/v2\/types\/page"}],"author":[{"embeddable":true,"href":"https:\/\/attiliozanetti.com\/de\/wp-json\/wp\/v2\/users\/1"}],"replies":[{"embeddable":true,"href":"https:\/\/attiliozanetti.com\/de\/wp-json\/wp\/v2\/comments?post=10180"}],"version-history":[{"count":45,"href":"https:\/\/attiliozanetti.com\/de\/wp-json\/wp\/v2\/pages\/10180\/revisions"}],"predecessor-version":[{"id":15388,"href":"https:\/\/attiliozanetti.com\/de\/wp-json\/wp\/v2\/pages\/10180\/revisions\/15388"}],"wp:attachment":[{"href":"https:\/\/attiliozanetti.com\/de\/wp-json\/wp\/v2\/media?parent=10180"}],"curies":[{"name":"wp","href":"https:\/\/api.w.org\/{rel}","templated":true}]}}