{"id":10106,"date":"2024-03-08T11:55:21","date_gmt":"2024-03-08T10:55:21","guid":{"rendered":"https:\/\/attiliozanetti.com\/?page_id=10106"},"modified":"2025-11-06T10:12:45","modified_gmt":"2025-11-06T09:12:45","slug":"custom-made","status":"publish","type":"page","link":"https:\/\/attiliozanetti.com\/de\/custom-made\/","title":{"rendered":"Sonderanfertigung"},"content":{"rendered":"<div data-elementor-type=\"wp-page\" data-elementor-id=\"10106\" class=\"elementor elementor-10106\">\n\t\t\t\t<div class=\"gap- elementor-element elementor-element-4e99abe e-con-full elementor-hidden-tablet elementor-hidden-mobile_extra elementor-hidden-mobile e-flex wpr-particle-no wpr-jarallax-no wpr-parallax-no wpr-sticky-section-no e-con e-parent\" data-id=\"4e99abe\" data-element_type=\"container\" data-settings=\"{&quot;background_background&quot;:&quot;classic&quot;}\">\n\t\t\t\t<\/div>\n\t\t<div class=\"gap- elementor-element elementor-element-6128ecf e-con-full elementor-hidden-widescreen elementor-hidden-desktop elementor-hidden-laptop elementor-hidden-tablet_extra e-flex wpr-particle-no wpr-jarallax-no wpr-parallax-no wpr-sticky-section-no e-con e-parent\" data-id=\"6128ecf\" data-element_type=\"container\" data-settings=\"{&quot;background_background&quot;:&quot;classic&quot;}\">\n\t\t\t\t<div class=\"elementor-element elementor-element-c48e2d3 elementor-widget elementor-widget-spacer\" data-id=\"c48e2d3\" data-element_type=\"widget\" data-widget_type=\"spacer.default\">\n\t\t\t\t<div class=\"elementor-widget-container\">\n\t\t\t\t\t\t\t<div class=\"elementor-spacer\">\n\t\t\t<div class=\"elementor-spacer-inner\"><\/div>\n\t\t<\/div>\n\t\t\t\t\t\t<\/div>\n\t\t\t\t<\/div>\n\t\t\t\t<\/div>\n\t\t<div class=\"gap- elementor-element elementor-element-00a3537 nt-section section-padding e-flex e-con-boxed wpr-particle-no wpr-jarallax-no wpr-parallax-no wpr-sticky-section-no e-con e-parent\" data-id=\"00a3537\" data-element_type=\"container\" id=\"s1\" data-settings=\"{&quot;background_background&quot;:&quot;classic&quot;}\">\n\t\t\t\t\t<div class=\"e-con-inner\">\n\t\t<div class=\"gap- elementor-element elementor-element-63e3a37 e-con-full e-flex wpr-particle-no wpr-jarallax-no wpr-parallax-no wpr-sticky-section-no e-con e-child\" data-id=\"63e3a37\" data-element_type=\"container\">\n\t\t<div class=\"gap- elementor-element elementor-element-7123162 e-con-full e-flex wpr-particle-no wpr-jarallax-no wpr-parallax-no wpr-sticky-section-no e-con e-child\" data-id=\"7123162\" data-element_type=\"container\">\n\t\t<div class=\"gap- elementor-element elementor-element-57fe128 e-con-full e-flex wpr-particle-no wpr-jarallax-no wpr-parallax-no wpr-sticky-section-no e-con e-child\" data-id=\"57fe128\" data-element_type=\"container\">\n\t\t\t\t<div class=\"elementor-element elementor-element-c25b59c elementor-invisible elementor-widget elementor-widget-image\" data-id=\"c25b59c\" data-element_type=\"widget\" data-settings=\"{&quot;_animation&quot;:&quot;slideInUp&quot;}\" data-widget_type=\"image.default\">\n\t\t\t\t<div class=\"elementor-widget-container\">\n\t\t\t\t\t\t\t\t\t\t\t\t\t\t\t<img fetchpriority=\"high\" decoding=\"async\" width=\"768\" height=\"512\" src=\"https:\/\/attiliozanetti.com\/wp-content\/uploads\/2024\/05\/IMG_5125-768x512.jpg\" class=\"elementor-animation-float attachment-medium_large size-medium_large wp-image-10747\" alt=\"\" \/>\t\t\t\t\t\t\t\t\t\t\t\t\t\t\t<\/div>\n\t\t\t\t<\/div>\n\t\t\t\t<\/div>\n\t\t<div class=\"gap- elementor-element elementor-element-abdb227 e-con-full e-flex wpr-particle-no wpr-jarallax-no wpr-parallax-no wpr-sticky-section-no e-con e-child\" data-id=\"abdb227\" data-element_type=\"container\">\n\t\t\t\t<div class=\"elementor-element elementor-element-31ef32c elementor-widget elementor-widget-goldsmith-widget-label\" data-id=\"31ef32c\" data-element_type=\"widget\" data-widget_type=\"goldsmith-widget-label.default\">\n\t\t\t\t<div class=\"elementor-widget-container\">\n\t\t\t\t\t<span class=\"goldsmith-widget-label label-solid label-square label-small goldsmith-label-yellow\">MASSGEFERTIGT VON ATTILIO ZANETTI<\/span>\t\t\t\t<\/div>\n\t\t\t\t<\/div>\n\t\t\t\t<div class=\"elementor-element elementor-element-eeb7ef4 goldsmith-transform transform-type-translate elementor-invisible elementor-widget elementor-widget-heading\" data-id=\"eeb7ef4\" data-element_type=\"widget\" data-settings=\"{&quot;_animation&quot;:&quot;fadeInDown&quot;,&quot;_animation_delay&quot;:400}\" data-widget_type=\"heading.default\">\n\t\t\t\t<div class=\"elementor-widget-container\">\n\t\t\t\t\t<h2 class=\"elementor-heading-title elementor-size-default\">MASSGESCHNEIDERT F\u00dcR SIE<\/h2>\t\t\t\t<\/div>\n\t\t\t\t<\/div>\n\t\t\t\t<div class=\"elementor-element elementor-element-c9b6458 elementor-widget__width-initial goldsmith-transform transform-type-translate elementor-invisible elementor-widget elementor-widget-heading\" data-id=\"c9b6458\" data-element_type=\"widget\" data-settings=\"{&quot;_animation&quot;:&quot;fadeIn&quot;,&quot;_animation_delay&quot;:600}\" data-widget_type=\"heading.default\">\n\t\t\t\t<div class=\"elementor-widget-container\">\n\t\t\t\t\t<p class=\"elementor-heading-title elementor-size-default\">Eines der Markenzeichen unseres Ateliers ist der exklusive Service der individuellen Schmuckkreation, um die W\u00fcnsche unserer Kunden in authentische, tragbare Kunstwerke zu verwandeln. <br><br>\nJede Kreation entsteht in einem sorgf\u00e4ltigen Dialog, in dem wir die Bed\u00fcrfnisse und Tr\u00e4ume der Menschen, die zu uns kommen, anh\u00f6ren und sie in ein einzigartiges und unwiederholbares Projekt umsetzen. <br><br>\n\nVon der ersten Entwurfsphase, die mit handwerklicher Sorgfalt verfolgt wird, bis hin zur endg\u00fcltigen Ausf\u00fchrung begleiten wir den Kunden bei jedem Schritt und garantieren Kompetenz, Leidenschaft und \u00fcber Generationen hinweg gefestigtes Goldschmiedewissen. Die Auswahl der besten Materialien, die Genauigkeit der handwerklichen Verarbeitung und die Suche nach einem raffinierten Design verleihen jedem Schmuckst\u00fcck einen Wert, der \u00fcber die \u00c4sthetik hinausgeht: Es wird zu einem intimen Ausdruck von Stil und pers\u00f6nlicher Identit\u00e4t.<br><br>\n\nDiesen Service in Anspruch zu nehmen, bedeutet, auf eine Tradition der Seriosit\u00e4t und des handwerklichen K\u00f6nnens z\u00e4hlen zu k\u00f6nnen, die den Namen Zanetti seit Jahren auszeichnet, und die Gewissheit zu haben, ein einzigartiges Schmuckst\u00fcck zu erhalten, das nach Ma\u00df gefertigt wird und f\u00fcr die Ewigkeit bestimmt ist.<\/p>\t\t\t\t<\/div>\n\t\t\t\t<\/div>\n\t\t\t\t<\/div>\n\t\t\t\t<\/div>\n\t\t\t\t<\/div>\n\t\t\t\t\t<\/div>\n\t\t\t\t<\/div>\n\t\t<div class=\"gap- elementor-element elementor-element-3d41023 e-flex e-con-boxed wpr-particle-no wpr-jarallax-no wpr-parallax-no wpr-sticky-section-no e-con e-parent\" data-id=\"3d41023\" data-element_type=\"container\">\n\t\t\t\t\t<div class=\"e-con-inner\">\n\t\t\t\t<div class=\"elementor-element elementor-element-76c027b elementor-widget elementor-widget-image-gallery\" data-id=\"76c027b\" data-element_type=\"widget\" data-widget_type=\"image-gallery.default\">\n\t\t\t\t<div class=\"elementor-widget-container\">\n\t\t\t\t\t\t\t<div class=\"elementor-image-gallery\">\n\t\t\t\n\t\t<style type=\"text\/css\">\n\t\t\t#gallery-1 {\n\t\t\t\tmargin: auto;\n\t\t\t}\n\t\t\t#gallery-1 .gallery-item {\n\t\t\t\tfloat: left;\n\t\t\t\tmargin-top: 10px;\n\t\t\t\ttext-align: center;\n\t\t\t\twidth: 25%;\n\t\t\t}\n\t\t\t#gallery-1 img {\n\t\t\t\tborder: 2px solid #cfcfcf;\n\t\t\t}\n\t\t\t#gallery-1 .gallery-caption {\n\t\t\t\tmargin-left: 0;\n\t\t\t}\n\t\t\t\/* see gallery_shortcode() in wp-includes\/media.php *\/\n\t\t<\/style>\n\t\t<div id='gallery-1' class='gallery galleryid-10106 gallery-columns-4 gallery-size-2048x2048'><dl class='gallery-item'>\n\t\t\t<dt class='gallery-icon landscape'>\n\t\t\t\t<a  href='https:\/\/attiliozanetti.com\/wp-content\/uploads\/2025\/08\/PROGETTO-2-e1755602453661.jpg'><img decoding=\"async\" width=\"1080\" height=\"1080\" src=\"https:\/\/attiliozanetti.com\/wp-content\/uploads\/2025\/08\/PROGETTO-2-e1755602453661.jpg\" class=\"attachment-2048x2048 size-2048x2048\" alt=\"\" \/><\/a>\n\t\t\t<\/dt><\/dl><dl class='gallery-item'>\n\t\t\t<dt class='gallery-icon portrait'>\n\t\t\t\t<a  href='https:\/\/attiliozanetti.com\/wp-content\/uploads\/2025\/08\/DSC05349-2-e1755602631415.jpg'><img decoding=\"async\" width=\"1399\" height=\"1400\" src=\"https:\/\/attiliozanetti.com\/wp-content\/uploads\/2025\/08\/DSC05349-2-e1755602631415.jpg\" class=\"attachment-2048x2048 size-2048x2048\" alt=\"\" \/><\/a>\n\t\t\t<\/dt><\/dl><dl class='gallery-item'>\n\t\t\t<dt class='gallery-icon landscape'>\n\t\t\t\t<a  href='https:\/\/attiliozanetti.com\/wp-content\/uploads\/2025\/08\/INDOSSATO-e1755602487160.jpg'><img loading=\"lazy\" decoding=\"async\" width=\"1200\" height=\"1200\" src=\"https:\/\/attiliozanetti.com\/wp-content\/uploads\/2025\/08\/INDOSSATO-e1755602487160.jpg\" class=\"attachment-2048x2048 size-2048x2048\" alt=\"\" \/><\/a>\n\t\t\t<\/dt><\/dl><dl class='gallery-item'>\n\t\t\t<dt class='gallery-icon portrait'>\n\t\t\t\t<a  href='https:\/\/attiliozanetti.com\/wp-content\/uploads\/2025\/08\/DSC05347-e1755602467645.jpg'><img loading=\"lazy\" decoding=\"async\" width=\"1388\" height=\"1390\" src=\"https:\/\/attiliozanetti.com\/wp-content\/uploads\/2025\/08\/DSC05347-e1755602467645.jpg\" class=\"attachment-2048x2048 size-2048x2048\" alt=\"\" \/><\/a>\n\t\t\t<\/dt><\/dl><br style=\"clear: both\" \/>\n\t\t<\/div>\n\t\t<\/div>\n\t\t\t\t\t\t<\/div>\n\t\t\t\t<\/div>\n\t\t\t\t\t<\/div>\n\t\t\t\t<\/div>\n\t\t<div class=\"gap- elementor-element elementor-element-5291b0e e-flex e-con-boxed wpr-particle-no wpr-jarallax-no wpr-parallax-no wpr-sticky-section-no e-con e-parent\" data-id=\"5291b0e\" data-element_type=\"container\">\n\t\t\t\t\t<div class=\"e-con-inner\">\n\t\t\t\t<div class=\"elementor-element elementor-element-76c6bb8 elementor-widget elementor-widget-image-gallery\" data-id=\"76c6bb8\" data-element_type=\"widget\" data-widget_type=\"image-gallery.default\">\n\t\t\t\t<div class=\"elementor-widget-container\">\n\t\t\t\t\t\t\t<div class=\"elementor-image-gallery\">\n\t\t\t\n\t\t<style type=\"text\/css\">\n\t\t\t#gallery-2 {\n\t\t\t\tmargin: auto;\n\t\t\t}\n\t\t\t#gallery-2 .gallery-item {\n\t\t\t\tfloat: left;\n\t\t\t\tmargin-top: 10px;\n\t\t\t\ttext-align: center;\n\t\t\t\twidth: 25%;\n\t\t\t}\n\t\t\t#gallery-2 img {\n\t\t\t\tborder: 2px solid #cfcfcf;\n\t\t\t}\n\t\t\t#gallery-2 .gallery-caption {\n\t\t\t\tmargin-left: 0;\n\t\t\t}\n\t\t\t\/* see gallery_shortcode() in wp-includes\/media.php *\/\n\t\t<\/style>\n\t\t<div id='gallery-2' class='gallery galleryid-10106 gallery-columns-4 gallery-size-2048x2048'><dl class='gallery-item'>\n\t\t\t<dt class='gallery-icon portrait'>\n\t\t\t\t<a  href='https:\/\/attiliozanetti.com\/wp-content\/uploads\/2025\/08\/COLLANA-LUCCHETTO-2-scaled-e1755604453846.jpg'><img loading=\"lazy\" decoding=\"async\" width=\"2048\" height=\"2048\" src=\"https:\/\/attiliozanetti.com\/wp-content\/uploads\/2025\/08\/COLLANA-LUCCHETTO-2-scaled-e1755604453846-2048x2048.jpg\" class=\"attachment-2048x2048 size-2048x2048\" alt=\"\" \/><\/a>\n\t\t\t<\/dt><\/dl><dl class='gallery-item'>\n\t\t\t<dt class='gallery-icon landscape'>\n\t\t\t\t<a  href='https:\/\/attiliozanetti.com\/wp-content\/uploads\/2025\/08\/3.png'><img loading=\"lazy\" decoding=\"async\" width=\"1080\" height=\"1080\" src=\"https:\/\/attiliozanetti.com\/wp-content\/uploads\/2025\/08\/3.png\" class=\"attachment-2048x2048 size-2048x2048\" alt=\"\" \/><\/a>\n\t\t\t<\/dt><\/dl><dl class='gallery-item'>\n\t\t\t<dt class='gallery-icon landscape'>\n\t\t\t\t<a  href='https:\/\/attiliozanetti.com\/wp-content\/uploads\/2025\/08\/1.png'><img loading=\"lazy\" decoding=\"async\" width=\"1080\" height=\"1080\" src=\"https:\/\/attiliozanetti.com\/wp-content\/uploads\/2025\/08\/1.png\" class=\"attachment-2048x2048 size-2048x2048\" alt=\"\" \/><\/a>\n\t\t\t<\/dt><\/dl><dl class='gallery-item'>\n\t\t\t<dt class='gallery-icon landscape'>\n\t\t\t\t<a  href='https:\/\/attiliozanetti.com\/wp-content\/uploads\/2025\/08\/COLLANA-LUCCHETTO-3-scaled-e1755604432398.jpg'><img loading=\"lazy\" decoding=\"async\" width=\"2048\" height=\"2048\" src=\"https:\/\/attiliozanetti.com\/wp-content\/uploads\/2025\/08\/COLLANA-LUCCHETTO-3-scaled-e1755604432398-2048x2048.jpg\" class=\"attachment-2048x2048 size-2048x2048\" alt=\"\" \/><\/a>\n\t\t\t<\/dt><\/dl><br style=\"clear: both\" \/>\n\t\t<\/div>\n\t\t<\/div>\n\t\t\t\t\t\t<\/div>\n\t\t\t\t<\/div>\n\t\t\t\t\t<\/div>\n\t\t\t\t<\/div>\n\t\t<div class=\"gap- elementor-element elementor-element-488021e e-flex e-con-boxed wpr-particle-no wpr-jarallax-no wpr-parallax-no wpr-sticky-section-no e-con e-parent\" data-id=\"488021e\" data-element_type=\"container\">\n\t\t\t\t\t<div class=\"e-con-inner\">\n\t\t\t\t<div class=\"elementor-element elementor-element-5f86a1d elementor-widget elementor-widget-image-gallery\" data-id=\"5f86a1d\" data-element_type=\"widget\" data-widget_type=\"image-gallery.default\">\n\t\t\t\t<div class=\"elementor-widget-container\">\n\t\t\t\t\t\t\t<div class=\"elementor-image-gallery\">\n\t\t\t\n\t\t<style type=\"text\/css\">\n\t\t\t#gallery-3 {\n\t\t\t\tmargin: auto;\n\t\t\t}\n\t\t\t#gallery-3 .gallery-item {\n\t\t\t\tfloat: left;\n\t\t\t\tmargin-top: 10px;\n\t\t\t\ttext-align: center;\n\t\t\t\twidth: 25%;\n\t\t\t}\n\t\t\t#gallery-3 img {\n\t\t\t\tborder: 2px solid #cfcfcf;\n\t\t\t}\n\t\t\t#gallery-3 .gallery-caption {\n\t\t\t\tmargin-left: 0;\n\t\t\t}\n\t\t\t\/* see gallery_shortcode() in wp-includes\/media.php *\/\n\t\t<\/style>\n\t\t<div id='gallery-3' class='gallery galleryid-10106 gallery-columns-4 gallery-size-2048x2048'><dl class='gallery-item'>\n\t\t\t<dt class='gallery-icon landscape'>\n\t\t\t\t<a  href='https:\/\/attiliozanetti.com\/wp-content\/uploads\/2025\/11\/4.png'><img loading=\"lazy\" decoding=\"async\" width=\"1080\" height=\"1080\" src=\"https:\/\/attiliozanetti.com\/wp-content\/uploads\/2025\/11\/4.png\" class=\"attachment-2048x2048 size-2048x2048\" alt=\"\" \/><\/a>\n\t\t\t<\/dt><\/dl><dl class='gallery-item'>\n\t\t\t<dt class='gallery-icon landscape'>\n\t\t\t\t<a  href='https:\/\/attiliozanetti.com\/wp-content\/uploads\/2025\/11\/2.png'><img loading=\"lazy\" decoding=\"async\" width=\"1080\" height=\"1080\" src=\"https:\/\/attiliozanetti.com\/wp-content\/uploads\/2025\/11\/2.png\" class=\"attachment-2048x2048 size-2048x2048\" alt=\"\" \/><\/a>\n\t\t\t<\/dt><\/dl><dl class='gallery-item'>\n\t\t\t<dt class='gallery-icon landscape'>\n\t\t\t\t<a  href='https:\/\/attiliozanetti.com\/wp-content\/uploads\/2025\/11\/3.png'><img loading=\"lazy\" decoding=\"async\" width=\"1080\" height=\"1080\" src=\"https:\/\/attiliozanetti.com\/wp-content\/uploads\/2025\/11\/3.png\" class=\"attachment-2048x2048 size-2048x2048\" alt=\"\" \/><\/a>\n\t\t\t<\/dt><\/dl><dl class='gallery-item'>\n\t\t\t<dt class='gallery-icon landscape'>\n\t\t\t\t<a  href='https:\/\/attiliozanetti.com\/wp-content\/uploads\/2025\/11\/1.png'><img loading=\"lazy\" decoding=\"async\" width=\"1080\" height=\"1080\" src=\"https:\/\/attiliozanetti.com\/wp-content\/uploads\/2025\/11\/1.png\" class=\"attachment-2048x2048 size-2048x2048\" alt=\"\" \/><\/a>\n\t\t\t<\/dt><\/dl><br style=\"clear: both\" \/>\n\t\t<\/div>\n\t\t<\/div>\n\t\t\t\t\t\t<\/div>\n\t\t\t\t<\/div>\n\t\t\t\t\t<\/div>\n\t\t\t\t<\/div>\n\t\t<div class=\"gap- elementor-element elementor-element-1441dc7 e-flex e-con-boxed wpr-particle-no wpr-jarallax-no wpr-parallax-no wpr-sticky-section-no e-con e-parent\" data-id=\"1441dc7\" data-element_type=\"container\">\n\t\t\t\t\t<div class=\"e-con-inner\">\n\t\t<div class=\"gap- elementor-element elementor-element-bb9914e e-con-full e-flex wpr-particle-no wpr-jarallax-no wpr-parallax-no wpr-sticky-section-no e-con e-child\" data-id=\"bb9914e\" data-element_type=\"container\">\n\t\t\t\t<div class=\"elementor-element elementor-element-511d6e3 goldsmith-transform transform-type-translate elementor-widget elementor-widget-heading\" data-id=\"511d6e3\" data-element_type=\"widget\" data-widget_type=\"heading.default\">\n\t\t\t\t<div class=\"elementor-widget-container\">\n\t\t\t\t\t<h4 class=\"elementor-heading-title elementor-size-default\">KONTAKTIEREN SIE UNS F\u00dcR WEITERE INFORMATIONEN<\/h4>\t\t\t\t<\/div>\n\t\t\t\t<\/div>\n\t\t\t\t<div class=\"elementor-element elementor-element-3bd5f1a elementor-widget elementor-widget-goldsmith-contact-form-7\" data-id=\"3bd5f1a\" data-element_type=\"widget\" data-widget_type=\"goldsmith-contact-form-7.default\">\n\t\t\t\t<div class=\"elementor-widget-container\">\n\t\t\t\t\t<div class=\"goldsmith-cf7-form-wrapper form_front\">\n<div class=\"wpcf7 no-js\" id=\"wpcf7-f3146-o1\" lang=\"en-US\" dir=\"ltr\" data-wpcf7-id=\"3146\">\n<div class=\"screen-reader-response\"><p role=\"status\" aria-live=\"polite\" aria-atomic=\"true\"><\/p> <ul><\/ul><\/div>\n<form action=\"\/de\/wp-json\/wp\/v2\/pages\/10106#wpcf7-f3146-o1\" method=\"post\" class=\"wpcf7-form init\" aria-label=\"Kontakt-Formular\" novalidate=\"novalidate\" data-status=\"init\" data-trp-original-action=\"\/de\/wp-json\/wp\/v2\/pages\/10106#wpcf7-f3146-o1\">\n<fieldset class=\"hidden-fields-container\"><input type=\"hidden\" name=\"_wpcf7\" value=\"3146\" \/><input type=\"hidden\" name=\"_wpcf7_version\" value=\"6.1.2\" \/><input type=\"hidden\" name=\"_wpcf7_locale\" value=\"en_US\" \/><input type=\"hidden\" name=\"_wpcf7_unit_tag\" value=\"wpcf7-f3146-o1\" \/><input type=\"hidden\" name=\"_wpcf7_container_post\" value=\"0\" \/><input type=\"hidden\" name=\"_wpcf7_posted_data_hash\" value=\"\" \/><input type=\"hidden\" name=\"_wpcf7_recaptcha_response\" value=\"\" \/>\n<\/fieldset>\n<div class=\"contact-page-1-form-container\">\n\n<label><span class=\"wpcf7-form-control-wrap\" data-name=\"text-204\"><input size=\"40\" maxlength=\"400\" class=\"wpcf7-form-control wpcf7-text wpcf7-validates-as-required\" aria-required=\"true\" aria-invalid=\"false\" placeholder=\"Name und Nachname\" value=\"\" type=\"text\" name=\"text-204\" \/><\/span><\/label>\n<label><span class=\"wpcf7-form-control-wrap\" data-name=\"email-623\"><input size=\"40\" maxlength=\"400\" class=\"wpcf7-form-control wpcf7-email wpcf7-validates-as-required wpcf7-text wpcf7-validates-as-email\" aria-required=\"true\" aria-invalid=\"false\" placeholder=\"E-Mail\" value=\"\" type=\"email\" name=\"email-623\" \/><\/span><\/label>\n<label><span class=\"wpcf7-form-control-wrap\" data-name=\"text-72\"><input size=\"40\" maxlength=\"400\" class=\"wpcf7-form-control wpcf7-text wpcf7-validates-as-required\" aria-required=\"true\" aria-invalid=\"false\" placeholder=\"Objekt\" value=\"\" type=\"text\" name=\"text-72\" \/><\/span><\/label>\n<span class=\"wpcf7-form-control-wrap\" data-name=\"textarea-999\"><textarea cols=\"40\" rows=\"10\" maxlength=\"2000\" class=\"wpcf7-form-control wpcf7-textarea wpcf7-validates-as-required\" aria-required=\"true\" aria-invalid=\"false\" placeholder=\"Nachricht\" name=\"textarea-999\"><\/textarea><\/span>\n<span class=\"wpcf7-form-control-wrap\" data-name=\"acceptance-265\"><span class=\"wpcf7-form-control wpcf7-acceptance\"><span class=\"wpcf7-list-item\"><label><input type=\"checkbox\" name=\"acceptance-265\" value=\"1\" aria-invalid=\"false\" \/><span class=\"wpcf7-list-item-label\"><a href=\"https:\/\/attiliozanetti.com\/de\/privacy-policy\/\" style=\"color:#000\">Datenschutzbestimmungen<\/a><\/span><\/label><\/span><\/span><\/span>\n<button class=\"goldsmith-btn-medium goldsmith-btn goldsmith-bg-white wpcf7-submit\">Schicken<span class=\"loading-wrapper\"><span class=\"ajax-loading\"><\/span><\/span><\/button>\n<\/div><div class=\"wpcf7-response-output\" aria-hidden=\"true\"><\/div>\n<input type=\"hidden\" name=\"trp-form-language\" value=\"de\"\/><\/form>\n<\/div>\n<\/div>\t\t\t\t<\/div>\n\t\t\t\t<\/div>\n\t\t\t\t<\/div>\n\t\t\t\t\t<\/div>\n\t\t\t\t<\/div>\n\t\t\t\t<\/div>","protected":false},"excerpt":{"rendered":"<p>CUSTOM MADE BY ATTILIO ZANETTI SU MISURA PER TE Uno dei tratti distintivi del nostro Atelier \u00e8 l\u2019esclusivo servizio di creazione di gioielli personalizzati, pensato per trasformare i desideri dei clienti in autentiche opere d\u2019arte da indossare. Ogni creazione prende vita da un dialogo attento, in cui ascoltiamo le esigenze e i sogni di chi si rivolge a noi, traducendoli in un progetto unico e irripetibile. Dalla fase di progettazione iniziale, seguita con cura artigianale, fino alla realizzazione finale, accompagniamo il cliente in ogni passaggio, garantendo competenza, passione e un sapere orafo consolidato da generazioni. La scelta dei materiali pi\u00f9 pregiati, l\u2019accuratezza delle lavorazioni artigianali e la ricerca di un design raffinato conferiscono a ciascun gioiello un valore che va oltre l\u2019estetica: diventa espressione intima di stile e identit\u00e0 personale. Affidarsi a questo servizio significa poter contare su una tradizione di seriet\u00e0 e maestria che da anni contraddistingue il nome Zanetti, con la certezza di ricevere un gioiello unico, creato su misura e destinato a durare nel tempo. CONTATTACI PER MAGGIORI INFORMAZIONI Privacy Policy Invia<\/p>","protected":false},"author":1,"featured_media":0,"parent":0,"menu_order":0,"comment_status":"closed","ping_status":"closed","template":"","meta":{"_monsterinsights_skip_tracking":false,"_monsterinsights_sitenote_active":false,"_monsterinsights_sitenote_note":"","_monsterinsights_sitenote_category":0,"footnotes":""},"class_list":{"0":"post-10106","1":"page","2":"type-page","3":"status-publish","4":"hentry","5":"nt-post-class","6":"","7":"thumb-none","9":"excerpt-none"},"_links":{"self":[{"href":"https:\/\/attiliozanetti.com\/de\/wp-json\/wp\/v2\/pages\/10106","targetHints":{"allow":["GET"]}}],"collection":[{"href":"https:\/\/attiliozanetti.com\/de\/wp-json\/wp\/v2\/pages"}],"about":[{"href":"https:\/\/attiliozanetti.com\/de\/wp-json\/wp\/v2\/types\/page"}],"author":[{"embeddable":true,"href":"https:\/\/attiliozanetti.com\/de\/wp-json\/wp\/v2\/users\/1"}],"replies":[{"embeddable":true,"href":"https:\/\/attiliozanetti.com\/de\/wp-json\/wp\/v2\/comments?post=10106"}],"version-history":[{"count":88,"href":"https:\/\/attiliozanetti.com\/de\/wp-json\/wp\/v2\/pages\/10106\/revisions"}],"predecessor-version":[{"id":17222,"href":"https:\/\/attiliozanetti.com\/de\/wp-json\/wp\/v2\/pages\/10106\/revisions\/17222"}],"wp:attachment":[{"href":"https:\/\/attiliozanetti.com\/de\/wp-json\/wp\/v2\/media?parent=10106"}],"curies":[{"name":"wp","href":"https:\/\/api.w.org\/{rel}","templated":true}]}}